{"id":101883,"date":"2026-04-09T14:43:41","date_gmt":"2026-04-09T12:43:41","guid":{"rendered":"https:\/\/popcards.nl\/?post_type=product&#038;p=101883"},"modified":"2026-05-14T08:57:29","modified_gmt":"2026-05-14T06:57:29","slug":"blaue-und-goldene-blumen-flatyz-flache-kerze","status":"publish","type":"product","link":"https:\/\/popcards.nl\/de\/product\/blauwe-en-gouden-bloemen-flatyz-platte-kaars\/","title":{"rendered":"Funkelnde blaue und goldene Blumen | FLATYZ Flachkerze \u2013 einzigartiges handbemaltes Geschenk"},"content":{"rendered":"<h2>Pop-up-Karten? Pop-up-Kerzen! \ud83d\ude09<\/h2>\n<p>Die flache Kerze FLATYZ \u2013 Sparkling Blue &amp; Gold Flowers ist ein einzigartiges Designgeschenk, das sofort ins Auge f\u00e4llt. <strong>handbemalte Kerze<\/strong> das Atmosph\u00e4re und Design in einem besonderen Objekt vereint.<\/p>\n<p>Verleihen Sie Ihrem Zuhause mit dieser eleganten Kerze einen Hauch von Luxus. Die flache Designerkerze mit ihren handbemalten, leuchtend blauen Dahlien und funkelnden Goldakzenten ist ein echter Blickfang. Sie sieht nicht nur wundersch\u00f6n aus, sie strahlt! \u2728 Auch perfekt als festliches Weihnachtsgeschenk.<\/p>\n<p>Jede FLATYZ-Flachkerze wird in Litauen von erfahrenen Kunsthandwerkern handgegossen und handbemalt. Keine Massenproduktion, nur Handwerkskunst. <strong>Dadurch wird jedes Exemplar einzigartig<\/strong>.<\/p>\n<p>Die flache Form mit zwei Dochten ist einzigartig. Ein weiterer Vorteil: Die verpackte Kerze kann einfach in Ihren Briefkasten geliefert werden. Sie ist rauch- und geruchsneutral, tropft nicht und erlischt von selbst, wenn sie fast leer ist. Dank des doppelten Baumwolldochts brennt sie gleichm\u00e4\u00dfig ab. Der Metallfu\u00df sorgt f\u00fcr sicheren Stand.<\/p>\n<p>Eine stilvolle Bereicherung f\u00fcr Ihr Zuhause und gleichzeitig ein originelles, k\u00fcnstlerisches Geschenk, das Sie verschenken oder idealerweise per Post versenden k\u00f6nnen. Sie erhalten eine Gru\u00dfkarte f\u00fcr eine pers\u00f6nliche Nachricht und ein ganzes Set. <strong>sch\u00f6ne Geschenkverpackung<\/strong>.<\/p>\n<div id=\"attachment_99801\" style=\"width: 258px\" class=\"wp-caption alignright\"><img decoding=\"async\" aria-describedby=\"caption-attachment-99801\" class=\"wp-image-99801\" src=\"https:\/\/popcards.nl\/wp-content\/uploads\/2026\/02\/kaars-met-verpakking-verticaal-248x300.jpg\" alt=\"\" width=\"248\" height=\"300\" title=\"\" srcset=\"https:\/\/popcards.nl\/wp-content\/uploads\/2026\/02\/kaars-met-verpakking-verticaal-248x300.jpg 248w, https:\/\/popcards.nl\/wp-content\/uploads\/2026\/02\/kaars-met-verpakking-verticaal-992x1200.jpg 992w, https:\/\/popcards.nl\/wp-content\/uploads\/2026\/02\/kaars-met-verpakking-verticaal-768x929.jpg 768w, https:\/\/popcards.nl\/wp-content\/uploads\/2026\/02\/kaars-met-verpakking-verticaal-10x12.jpg 10w, https:\/\/popcards.nl\/wp-content\/uploads\/2026\/02\/kaars-met-verpakking-verticaal-583x705.jpg 583w, https:\/\/popcards.nl\/wp-content\/uploads\/2026\/02\/kaars-met-verpakking-verticaal-450x544.jpg 450w, https:\/\/popcards.nl\/wp-content\/uploads\/2026\/02\/kaars-met-verpakking-verticaal-600x726.jpg 600w, https:\/\/popcards.nl\/wp-content\/uploads\/2026\/02\/kaars-met-verpakking-verticaal-300x363.jpg 300w, https:\/\/popcards.nl\/wp-content\/uploads\/2026\/02\/kaars-met-verpakking-verticaal.jpg 1154w\" sizes=\"(max-width: 248px) 100vw, 248px\" \/><p id=\"caption-attachment-99801\" class=\"wp-caption-text\">Inklusive Gru\u00dfkarte und Geschenkverpackung<\/p><\/div>\n<ul>\n<li>Handgefertigt und handbemalt<\/li>\n<li>Einzigartiges, flaches Design (patentiert)<\/li>\n<li>Rauchfrei, geruchlos und tropffrei<\/li>\n<li>Doppelte Sicherung, selbstverl\u00f6schend<\/li>\n<li>Inklusive stabilem Stahlsockel<\/li>\n<li>Abmessungen: 15 cm x 6,1 cm x 1 cm<\/li>\n<li>Brenndauer: 3-4 Stunden<\/li>\n<li>Geeignet f\u00fcr den Versand per Briefpost<\/li>\n<li>Enth\u00e4lt eine Karte f\u00fcr eine pers\u00f6nliche Nachricht<\/li>\n<li>Inklusive einer sch\u00f6nen Geschenkbox<\/li>\n<\/ul>","protected":false},"excerpt":{"rendered":"<p>Popcards? Popkaars! \ud83d\ude09 De FLATYZ platte kaars \u2013 Schitterende Blauwe &amp; Gouden Bloemen is een uniek designcadeau dat direct in het oog springt. Een handbeschilderde kaars die sfeer en design combineert in \u00e9\u00e9n bijzonder object. Verlicht je interieur met een meesterwerk. Deze platte designkaars is een ware eye-catcher met zijn met de hand geschilderde, levendige [&hellip;]<\/p>\n","protected":false},"featured_media":101863,"comment_status":"open","ping_status":"closed","template":"","meta":{"_iconic_wsb_product_page_order_bump_ids":[[]],"_sku":["4805388568014"],"_iconic_wsb_product_page_bump_modal_ids":[[]]},"product_brand":[],"product_cat":[289,79],"product_tag":[290],"class_list":{"0":"post-101883","1":"product","2":"type-product","3":"status-publish","4":"has-post-thumbnail","6":"product_cat-flatyz-handbeschilderde-platte-kaarsen","7":"product_cat-de-top-10-mooiste-kerstkaarten","8":"product_tag-flatyz-platte-kaars","10":"first","11":"instock","12":"taxable","13":"shipping-taxable","14":"purchasable","15":"product-type-simple"},"gallery_images":[98597,99797,98587],"_links":{"self":[{"href":"https:\/\/popcards.nl\/de\/wp-json\/wp\/v2\/product\/101883","targetHints":{"allow":["GET"]}}],"collection":[{"href":"https:\/\/popcards.nl\/de\/wp-json\/wp\/v2\/product"}],"about":[{"href":"https:\/\/popcards.nl\/de\/wp-json\/wp\/v2\/types\/product"}],"replies":[{"embeddable":true,"href":"https:\/\/popcards.nl\/de\/wp-json\/wp\/v2\/comments?post=101883"}],"wp:featuredmedia":[{"embeddable":true,"href":"https:\/\/popcards.nl\/de\/wp-json\/wp\/v2\/media\/101863"}],"wp:attachment":[{"href":"https:\/\/popcards.nl\/de\/wp-json\/wp\/v2\/media?parent=101883"}],"wp:term":[{"taxonomy":"product_brand","embeddable":true,"href":"https:\/\/popcards.nl\/de\/wp-json\/wp\/v2\/product_brand?post=101883"},{"taxonomy":"product_cat","embeddable":true,"href":"https:\/\/popcards.nl\/de\/wp-json\/wp\/v2\/product_cat?post=101883"},{"taxonomy":"product_tag","embeddable":true,"href":"https:\/\/popcards.nl\/de\/wp-json\/wp\/v2\/product_tag?post=101883"}],"curies":[{"name":"wp","href":"https:\/\/api.w.org\/{rel}","templated":true}]}}