{"id":1129,"date":"2019-03-11T23:17:09","date_gmt":"2019-03-11T22:17:09","guid":{"rendered":"https:\/\/popcards.nl\/?post_type=product&#038;p=1129"},"modified":"2026-05-12T11:42:27","modified_gmt":"2026-05-12T09:42:27","slug":"schmetterling-auf-gelber-blume","status":"publish","type":"product","link":"https:\/\/popcards.nl\/de\/product\/vlinder-op-gele-bloem-pop-up-wenskaart\/","title":{"rendered":"Sch\u00f6ner Schmetterling auf gelber Blumen-Popup-Gru\u00dfkarte"},"content":{"rendered":"<p>Sch\u00f6ner blauer gro\u00dfer Schmetterling auf gelber Blume, eine eindrucksvolle \u00dcberraschungskarte.<\/p>\n<p>Kartengr\u00f6\u00dfe 24 \u00d7 17 cm, gefaltet auf 12 \u00d7 17 cm.<br \/>\nInklusive passendem Blanko-Umschlag, verpackt in Cellophant\u00fcte.<\/p>","protected":false},"excerpt":{"rendered":"<p>Sch\u00f6ner blauer gro\u00dfer Schmetterling auf gelber Blume, eine eindrucksvolle \u00dcberraschungskarte. Kartengr\u00f6\u00dfe 24 \u00d7 17 cm, gefaltet auf 12 \u00d7 17 cm. Inklusive passendem Blanko-Umschlag, verpackt in Cellophant\u00fcte.<\/p>","protected":false},"featured_media":3976,"comment_status":"open","ping_status":"closed","template":"","meta":{"_iconic_wsb_product_page_order_bump_ids":[[]],"_sku":["8945005026834"],"_iconic_wsb_product_page_bump_modal_ids":[[]]},"product_brand":[],"product_cat":[47,78,21,34,27,32,28],"product_tag":[48,83,247],"class_list":{"0":"post-1129","1":"product","2":"type-product","3":"status-publish","4":"has-post-thumbnail","6":"product_cat-bloemen-bloemenkaarten-wenskaarten","7":"product_cat-beterschapskaarten-troostkaarten-condoleancekaarten","8":"product_cat-dieren-dierenkaarten-wenskaarten","9":"product_cat-felicitatie-verjaardag-verjaardagskaarten","10":"product_cat-liefde-liefdeskaarten-valentijnskaarten","11":"product_cat-nieuwe-woning-verhuizing-verhuiskaart","12":"product_cat-trouwen-samenwonen-trouwkaarten","13":"product_tag-bloemen","14":"product_tag-valentijn","15":"product_tag-vlinder","16":"pa_brand-popcards","18":"first","19":"instock","20":"taxable","21":"shipping-taxable","22":"purchasable","23":"product-type-simple"},"gallery_images":[1105,86370],"_links":{"self":[{"href":"https:\/\/popcards.nl\/de\/wp-json\/wp\/v2\/product\/1129","targetHints":{"allow":["GET"]}}],"collection":[{"href":"https:\/\/popcards.nl\/de\/wp-json\/wp\/v2\/product"}],"about":[{"href":"https:\/\/popcards.nl\/de\/wp-json\/wp\/v2\/types\/product"}],"replies":[{"embeddable":true,"href":"https:\/\/popcards.nl\/de\/wp-json\/wp\/v2\/comments?post=1129"}],"wp:featuredmedia":[{"embeddable":true,"href":"https:\/\/popcards.nl\/de\/wp-json\/wp\/v2\/media\/3976"}],"wp:attachment":[{"href":"https:\/\/popcards.nl\/de\/wp-json\/wp\/v2\/media?parent=1129"}],"wp:term":[{"taxonomy":"product_brand","embeddable":true,"href":"https:\/\/popcards.nl\/de\/wp-json\/wp\/v2\/product_brand?post=1129"},{"taxonomy":"product_cat","embeddable":true,"href":"https:\/\/popcards.nl\/de\/wp-json\/wp\/v2\/product_cat?post=1129"},{"taxonomy":"product_tag","embeddable":true,"href":"https:\/\/popcards.nl\/de\/wp-json\/wp\/v2\/product_tag?post=1129"}],"curies":[{"name":"wp","href":"https:\/\/api.w.org\/{rel}","templated":true}]}}