{"id":1131,"date":"2019-03-11T23:30:12","date_gmt":"2019-03-11T22:30:12","guid":{"rendered":"https:\/\/popcards.nl\/?post_type=product&#038;p=1131"},"modified":"2026-04-16T16:17:12","modified_gmt":"2026-04-16T14:17:12","slug":"champagner-weinglas-jubilaum","status":"publish","type":"product","link":"https:\/\/popcards.nl\/de\/product\/champagne-wijn-glas-jubileum\/","title":{"rendered":"Pop-up-Karte zum Jubil\u00e4um des neuen Jahres der Champagnerflasche Weinglas"},"content":{"rendered":"<p><span data-mce-type=\"bookmark\" style=\"display: inline-block; width: 0px; overflow: hidden; line-height: 0;\" class=\"mce_SELRES_start\"><\/span>K\u00f6stlicher Wein mit Luftblasen, eine Flasche <a href=\"https:\/\/nl.wikipedia.org\/wiki\/Champagne_(wijn)\" target=\"_blank\" rel=\"noopener noreferrer\">Champagner<\/a>. Beim \u00d6ffnen dieser festlichen, goldfarbenen Sektkarte kommt beim Beschenkten sofort gute Laune auf. Lassen Sie die Korken dieser Champagnerflasche knallen! Sch\u00f6n f\u00fcr Silvester, aber auch f\u00fcr ein Jubil\u00e4um oder andere festliche Anl\u00e4sse. <a href=\"https:\/\/popcards.nl\/de\/karte\/weinflasche-prost-einladung-abendessen-gruskarte\/\">Haben Sie auch unsere andere Gru\u00dfkarte mit einer Flasche Wein gesehen?<\/a> <a href=\"https:\/\/popcards.nl\/de\/karte\/bier-beifall-beifall-krug-bier-gruskarte\/\">Und nat\u00fcrlich k\u00f6nnen Sie auch auf Bier ansto\u00dfen!<\/a><\/p>\n<p>Kartengr\u00f6\u00dfe 12 \u00d7 34 cm, gefaltet auf 12 \u00d7 17 cm.<br \/>\nInklusive passendem Blanko-Umschlag, verpackt in Cellophant\u00fcte.<\/p>","protected":false},"excerpt":{"rendered":"<p>\ufeffHeerlijke wijn met bubbels, een fles champagne. De ontvanger komt meteen in een vrolijke stemming bij het openen van deze feestelijke goudkleurige champagnekaart. Laat de kurk maar knallen van deze champagnefles! Leuk voor Oudjaar\/Nieuwjaar, maar ook voor een jubileum of andere feestelijke gebeurtenis. Heeft u ook onze andere wenskaart met fles wijn gezien? En proosten [&hellip;]<\/p>\n","protected":false},"featured_media":96203,"comment_status":"open","ping_status":"closed","template":"","meta":{"_iconic_wsb_product_page_order_bump_ids":[[]],"_sku":["8945005026926"],"_iconic_wsb_product_page_bump_modal_ids":[[]]},"product_brand":[],"product_cat":[57,34,79,27],"product_tag":[112,131,239,241],"class_list":{"0":"post-1131","1":"product","2":"type-product","3":"status-publish","4":"has-post-thumbnail","6":"product_cat-uitnodigingen-uitnodigingskaarten-verjaardag-jubileum","7":"product_cat-felicitatie-verjaardag-verjaardagskaarten","8":"product_cat-de-top-10-mooiste-kerstkaarten","9":"product_cat-liefde-liefdeskaarten-valentijnskaarten","10":"product_tag-geslaagd","11":"product_tag-kerst","12":"product_tag-nieuwjaar","13":"product_tag-proost","14":"pa_brand-popcards","16":"first","17":"instock","18":"taxable","19":"shipping-taxable","20":"purchasable","21":"product-type-simple"},"gallery_images":[75506],"_links":{"self":[{"href":"https:\/\/popcards.nl\/de\/wp-json\/wp\/v2\/product\/1131","targetHints":{"allow":["GET"]}}],"collection":[{"href":"https:\/\/popcards.nl\/de\/wp-json\/wp\/v2\/product"}],"about":[{"href":"https:\/\/popcards.nl\/de\/wp-json\/wp\/v2\/types\/product"}],"replies":[{"embeddable":true,"href":"https:\/\/popcards.nl\/de\/wp-json\/wp\/v2\/comments?post=1131"}],"wp:featuredmedia":[{"embeddable":true,"href":"https:\/\/popcards.nl\/de\/wp-json\/wp\/v2\/media\/96203"}],"wp:attachment":[{"href":"https:\/\/popcards.nl\/de\/wp-json\/wp\/v2\/media?parent=1131"}],"wp:term":[{"taxonomy":"product_brand","embeddable":true,"href":"https:\/\/popcards.nl\/de\/wp-json\/wp\/v2\/product_brand?post=1131"},{"taxonomy":"product_cat","embeddable":true,"href":"https:\/\/popcards.nl\/de\/wp-json\/wp\/v2\/product_cat?post=1131"},{"taxonomy":"product_tag","embeddable":true,"href":"https:\/\/popcards.nl\/de\/wp-json\/wp\/v2\/product_tag?post=1131"}],"curies":[{"name":"wp","href":"https:\/\/api.w.org\/{rel}","templated":true}]}}