{"id":1147,"date":"2019-03-12T08:40:19","date_gmt":"2019-03-12T07:40:19","guid":{"rendered":"https:\/\/popcards.nl\/?post_type=product&#038;p=1147"},"modified":"2026-04-02T21:26:33","modified_gmt":"2026-04-02T19:26:33","slug":"pferde-im-galopp","status":"publish","type":"product","link":"https:\/\/popcards.nl\/de\/product\/paarden-in-galop-pop-up-wenskaart\/","title":{"rendered":"Pop-Up-Karte mit galoppierenden Pferden Gru\u00dfkarte"},"content":{"rendered":"<p>Geschmackvolle Komposition von nicht weniger als 8 galoppierenden Pferden. \u201eGemeinsam auf dem richtigen Weg.\u201c Und eine tolle Karte, wenn Sie Pferde m\u00f6gen.<\/p>\n<div class=\"\">Der Bezug hat ein sch\u00f6nes Holzrelief, das auch ertastet werden kann. Ganz besonders und gut geeignet f\u00fcr die sch\u00f6ne lasergeschnittene Pferdeillustration.<\/div>\n<p>Kartengr\u00f6\u00dfe 29 \u00d7 18 cm, gefaltet auf 14,5 \u00d7 18 cm.<br \/>\nInklusive passendem Blanko-Umschlag, verpackt in Cellophant\u00fcte.<\/p>","protected":false},"excerpt":{"rendered":"<p>Smaakvolle compositie van maar liefst 8 galopperende paarden. \u201cSamen op de goede weg.\u201d En een prachtige kaart als je van paarden houdt. De cover heeft een fraai hout reli\u00ebf wat ook voelbaar is. Heel bijzonder en goed passend bij de mooie met laser uitgesneden paard illustratie. Kaartformaat 29\u00d718 cm, gevouwen tot 14,5\u00d718 cm. Inclusief bijpassende [&hellip;]<\/p>\n","protected":false},"featured_media":34252,"comment_status":"open","ping_status":"closed","template":"","meta":{"_iconic_wsb_product_page_order_bump_ids":[[]],"_sku":["8945005026872"],"_iconic_wsb_product_page_bump_modal_ids":[[]]},"product_brand":[],"product_cat":[21,34,57],"product_tag":[132,136],"class_list":{"0":"post-1147","1":"product","2":"type-product","3":"status-publish","4":"has-post-thumbnail","6":"product_cat-dieren-dierenkaarten-wenskaarten","7":"product_cat-felicitatie-verjaardag-verjaardagskaarten","8":"product_cat-uitnodigingen-uitnodigingskaarten-verjaardag-jubileum","9":"product_tag-dier","10":"product_tag-paarden","11":"pa_brand-popcards","13":"first","14":"instock","15":"taxable","16":"shipping-taxable","17":"purchasable","18":"product-type-simple"},"gallery_images":[86445],"_links":{"self":[{"href":"https:\/\/popcards.nl\/de\/wp-json\/wp\/v2\/product\/1147","targetHints":{"allow":["GET"]}}],"collection":[{"href":"https:\/\/popcards.nl\/de\/wp-json\/wp\/v2\/product"}],"about":[{"href":"https:\/\/popcards.nl\/de\/wp-json\/wp\/v2\/types\/product"}],"replies":[{"embeddable":true,"href":"https:\/\/popcards.nl\/de\/wp-json\/wp\/v2\/comments?post=1147"}],"wp:featuredmedia":[{"embeddable":true,"href":"https:\/\/popcards.nl\/de\/wp-json\/wp\/v2\/media\/34252"}],"wp:attachment":[{"href":"https:\/\/popcards.nl\/de\/wp-json\/wp\/v2\/media?parent=1147"}],"wp:term":[{"taxonomy":"product_brand","embeddable":true,"href":"https:\/\/popcards.nl\/de\/wp-json\/wp\/v2\/product_brand?post=1147"},{"taxonomy":"product_cat","embeddable":true,"href":"https:\/\/popcards.nl\/de\/wp-json\/wp\/v2\/product_cat?post=1147"},{"taxonomy":"product_tag","embeddable":true,"href":"https:\/\/popcards.nl\/de\/wp-json\/wp\/v2\/product_tag?post=1147"}],"curies":[{"name":"wp","href":"https:\/\/api.w.org\/{rel}","templated":true}]}}