{"id":13157,"date":"2020-03-04T17:04:53","date_gmt":"2020-03-04T16:04:53","guid":{"rendered":"https:\/\/popcards.nl\/?post_type=product&#038;p=13157"},"modified":"2026-04-06T19:05:07","modified_gmt":"2026-04-06T17:05:07","slug":"sakura-kirschblute-mit-tanzenden-schmetterlingen","status":"publish","type":"product","link":"https:\/\/popcards.nl\/de\/product\/sakura-kersenbloesem-met-dansende-vlinders\/","title":{"rendered":"Sakura Kirschbl\u00fcte mit tanzenden Schmetterlingen"},"content":{"rendered":"<p>Die sch\u00f6ne Kirschbl\u00fcte war in Japan schon immer ein Symbol f\u00fcr Sch\u00f6nheit. Eine sehr s\u00fc\u00dfe rosa-wei\u00dfe durchsichtige 3D-Karte mit vielen rosa Blumen, in denen 2 Schmetterlinge &quot;fliegen&quot;. Separates freistehendes Modell mit einer separaten Karte &quot;f\u00fcr Sie&quot;, auf die Sie einen Text schreiben k\u00f6nnen.<\/p>\n<p>Eine sehr sch\u00f6ne Karte auch f\u00fcr Muttertag, Ihren Valentinstag oder Ihren Geliebten!<\/p>\n<p>Kartengr\u00f6\u00dfe flach 15 \u00d7 10 cm, ausgeklappt 10x10x4 cm. Inklusive passendem goldfarbenem Umschlag. Verpackt in einem Zellophanbeutel.<\/p>\n<p><a href=\"https:\/\/en.wikipedia.org\/wiki\/Cherry_blossom\" target=\"_blank\" rel=\"noopener noreferrer\">Weitere Informationen zur Sakura?<\/a><\/p>","protected":false},"excerpt":{"rendered":"<p>De prachtige kersenbloesem is in Japan altijd een symbool geweest van de schoonheid. Een heel lieve roze-witte doorkijk 3D kaart met veel roze bloemen waarin 2 vlindertjes \u2018vliegen\u2019. Apart vrijstaand model, met een los kaartje \u201cfor you\u201d waarop je een tekst kan schrijven. Een hele mooie kaart ook voor Moederdag, je Valentijn of je geliefde! [&hellip;]<\/p>\n","protected":false},"featured_media":13147,"comment_status":"open","ping_status":"closed","template":"","meta":{"_iconic_wsb_product_page_order_bump_ids":[[]],"_sku":["8945005027459"],"_iconic_wsb_product_page_bump_modal_ids":[[]]},"product_brand":[],"product_cat":[27,47,57],"product_tag":[238],"class_list":{"0":"post-13157","1":"product","2":"type-product","3":"status-publish","4":"has-post-thumbnail","6":"product_cat-liefde-liefdeskaarten-valentijnskaarten","7":"product_cat-bloemen-bloemenkaarten-wenskaarten","8":"product_cat-uitnodigingen-uitnodigingskaarten-verjaardag-jubileum","9":"product_tag-sakura","10":"pa_brand-popcards","12":"first","13":"instock","14":"taxable","15":"shipping-taxable","16":"purchasable","17":"product-type-simple"},"gallery_images":[13146,85949],"_links":{"self":[{"href":"https:\/\/popcards.nl\/de\/wp-json\/wp\/v2\/product\/13157","targetHints":{"allow":["GET"]}}],"collection":[{"href":"https:\/\/popcards.nl\/de\/wp-json\/wp\/v2\/product"}],"about":[{"href":"https:\/\/popcards.nl\/de\/wp-json\/wp\/v2\/types\/product"}],"replies":[{"embeddable":true,"href":"https:\/\/popcards.nl\/de\/wp-json\/wp\/v2\/comments?post=13157"}],"wp:featuredmedia":[{"embeddable":true,"href":"https:\/\/popcards.nl\/de\/wp-json\/wp\/v2\/media\/13147"}],"wp:attachment":[{"href":"https:\/\/popcards.nl\/de\/wp-json\/wp\/v2\/media?parent=13157"}],"wp:term":[{"taxonomy":"product_brand","embeddable":true,"href":"https:\/\/popcards.nl\/de\/wp-json\/wp\/v2\/product_brand?post=13157"},{"taxonomy":"product_cat","embeddable":true,"href":"https:\/\/popcards.nl\/de\/wp-json\/wp\/v2\/product_cat?post=13157"},{"taxonomy":"product_tag","embeddable":true,"href":"https:\/\/popcards.nl\/de\/wp-json\/wp\/v2\/product_tag?post=13157"}],"curies":[{"name":"wp","href":"https:\/\/api.w.org\/{rel}","templated":true}]}}