{"id":13159,"date":"2020-03-04T17:11:02","date_gmt":"2020-03-04T16:11:02","guid":{"rendered":"https:\/\/popcards.nl\/?post_type=product&#038;p=13159"},"modified":"2026-01-09T11:35:16","modified_gmt":"2026-01-09T10:35:16","slug":"lilie-blumenstraus-blumen-pop-up-karte-gruskarte","status":"publish","type":"product","link":"https:\/\/popcards.nl\/de\/product\/lelie-boeket-bloemen-pop-up-kaart-wenskaart\/","title":{"rendered":"Gro\u00dfer Strau\u00df mit Lilien Popup-Gru\u00dfkartenblumen"},"content":{"rendered":"<p>Eine beeindruckende gro\u00dfe Blumenkarte. Mattes gl\u00e4nzendes Rosa auf der Au\u00dfenseite mit einem sch\u00f6nen Ausschnitt und wenn Sie die Karte \u00f6ffnen, erscheint ein wundersch\u00f6ner Strau\u00df Lilienblumen. Dekoriert in einer wundersch\u00f6nen Vase mit Schleife und stimmungsvoller Blumenillustration. Eine Blume kann so festlich sein. Wir haben auch einen Strau\u00df Sonnenblumen und einen Strau\u00df Magnolien. F\u00fcr wenn Sie Abwechslung m\u00f6gen.<\/p>\n<p><a href=\"https:\/\/popcards.nl\/de\/kategorie\/blumen-gruskarten\/\">Hast du unsere anderen Blumenkarten gesehen?<\/a><\/p>\n<p>Gro\u00dfe Kartengr\u00f6\u00dfe 30 \u00d7 20 cm, gefaltet auf 15 \u00d7 20 cm.<br \/>\nInklusive passendem goldfarbenem Umschlag. Verpackt in einem Zellophanbeutel.<\/p>","protected":false},"excerpt":{"rendered":"<p>Een imposant grote bloemenkaart. Matglanzend roze aan de buitenkant met fraaie uitsnede en als je de kaart openslaat springt er een prachtig boeket Lelie bloemen op. In mooie vaas, met een strik en sfeervolle bloemenillustratie versierd. Zo feestelijk kan een bloemetje zijn. We hebben ook nog een boeket Zonnebloemen en een boeket Magnolia\u2019s. Voor als [&hellip;]<\/p>\n","protected":false},"featured_media":13151,"comment_status":"open","ping_status":"closed","template":"","meta":{"_iconic_wsb_product_page_order_bump_ids":[],"_sku":["8945005027381"],"_iconic_wsb_product_page_bump_modal_ids":[]},"product_brand":[],"product_cat":[47,78,34,27,32,57],"product_tag":[48],"class_list":{"0":"post-13159","1":"product","2":"type-product","3":"status-publish","4":"has-post-thumbnail","6":"product_cat-bloemen-bloemenkaarten-wenskaarten","7":"product_cat-beterschapskaarten-troostkaarten-condoleancekaarten","8":"product_cat-felicitatie-verjaardag-verjaardagskaarten","9":"product_cat-liefde-liefdeskaarten-valentijnskaarten","10":"product_cat-nieuwe-woning-verhuizing-verhuiskaart","11":"product_cat-uitnodigingen-uitnodigingskaarten-verjaardag-jubileum","12":"product_tag-bloemen","13":"pa_brand-popcards","15":"first","16":"outofstock","17":"sale","18":"taxable","19":"shipping-taxable","20":"purchasable","21":"product-type-simple"},"gallery_images":[],"_links":{"self":[{"href":"https:\/\/popcards.nl\/de\/wp-json\/wp\/v2\/product\/13159","targetHints":{"allow":["GET"]}}],"collection":[{"href":"https:\/\/popcards.nl\/de\/wp-json\/wp\/v2\/product"}],"about":[{"href":"https:\/\/popcards.nl\/de\/wp-json\/wp\/v2\/types\/product"}],"replies":[{"embeddable":true,"href":"https:\/\/popcards.nl\/de\/wp-json\/wp\/v2\/comments?post=13159"}],"wp:featuredmedia":[{"embeddable":true,"href":"https:\/\/popcards.nl\/de\/wp-json\/wp\/v2\/media\/13151"}],"wp:attachment":[{"href":"https:\/\/popcards.nl\/de\/wp-json\/wp\/v2\/media?parent=13159"}],"wp:term":[{"taxonomy":"product_brand","embeddable":true,"href":"https:\/\/popcards.nl\/de\/wp-json\/wp\/v2\/product_brand?post=13159"},{"taxonomy":"product_cat","embeddable":true,"href":"https:\/\/popcards.nl\/de\/wp-json\/wp\/v2\/product_cat?post=13159"},{"taxonomy":"product_tag","embeddable":true,"href":"https:\/\/popcards.nl\/de\/wp-json\/wp\/v2\/product_tag?post=13159"}],"curies":[{"name":"wp","href":"https:\/\/api.w.org\/{rel}","templated":true}]}}