{"id":13163,"date":"2020-03-04T17:23:55","date_gmt":"2020-03-04T16:23:55","guid":{"rendered":"https:\/\/popcards.nl\/?post_type=product&#038;p=13163"},"modified":"2026-03-09T17:02:32","modified_gmt":"2026-03-09T16:02:32","slug":"karte-fur-muttertag-muttertagskarte-mutter","status":"publish","type":"product","link":"https:\/\/popcards.nl\/de\/product\/kaart-voor-moederdag-moederdagkaart-moeder\/","title":{"rendered":"Muttertag! Pop-up Muttertagskarte f\u00fcr die s\u00fc\u00dfeste Mutter"},"content":{"rendered":"<p>Ich liebe Mama. Ich liebe meine Mutter. Am Sonntag 8. Mai ist es soweit: <a href=\"https:\/\/en.wikipedia.org\/wiki\/Mother%27s_Day\" target=\"_blank\" rel=\"noopener noreferrer\">Muttertag<\/a>\u2020 Wenn Sie diese Karte also bis Freitag, den 6. Mai abschicken, haben Sie gute Chancen, Ihre Mutter angenehm zu \u00fcberraschen. Noch mehr Spa\u00df macht es, wenn du diese Karte am 8. Mai pers\u00f6nlich deiner Mutter \u00fcberreichst. <a href=\"https:\/\/popcards.nl\/de\/karte\/lilie-blumenstraus-blumen-pop-up-karte-gruskarte\/\">Mit einer unserer Blumenkarten da?<\/a> \u00dcberrasche Mutter!<\/p>\n<p>Haben Sie auch unser anderes Special? <a href=\"https:\/\/popcards.nl\/de\/karte\/muttertag-3d-muttertagskarte-die-liebste-mutter\/\">Muttertagskarte<\/a> gesehen?<\/p>\n<p>Kartengr\u00f6\u00dfe 26 \u00d7 15,5 cm, gefaltet auf 13 \u00d7 15,5 cm.<br \/>\nInklusive passendem goldfarbenem Umschlag. Verpackt in einem Zellophanbeutel.<\/p>\n<h3>Geschichte des Muttertags<\/h3>\n<p>Die Geschichte des Muttertags beginnt in den Vereinigten Staaten. Anna Jarvis (1864 - 1948), eine Lehrerin aus Philadelphia, begann 1914 mit dem Muttertag. Sie bewunderte ihre eigene Mutter und die Rolle, die M\u00fctter in der Gesellschaft spielten. Als ihre eigene Mutter 1905 am ersten Sonntag im Mai starb, organisierte sie im folgenden Jahr am ersten Sonntag nach dem Todestag ihrer Mutter einen allgemeinen Gedenktag aller M\u00fctter. Sie wollte dann jedes Jahr einen Ehrentag f\u00fcr M\u00fctter organisieren. 1914 gelang es ihr, den Muttertag zum offiziellen Feiertag zu machen.<\/p>","protected":false},"excerpt":{"rendered":"<p>I love Mom. Ik hou van mijn moeder. Op zondag 8 mei is het zo ver: Moederdag. Dus als je deze kaart uiterlijk vrijdag 6 mei op de post doet, heb je een goede kans dat je je moeder blij verrast. N\u00f3g leuker is het als je op 8 mei deze kaart persoonlijk aan je [&hellip;]<\/p>\n","protected":false},"featured_media":13149,"comment_status":"open","ping_status":"closed","template":"","meta":{"_iconic_wsb_product_page_order_bump_ids":[],"_sku":["8945005027411"],"_iconic_wsb_product_page_bump_modal_ids":[]},"product_brand":[],"product_cat":[34],"product_tag":[127],"class_list":{"0":"post-13163","1":"product","2":"type-product","3":"status-publish","4":"has-post-thumbnail","6":"product_cat-felicitatie-verjaardag-verjaardagskaarten","7":"product_tag-moederdag","8":"pa_brand-popcards","10":"first","11":"instock","12":"sale","13":"taxable","14":"shipping-taxable","15":"purchasable","16":"product-type-simple"},"gallery_images":[],"_links":{"self":[{"href":"https:\/\/popcards.nl\/de\/wp-json\/wp\/v2\/product\/13163","targetHints":{"allow":["GET"]}}],"collection":[{"href":"https:\/\/popcards.nl\/de\/wp-json\/wp\/v2\/product"}],"about":[{"href":"https:\/\/popcards.nl\/de\/wp-json\/wp\/v2\/types\/product"}],"replies":[{"embeddable":true,"href":"https:\/\/popcards.nl\/de\/wp-json\/wp\/v2\/comments?post=13163"}],"wp:featuredmedia":[{"embeddable":true,"href":"https:\/\/popcards.nl\/de\/wp-json\/wp\/v2\/media\/13149"}],"wp:attachment":[{"href":"https:\/\/popcards.nl\/de\/wp-json\/wp\/v2\/media?parent=13163"}],"wp:term":[{"taxonomy":"product_brand","embeddable":true,"href":"https:\/\/popcards.nl\/de\/wp-json\/wp\/v2\/product_brand?post=13163"},{"taxonomy":"product_cat","embeddable":true,"href":"https:\/\/popcards.nl\/de\/wp-json\/wp\/v2\/product_cat?post=13163"},{"taxonomy":"product_tag","embeddable":true,"href":"https:\/\/popcards.nl\/de\/wp-json\/wp\/v2\/product_tag?post=13163"}],"curies":[{"name":"wp","href":"https:\/\/api.w.org\/{rel}","templated":true}]}}