{"id":13164,"date":"2020-03-04T17:25:59","date_gmt":"2020-03-04T16:25:59","guid":{"rendered":"https:\/\/popcards.nl\/?post_type=product&#038;p=13164"},"modified":"2025-10-19T15:12:59","modified_gmt":"2025-10-19T13:12:59","slug":"festliche-geburtstagstorte-geburtstagskarte","status":"publish","type":"product","link":"https:\/\/popcards.nl\/de\/product\/feestelijke-verjaardagstaart-verjaardagskaart\/","title":{"rendered":"Festliche bunte Geburtstagstorte - Geburtstagskarte"},"content":{"rendered":"<p>Die Vorder- und R\u00fcckseite dieser sch\u00f6nen Karte zeigen atmosph\u00e4rische Illustrationen in Pastellt\u00f6nen. Und wenn Sie das Men\u00fc \u00f6ffnen ... \u00f6ffnet sich vor Ihren Augen eine bunte Prozession festlicher K\u00f6stlichkeiten. Eine Augenweide, eine \u00dcberraschung, die der Empf\u00e4nger nie vergessen wird. Es gibt eine zus\u00e4tzliche Karte, um Ihre Gl\u00fcckw\u00fcnsche zu schreiben, damit die Karte selbst sch\u00f6n bleibt. Und diese Geburtstagstorte ist auch kalorienarm!<\/p>\n<p><a href=\"https:\/\/popcards.nl\/de\/karte\/frohlicher-bunter-kuchen-mit-clown-und-elefanten\/\">Hast du auch unsere andere Geburtstagskarte mit Kuchen gesehen?<\/a><\/p>\n<p>Kartenformat 24 \u00d7 16 cm, gefaltet 12 \u00d7 16 cm.<br \/>\nInklusive passendem rosa Umschlag. Verpackt in einem Zellophanbeutel.<\/p>","protected":false},"excerpt":{"rendered":"<p>De voor- en achterzijde van deze fraaie kaart tonen sfeervolle illustraties in pasteltinten. En als je de kaart opendoet\u2026\u00a0 een bonte stoet feestelijke heerlijkheden opent zich voor je ogen. Een lust voor het oog, een verrassing die de ontvanger nooit meer vergeet. Er zit een extra kaartje bij om je felicitaties op te schrijven, zodat [&hellip;]<\/p>\n","protected":false},"featured_media":13153,"comment_status":"open","ping_status":"closed","template":"","meta":{"_iconic_wsb_product_page_order_bump_ids":[[]],"_sku":["8945005027435"],"_iconic_wsb_product_page_bump_modal_ids":[[]]},"product_brand":[],"product_cat":[34,57],"product_tag":[246,137],"class_list":{"0":"post-13164","1":"product","2":"type-product","3":"status-publish","4":"has-post-thumbnail","6":"product_cat-felicitatie-verjaardag-verjaardagskaarten","7":"product_cat-uitnodigingen-uitnodigingskaarten-verjaardag-jubileum","8":"product_tag-taart","9":"product_tag-verjaardag","10":"pa_brand-popcards","12":"first","13":"outofstock","14":"taxable","15":"shipping-taxable","16":"purchasable","17":"product-type-simple"},"gallery_images":[13152,70873],"_links":{"self":[{"href":"https:\/\/popcards.nl\/de\/wp-json\/wp\/v2\/product\/13164","targetHints":{"allow":["GET"]}}],"collection":[{"href":"https:\/\/popcards.nl\/de\/wp-json\/wp\/v2\/product"}],"about":[{"href":"https:\/\/popcards.nl\/de\/wp-json\/wp\/v2\/types\/product"}],"replies":[{"embeddable":true,"href":"https:\/\/popcards.nl\/de\/wp-json\/wp\/v2\/comments?post=13164"}],"wp:featuredmedia":[{"embeddable":true,"href":"https:\/\/popcards.nl\/de\/wp-json\/wp\/v2\/media\/13153"}],"wp:attachment":[{"href":"https:\/\/popcards.nl\/de\/wp-json\/wp\/v2\/media?parent=13164"}],"wp:term":[{"taxonomy":"product_brand","embeddable":true,"href":"https:\/\/popcards.nl\/de\/wp-json\/wp\/v2\/product_brand?post=13164"},{"taxonomy":"product_cat","embeddable":true,"href":"https:\/\/popcards.nl\/de\/wp-json\/wp\/v2\/product_cat?post=13164"},{"taxonomy":"product_tag","embeddable":true,"href":"https:\/\/popcards.nl\/de\/wp-json\/wp\/v2\/product_tag?post=13164"}],"curies":[{"name":"wp","href":"https:\/\/api.w.org\/{rel}","templated":true}]}}