{"id":14345,"date":"2020-04-22T22:08:29","date_gmt":"2020-04-22T20:08:29","guid":{"rendered":"https:\/\/popcards.nl\/?post_type=product&#038;p=14345"},"modified":"2026-03-25T17:44:29","modified_gmt":"2026-03-25T16:44:29","slug":"hundeliebhaber-gruskarte-mit-3-niedlichen-hunden-auf-sofa","status":"publish","type":"product","link":"https:\/\/popcards.nl\/de\/product\/hondenliefhebber-wenskaart-met-3-leuke-hondjes-op-sofa\/","title":{"rendered":"Hundeliebhaber? Gru\u00dfkarte mit 3 niedlichen spielenden Hunden auf Sofa"},"content":{"rendered":"<p>Hundeliebhaber? Liebst du Hunde und s\u00fc\u00dfe Welpen? Gru\u00dfkarte mit 3 gem\u00fctlichen Spielhunden, bequem auf dem Sofa. Sie werden jedem Hundeliebhaber viel Spa\u00df damit machen. <a href=\"https:\/\/popcards.nl\/de\/karte\/hondje-in-hondenhok\/\">Haben Sie auch unsere anderen Hundegru\u00dfkarten gesehen?<\/a><\/p>\n<p>Kartengr\u00f6\u00dfe 24 x 17 cm, gefaltet auf 12 x 17 cm.<br \/>\nInklusive passendem Blanko-Umschlag, verpackt in Zellophan.<\/p>\n<p><a href=\"https:\/\/en.wikipedia.org\/wiki\/Dog\" target=\"_blank\" rel=\"noopener noreferrer\">Wussten Sie, dass der wissenschaftliche Name des Hundes &quot;canis familiaris&quot; ist?<\/a><\/p>","protected":false},"excerpt":{"rendered":"<p>Hondenliefhebber? Dol op hondjes en schattige puppy&#8217;s? Wenskaart met 3 gezellige spelende honden, comfortabel op de sofa. Daar doe je elke honden liefhebber een groot plezier mee. Heb je ook onze andere honden wenskaart gezien? Kaartformaat 24 x 17 cm, gevouwen tot 12 x 17 cm. Inclusief bijpassende blanco envelop, verpakt in cellofaan. Wist je [&hellip;]<\/p>\n","protected":false},"featured_media":14319,"comment_status":"open","ping_status":"closed","template":"","meta":{"_iconic_wsb_product_page_order_bump_ids":[[]],"_sku":["8945005027473"],"_iconic_wsb_product_page_bump_modal_ids":[[]]},"product_brand":[],"product_cat":[21,32,57],"product_tag":[135],"class_list":{"0":"post-14345","1":"product","2":"type-product","3":"status-publish","4":"has-post-thumbnail","6":"product_cat-dieren-dierenkaarten-wenskaarten","7":"product_cat-nieuwe-woning-verhuizing-verhuiskaart","8":"product_cat-uitnodigingen-uitnodigingskaarten-verjaardag-jubileum","9":"product_tag-hond","10":"pa_brand-popcards","12":"first","13":"instock","14":"sale","15":"taxable","16":"shipping-taxable","17":"purchasable","18":"product-type-simple"},"gallery_images":[85961],"_links":{"self":[{"href":"https:\/\/popcards.nl\/de\/wp-json\/wp\/v2\/product\/14345","targetHints":{"allow":["GET"]}}],"collection":[{"href":"https:\/\/popcards.nl\/de\/wp-json\/wp\/v2\/product"}],"about":[{"href":"https:\/\/popcards.nl\/de\/wp-json\/wp\/v2\/types\/product"}],"replies":[{"embeddable":true,"href":"https:\/\/popcards.nl\/de\/wp-json\/wp\/v2\/comments?post=14345"}],"wp:featuredmedia":[{"embeddable":true,"href":"https:\/\/popcards.nl\/de\/wp-json\/wp\/v2\/media\/14319"}],"wp:attachment":[{"href":"https:\/\/popcards.nl\/de\/wp-json\/wp\/v2\/media?parent=14345"}],"wp:term":[{"taxonomy":"product_brand","embeddable":true,"href":"https:\/\/popcards.nl\/de\/wp-json\/wp\/v2\/product_brand?post=14345"},{"taxonomy":"product_cat","embeddable":true,"href":"https:\/\/popcards.nl\/de\/wp-json\/wp\/v2\/product_cat?post=14345"},{"taxonomy":"product_tag","embeddable":true,"href":"https:\/\/popcards.nl\/de\/wp-json\/wp\/v2\/product_tag?post=14345"}],"curies":[{"name":"wp","href":"https:\/\/api.w.org\/{rel}","templated":true}]}}