{"id":14387,"date":"2020-04-23T15:20:03","date_gmt":"2020-04-23T13:20:03","guid":{"rendered":"https:\/\/popcards.nl\/?post_type=product&#038;p=14387"},"modified":"2026-04-26T00:15:19","modified_gmt":"2026-04-25T22:15:19","slug":"triceratops-dinosaurier-jurassic-pop-up-karte","status":"publish","type":"product","link":"https:\/\/popcards.nl\/de\/product\/triceratops-dinosaurus-jurassic-pop-up-kaart\/","title":{"rendered":"Jurassic Park-Enthusiast? Triceratops Dinosaurier"},"content":{"rendered":"<p><a href=\"https:\/\/en.wikipedia.org\/wiki\/Triceratops\" target=\"_blank\" rel=\"noopener noreferrer\">Die Triceratops.<\/a> Dieser 9 Meter lange und 13 Tonnen schwere Dinosaurier lebte vor 70 Millionen Jahren und wird in dieser Popkarte wieder lebendig. Eine Karte f\u00fcr den Sammler! <a href=\"https:\/\/popcards.nl\/de\/product-tag\/jurassic-park-2\/\">Wir haben noch mehr Dinosaurier-Popkarten.<\/a><\/p>\n<p>Kartengr\u00f6\u00dfe 24 x 17 cm, gefaltet auf 12 x 17 cm.<br \/>\nInklusive passendem Blanko-Umschlag, verpackt in Zellophan.<\/p>\n<div class=\"only_mobile\"><strong>Angebot<\/strong>: Insgesamt gibt es 5 verschiedene Dinosaurier-Popcards zu bestellen. Bestellen Sie alle 5 und Sie erhalten eine exklusive 6. Dinosaurier-Popcard GRATIS! Au\u00dferdem gilt die Aktion 4+1 gratis, also (mindestens) 2 Popcards als Geschenk. <a href=\"https:\/\/popcards.nl\/de\/einkaufswagen\/?fill_cart=33588,17070,14387,14384,1143\">Klicken Sie hier, um dieses Rabattpaket zu bestellen.<\/a><\/div>\n<h3>Triceratops<\/h3>\n<p>Die Konstruktion dieses Tieres ist aufgrund der vielen Funde bekannt. Es war sehr gro\u00df, mit einem riesigen Kopf, einem kurzen, festen Hals, einem st\u00e4mmigen, schmalen K\u00f6rper und einem kurzen Schwanz. Die Haut war mit Schuppen bedeckt. Auf der R\u00fcckseite des Sch\u00e4dels wuchs ein breiter Beinschild \u00fcber Hals und Schultern. \u00dcber den Augen befanden sich zwei lange H\u00f6rner und ein drittes Horn wurde auf die Nase gelegt. Die schmale Schnauze trug eine scharfe Hornschnur. Es riss B\u00fcsche aus dem Boden, die von scharfen Reihen kleiner Z\u00e4hne in St\u00fccke geschnitten wurden. Sie wurden sofort geschluckt und in der gro\u00dfen Bauchh\u00f6hle verdaut.<\/p>","protected":false},"excerpt":{"rendered":"<p>De triceratops. Deze 9 meter lange en 13 ton wegende dinosauri\u00ebr leefde 70 miljoen jaar geleden en komt in deze popcard weer tot leven. Een kaart voor de verzamelaar! We hebben nog meer dinosaurus popcards. Kaartformaat 24 x 17 cm, gevouwen tot 12 x 17 cm. Inclusief bijpassende blanco envelop, verpakt in cellofaan. Aanbieding: Totaal [&hellip;]<\/p>\n","protected":false},"featured_media":16605,"comment_status":"open","ping_status":"closed","template":"","meta":{"_iconic_wsb_product_page_order_bump_ids":[[]],"_sku":["8945005027510"],"_iconic_wsb_product_page_bump_modal_ids":[[]]},"product_brand":[],"product_cat":[21,34],"product_tag":[115],"class_list":{"0":"post-14387","1":"product","2":"type-product","3":"status-publish","4":"has-post-thumbnail","6":"product_cat-dieren-dierenkaarten-wenskaarten","7":"product_cat-felicitatie-verjaardag-verjaardagskaarten","8":"product_tag-jurassic-park","9":"pa_brand-popcards","11":"first","12":"instock","13":"sale","14":"taxable","15":"shipping-taxable","16":"purchasable","17":"product-type-simple"},"gallery_images":[85992],"_links":{"self":[{"href":"https:\/\/popcards.nl\/de\/wp-json\/wp\/v2\/product\/14387","targetHints":{"allow":["GET"]}}],"collection":[{"href":"https:\/\/popcards.nl\/de\/wp-json\/wp\/v2\/product"}],"about":[{"href":"https:\/\/popcards.nl\/de\/wp-json\/wp\/v2\/types\/product"}],"replies":[{"embeddable":true,"href":"https:\/\/popcards.nl\/de\/wp-json\/wp\/v2\/comments?post=14387"}],"wp:featuredmedia":[{"embeddable":true,"href":"https:\/\/popcards.nl\/de\/wp-json\/wp\/v2\/media\/16605"}],"wp:attachment":[{"href":"https:\/\/popcards.nl\/de\/wp-json\/wp\/v2\/media?parent=14387"}],"wp:term":[{"taxonomy":"product_brand","embeddable":true,"href":"https:\/\/popcards.nl\/de\/wp-json\/wp\/v2\/product_brand?post=14387"},{"taxonomy":"product_cat","embeddable":true,"href":"https:\/\/popcards.nl\/de\/wp-json\/wp\/v2\/product_cat?post=14387"},{"taxonomy":"product_tag","embeddable":true,"href":"https:\/\/popcards.nl\/de\/wp-json\/wp\/v2\/product_tag?post=14387"}],"curies":[{"name":"wp","href":"https:\/\/api.w.org\/{rel}","templated":true}]}}