{"id":14400,"date":"2020-04-23T21:17:40","date_gmt":"2020-04-23T19:17:40","guid":{"rendered":"https:\/\/popcards.nl\/?post_type=product&#038;p=14400"},"modified":"2026-05-10T14:05:12","modified_gmt":"2026-05-10T12:05:12","slug":"ziervogel-kardinal-vogel-pop-up-karte-gruskarte","status":"publish","type":"product","link":"https:\/\/popcards.nl\/de\/product\/siervogel-kardinaal-vogel-pop-up-kaart-wenskaart\/","title":{"rendered":"Vogelbeobachter achten: Red Bird Cardinal"},"content":{"rendered":"<p><a href=\"https:\/\/en.wikipedia.org\/wiki\/Northern_cardinal\" target=\"_blank\" rel=\"noopener noreferrer\"><img decoding=\"async\" class=\"popcards alignright wp-image-14402 size-medium\" src=\"https:\/\/popcards.nl\/wp-content\/uploads\/2020\/04\/640px-Cardinal-300x222.jpg\" alt=\"N\u00f6rdlicher Kardinal\" width=\"300\" height=\"222\" title=\"\" srcset=\"https:\/\/popcards.nl\/wp-content\/uploads\/2020\/04\/640px-Cardinal-300x222.jpg 300w, https:\/\/popcards.nl\/wp-content\/uploads\/2020\/04\/640px-Cardinal-600x444.jpg 600w, https:\/\/popcards.nl\/wp-content\/uploads\/2020\/04\/640px-Cardinal.jpg 640w\" sizes=\"(max-width: 300px) 100vw, 300px\" \/><\/a><\/p>\n<p>Der rote Kardinalvogel (<i>Cardinalis cardinalis<\/i>). Dieser amerikanische Singvogel sieht mit seiner leuchtend roten Farbe und dem frechen Wappen fr\u00f6hlich aus. Eine sch\u00f6ne Popup-Karte f\u00fcr jeden Vogelliebhaber. <a href=\"https:\/\/popcards.nl\/de\/kategorie\/tiere-gruskarten\/\">Wir haben noch sch\u00f6nere Tierpopkarten! <\/a><a href=\"https:\/\/popcards.nl\/de\/product-tag\/vogel\/\">Darunter mehrere V\u00f6gel.<\/a><\/p>\n<p><a href=\"https:\/\/en.wikipedia.org\/wiki\/Northern_cardinal\" target=\"_blank\" rel=\"noopener noreferrer\">Weitere lustige Informationen \u00fcber den n\u00f6rdlichen Kardinal finden Sie auf Wikipedia.<\/a><\/p>\n<p>Kardinal Vogel 3D-Gru\u00dfkarte im Format 24 x 17 cm, gefaltet auf 12 x 17 cm.<br \/>\nInklusive passendem Blanko-Umschlag, verpackt in Zellophan.<\/p>","protected":false},"excerpt":{"rendered":"<p>De rode Kardinaal vogel (Cardinalis cardinalis). Deze Amerikaanse zangvogel ziet er vrolijk uit met zijn felrode kleur en parmantige kuif. Een prachtige pop-up kaart voor elke vogelliefhebber. We hebben nog meer prachtige dieren popcards! Waaronder ook meerdere vogels. Meer leuke informatie over de Northern Cardinal vind je op Wikipedia. Kaartformaat kardinaalvogel 3D wenskaart 24 x [&hellip;]<\/p>\n","protected":false},"featured_media":16978,"comment_status":"open","ping_status":"closed","template":"","meta":{"_iconic_wsb_product_page_order_bump_ids":[[]],"_sku":["8945005027565"],"_iconic_wsb_product_page_bump_modal_ids":[[]]},"product_brand":[],"product_cat":[21,34],"product_tag":[142],"class_list":{"0":"post-14400","1":"product","2":"type-product","3":"status-publish","4":"has-post-thumbnail","6":"product_cat-dieren-dierenkaarten-wenskaarten","7":"product_cat-felicitatie-verjaardag-verjaardagskaarten","8":"product_tag-vogel","9":"pa_brand-popcards","11":"first","12":"instock","13":"sale","14":"taxable","15":"shipping-taxable","16":"purchasable","17":"product-type-simple"},"gallery_images":[85946],"_links":{"self":[{"href":"https:\/\/popcards.nl\/de\/wp-json\/wp\/v2\/product\/14400","targetHints":{"allow":["GET"]}}],"collection":[{"href":"https:\/\/popcards.nl\/de\/wp-json\/wp\/v2\/product"}],"about":[{"href":"https:\/\/popcards.nl\/de\/wp-json\/wp\/v2\/types\/product"}],"replies":[{"embeddable":true,"href":"https:\/\/popcards.nl\/de\/wp-json\/wp\/v2\/comments?post=14400"}],"wp:featuredmedia":[{"embeddable":true,"href":"https:\/\/popcards.nl\/de\/wp-json\/wp\/v2\/media\/16978"}],"wp:attachment":[{"href":"https:\/\/popcards.nl\/de\/wp-json\/wp\/v2\/media?parent=14400"}],"wp:term":[{"taxonomy":"product_brand","embeddable":true,"href":"https:\/\/popcards.nl\/de\/wp-json\/wp\/v2\/product_brand?post=14400"},{"taxonomy":"product_cat","embeddable":true,"href":"https:\/\/popcards.nl\/de\/wp-json\/wp\/v2\/product_cat?post=14400"},{"taxonomy":"product_tag","embeddable":true,"href":"https:\/\/popcards.nl\/de\/wp-json\/wp\/v2\/product_tag?post=14400"}],"curies":[{"name":"wp","href":"https:\/\/api.w.org\/{rel}","templated":true}]}}