{"id":14408,"date":"2020-04-23T21:54:24","date_gmt":"2020-04-23T19:54:24","guid":{"rendered":"https:\/\/popcards.nl\/?post_type=product&#038;p=14408"},"modified":"2026-05-03T12:19:47","modified_gmt":"2026-05-03T10:19:47","slug":"vierblattriges-kleeblatt-liebe-gluck-pop-up-gruskarte","status":"publish","type":"product","link":"https:\/\/popcards.nl\/de\/product\/klavertje-vier-liefde-geluk-pop-up-wenskaart\/","title":{"rendered":"Gru\u00dfkarte mit Gl\u00fcckskleeblatt: Vierbl\u00e4ttriges Kleeblatt f\u00fcr Liebe und Gl\u00fcck, Pop-up-Karte"},"content":{"rendered":"<p>Der vierbl\u00e4ttrige Kleeblatt ist das Symbol f\u00fcr Gl\u00fcck und Wohlstand. Die 4 Bl\u00e4tter stehen f\u00fcr Hoffnung, Glauben, Liebe und Gl\u00fcck. Und Sie w\u00fcnschen Ihrer ganzen Familie und Ihren Freunden das richtig? <a href=\"https:\/\/popcards.nl\/de\/kategorie\/blumen-gruskarten\/\">Wir haben viele weitere sch\u00f6ne Garten- und Blumen-Popkarten!<\/a><\/p>\n<p>Kartengr\u00f6\u00dfe 24 x 17 cm, gefaltet auf 12 x 17 cm.<br \/>\nInklusive passendem Blanko-Umschlag, verpackt in Zellophan.<\/p>","protected":false},"excerpt":{"rendered":"<p>Het klavertje vier is het symbool voor geluk en voorspoed. De 4 blaadjes staan voor hoop, geloof, liefde en geluk. En dat wens je al je familie en vrienden toch toe? We hebben nog veel meer prachtige tuin en bloemen popcards! Kaartformaat 24 x 17 cm, gevouwen tot 12 x 17 cm. Inclusief bijpassende blanco [&hellip;]<\/p>\n","protected":false},"featured_media":14309,"comment_status":"open","ping_status":"closed","template":"","meta":{"_iconic_wsb_product_page_order_bump_ids":[[]],"_sku":["8945005027589"],"_iconic_wsb_product_page_bump_modal_ids":[[]]},"product_brand":[],"product_cat":[47,78,57],"product_tag":[48],"class_list":{"0":"post-14408","1":"product","2":"type-product","3":"status-publish","4":"has-post-thumbnail","6":"product_cat-bloemen-bloemenkaarten-wenskaarten","7":"product_cat-beterschapskaarten-troostkaarten-condoleancekaarten","8":"product_cat-uitnodigingen-uitnodigingskaarten-verjaardag-jubileum","9":"product_tag-bloemen","10":"pa_brand-popcards","12":"first","13":"instock","14":"taxable","15":"shipping-taxable","16":"purchasable","17":"product-type-simple"},"gallery_images":[85971],"_links":{"self":[{"href":"https:\/\/popcards.nl\/de\/wp-json\/wp\/v2\/product\/14408","targetHints":{"allow":["GET"]}}],"collection":[{"href":"https:\/\/popcards.nl\/de\/wp-json\/wp\/v2\/product"}],"about":[{"href":"https:\/\/popcards.nl\/de\/wp-json\/wp\/v2\/types\/product"}],"replies":[{"embeddable":true,"href":"https:\/\/popcards.nl\/de\/wp-json\/wp\/v2\/comments?post=14408"}],"wp:featuredmedia":[{"embeddable":true,"href":"https:\/\/popcards.nl\/de\/wp-json\/wp\/v2\/media\/14309"}],"wp:attachment":[{"href":"https:\/\/popcards.nl\/de\/wp-json\/wp\/v2\/media?parent=14408"}],"wp:term":[{"taxonomy":"product_brand","embeddable":true,"href":"https:\/\/popcards.nl\/de\/wp-json\/wp\/v2\/product_brand?post=14408"},{"taxonomy":"product_cat","embeddable":true,"href":"https:\/\/popcards.nl\/de\/wp-json\/wp\/v2\/product_cat?post=14408"},{"taxonomy":"product_tag","embeddable":true,"href":"https:\/\/popcards.nl\/de\/wp-json\/wp\/v2\/product_tag?post=14408"}],"curies":[{"name":"wp","href":"https:\/\/api.w.org\/{rel}","templated":true}]}}