{"id":17051,"date":"2020-08-21T18:15:40","date_gmt":"2020-08-21T16:15:40","guid":{"rendered":"https:\/\/popcards.nl\/?post_type=product&#038;p=17051"},"modified":"2026-04-11T06:30:27","modified_gmt":"2026-04-11T04:30:27","slug":"gruskarte-aus-wollmammut-aus-dem-pleistozan","status":"publish","type":"product","link":"https:\/\/popcards.nl\/de\/product\/wolharige-mammoet-uit-het-pleistoceen-wenskaart\/","title":{"rendered":"Wolliges Mammut aus dem Pleistoz\u00e4n | 3D-Popup-Karte"},"content":{"rendered":"<p>Sehr eindrucksvolle Gru\u00dfkarte mit einem gro\u00dfen Wollmammut. <a href=\"https:\/\/en.wikipedia.org\/wiki\/Mammoth\" target=\"_blank\" rel=\"noopener noreferrer\">Dieser Elefant lebte vor sehr langer Zeit im Pleistoz\u00e4n.<\/a> Vor nicht weniger als 600.000 Jahren. Mammuts und Dinosaurier lebten nicht gleichzeitig, sie sind sogar \u00e4lter. Mit dieser Popup-Karte tun Sie jedem Tierliebhaber einen gro\u00dfen Gefallen.<\/p>\n<p><a href=\"https:\/\/popcards.nl\/de\/kategorie\/tiere-gruskarten\/\">Wir haben sch\u00f6nere Tier-Pop-Karten, einschlie\u00dflich verschiedener Dinosaurier!<\/a><\/p>\n<p>Kartengr\u00f6\u00dfe 24 x 17 cm, gefaltet auf 12 x 17 cm.<br \/>\nInklusive passendem Blanko-Umschlag, verpackt in Zellophan.<\/p>","protected":false},"excerpt":{"rendered":"<p>Heel indrukwekkende wenskaart met een grote wolharige mammoet. Deze olifantachtige leefde h\u00e9\u00e9l lang geleden, tijdens het pleistoceen. Maar liefst 600.000 jaar geleden. Mammoeten en dinosaurussen leefden trouwens niet tegelijkertijd, die zijn n\u00f3g ouder. Met deze pop-up kaart doe je elke dierliefhebber een groot plezier. We hebben nog meer prachtige dieren popcards, waaronder ook diverse dinosauri\u00ebrs! [&hellip;]<\/p>\n","protected":false},"featured_media":38479,"comment_status":"open","ping_status":"closed","template":"","meta":{"_iconic_wsb_product_page_order_bump_ids":[[]],"_sku":["8945005027749"],"_iconic_wsb_product_page_bump_modal_ids":[[]]},"product_brand":[],"product_cat":[21],"product_tag":[132],"class_list":{"0":"post-17051","1":"product","2":"type-product","3":"status-publish","4":"has-post-thumbnail","6":"product_cat-dieren-dierenkaarten-wenskaarten","7":"product_tag-dier","8":"pa_brand-popcards","10":"first","11":"instock","12":"sale","13":"taxable","14":"shipping-taxable","15":"purchasable","16":"product-type-simple"},"gallery_images":[76006],"_links":{"self":[{"href":"https:\/\/popcards.nl\/de\/wp-json\/wp\/v2\/product\/17051","targetHints":{"allow":["GET"]}}],"collection":[{"href":"https:\/\/popcards.nl\/de\/wp-json\/wp\/v2\/product"}],"about":[{"href":"https:\/\/popcards.nl\/de\/wp-json\/wp\/v2\/types\/product"}],"replies":[{"embeddable":true,"href":"https:\/\/popcards.nl\/de\/wp-json\/wp\/v2\/comments?post=17051"}],"wp:featuredmedia":[{"embeddable":true,"href":"https:\/\/popcards.nl\/de\/wp-json\/wp\/v2\/media\/38479"}],"wp:attachment":[{"href":"https:\/\/popcards.nl\/de\/wp-json\/wp\/v2\/media?parent=17051"}],"wp:term":[{"taxonomy":"product_brand","embeddable":true,"href":"https:\/\/popcards.nl\/de\/wp-json\/wp\/v2\/product_brand?post=17051"},{"taxonomy":"product_cat","embeddable":true,"href":"https:\/\/popcards.nl\/de\/wp-json\/wp\/v2\/product_cat?post=17051"},{"taxonomy":"product_tag","embeddable":true,"href":"https:\/\/popcards.nl\/de\/wp-json\/wp\/v2\/product_tag?post=17051"}],"curies":[{"name":"wp","href":"https:\/\/api.w.org\/{rel}","templated":true}]}}