{"id":17090,"date":"2020-08-22T23:45:15","date_gmt":"2020-08-22T21:45:15","guid":{"rendered":"https:\/\/popcards.nl\/?post_type=product&#038;p=17090"},"modified":"2026-04-03T15:52:11","modified_gmt":"2026-04-03T13:52:11","slug":"weihnachtsfeier-weihnachtsfeier-weihnachtskarte-popup-karte","status":"publish","type":"product","link":"https:\/\/popcards.nl\/de\/product\/kerstfeest-christmas-party-kerstkaart-popupkaart\/","title":{"rendered":"Weihnachtsfeier Weihnachtsfeier | Weihnachtskarte Popup-Karte"},"content":{"rendered":"<p>\u00dcbergro\u00dfe und festliche 3D-Popup-Weihnachtskarte mit Weihnachtsbaum- und Partyleuten. Begleitet nat\u00fcrlich mit dem einzigen Weihnachtsmann. Fr\u00f6hliche Weihnachten! Wen freust du dich mit dieser tollen Weihnachtskarte?<\/p>\n<p><a href=\"https:\/\/popcards.nl\/de\/kategorie\/die-10-schonsten-weihnachtskarten\/\">Wir haben viele weitere spezielle Pop-up-Weihnachtskarten!<\/a><\/p>\n<p>Kartengr\u00f6\u00dfe 17 x 17 cm, gefaltet auf 14 x 16 x 11 cm.<br \/>\nInklusive passendem Blanko-Umschlag, verpackt in Zellophan.<\/p>","protected":false},"excerpt":{"rendered":"<p>Supergrote en feestelijke 3D pop-up kerstkaart met kerstboom en feestende mensen. Vergezeld natuurlijk met de enige echte kerstman. Vrolijk kerstfeest! Wie maak jij gelukkig met deze geweldige kerstkaart? We hebben nog veel meer bijzondere pop-up kerstkaarten! Kaartformaat 17 x 17 cm, gevouwen tot 14 x 16 x 11 cm. Inclusief bijpassende blanco envelop, verpakt in [&hellip;]<\/p>\n","protected":false},"featured_media":16976,"comment_status":"open","ping_status":"closed","template":"","meta":{"_iconic_wsb_product_page_order_bump_ids":[[]],"_sku":["8785253684222"],"_iconic_wsb_product_page_bump_modal_ids":[[]]},"product_brand":[],"product_cat":[79],"product_tag":[131],"class_list":{"0":"post-17090","1":"product","2":"type-product","3":"status-publish","4":"has-post-thumbnail","6":"product_cat-de-top-10-mooiste-kerstkaarten","7":"product_tag-kerst","8":"pa_brand-popcards","10":"first","11":"instock","12":"taxable","13":"shipping-taxable","14":"purchasable","15":"product-type-simple"},"gallery_images":[75751],"_links":{"self":[{"href":"https:\/\/popcards.nl\/de\/wp-json\/wp\/v2\/product\/17090","targetHints":{"allow":["GET"]}}],"collection":[{"href":"https:\/\/popcards.nl\/de\/wp-json\/wp\/v2\/product"}],"about":[{"href":"https:\/\/popcards.nl\/de\/wp-json\/wp\/v2\/types\/product"}],"replies":[{"embeddable":true,"href":"https:\/\/popcards.nl\/de\/wp-json\/wp\/v2\/comments?post=17090"}],"wp:featuredmedia":[{"embeddable":true,"href":"https:\/\/popcards.nl\/de\/wp-json\/wp\/v2\/media\/16976"}],"wp:attachment":[{"href":"https:\/\/popcards.nl\/de\/wp-json\/wp\/v2\/media?parent=17090"}],"wp:term":[{"taxonomy":"product_brand","embeddable":true,"href":"https:\/\/popcards.nl\/de\/wp-json\/wp\/v2\/product_brand?post=17090"},{"taxonomy":"product_cat","embeddable":true,"href":"https:\/\/popcards.nl\/de\/wp-json\/wp\/v2\/product_cat?post=17090"},{"taxonomy":"product_tag","embeddable":true,"href":"https:\/\/popcards.nl\/de\/wp-json\/wp\/v2\/product_tag?post=17090"}],"curies":[{"name":"wp","href":"https:\/\/api.w.org\/{rel}","templated":true}]}}