{"id":18128,"date":"2020-10-21T13:59:51","date_gmt":"2020-10-21T11:59:51","guid":{"rendered":"https:\/\/popcards.nl\/?post_type=product&#038;p=18128"},"modified":"2026-04-05T09:24:43","modified_gmt":"2026-04-05T07:24:43","slug":"papagei-ara-dschungel-dschungel-pop-up-gruskarte","status":"publish","type":"product","link":"https:\/\/popcards.nl\/de\/product\/papegaai-ara-oerwoud-jungle-pop-up-wenskaart\/","title":{"rendered":"Papagei Ara Dschungel Dschungel Pop Up Gru\u00dfkarte"},"content":{"rendered":"<p>Tierkarte Papagei. Die Vorderseite hat ein sch\u00f6nes Bild eines wundersch\u00f6n gef\u00e4rbten Ara. Wenn Sie die Karte \u00f6ffnen, erscheint der bunte Papagei. Das wird eine \u00dcberraschung f\u00fcr den Vogelliebhaber sein, der diese Karte erh\u00e4lt. <a href=\"https:\/\/popcards.nl\/de\/karte\/papagei-2\/\">Hast du unseren anderen sch\u00f6nen Papagei gesehen?<\/a> <a href=\"https:\/\/popcards.nl\/de\/kategorie\/tiere-gruskarten\/\">Wir haben viele andere Vogel- und Tierkarten.<\/a><\/p>\n<p>Kartengr\u00f6\u00dfe 30 x 15 cm, gefaltet auf 15 x 15 cm.<\/p>\n<p>Inklusive passendem Blanko-Umschlag, verpackt in Cellophant\u00fcte.<\/p>","protected":false},"excerpt":{"rendered":"<p>Dierenkaart Papegaai. De voorkant heeft een fraaie afbeelding van een prachtig gekleurde ara. Als je de kaart opent springt de kleurige papegaai tevoorschijn. Dat wordt een verrassing voor de vogelliefhebber die deze kaart ontvangt. Heb je ook onze andere fraaie papegaai gezien? We hebben nog veel andere vogel- en dierenkaarten. Kaartformaat 30 x 15 cm, [&hellip;]<\/p>\n","protected":false},"featured_media":18050,"comment_status":"open","ping_status":"closed","template":"","meta":{"_iconic_wsb_product_page_order_bump_ids":[[]],"_sku":["8785253682570"],"_iconic_wsb_product_page_bump_modal_ids":[[]]},"product_brand":[],"product_cat":[21],"product_tag":[132,51,142],"class_list":{"0":"post-18128","1":"product","2":"type-product","3":"status-publish","4":"has-post-thumbnail","6":"product_cat-dieren-dierenkaarten-wenskaarten","7":"product_tag-dier","8":"product_tag-dierentuin","9":"product_tag-vogel","10":"pa_brand-popcards","12":"first","13":"instock","14":"sale","15":"taxable","16":"shipping-taxable","17":"purchasable","18":"product-type-simple"},"gallery_images":[18024,85995],"_links":{"self":[{"href":"https:\/\/popcards.nl\/de\/wp-json\/wp\/v2\/product\/18128","targetHints":{"allow":["GET"]}}],"collection":[{"href":"https:\/\/popcards.nl\/de\/wp-json\/wp\/v2\/product"}],"about":[{"href":"https:\/\/popcards.nl\/de\/wp-json\/wp\/v2\/types\/product"}],"replies":[{"embeddable":true,"href":"https:\/\/popcards.nl\/de\/wp-json\/wp\/v2\/comments?post=18128"}],"wp:featuredmedia":[{"embeddable":true,"href":"https:\/\/popcards.nl\/de\/wp-json\/wp\/v2\/media\/18050"}],"wp:attachment":[{"href":"https:\/\/popcards.nl\/de\/wp-json\/wp\/v2\/media?parent=18128"}],"wp:term":[{"taxonomy":"product_brand","embeddable":true,"href":"https:\/\/popcards.nl\/de\/wp-json\/wp\/v2\/product_brand?post=18128"},{"taxonomy":"product_cat","embeddable":true,"href":"https:\/\/popcards.nl\/de\/wp-json\/wp\/v2\/product_cat?post=18128"},{"taxonomy":"product_tag","embeddable":true,"href":"https:\/\/popcards.nl\/de\/wp-json\/wp\/v2\/product_tag?post=18128"}],"curies":[{"name":"wp","href":"https:\/\/api.w.org\/{rel}","templated":true}]}}