{"id":18134,"date":"2020-10-21T14:28:10","date_gmt":"2020-10-21T12:28:10","guid":{"rendered":"https:\/\/popcards.nl\/?post_type=product&#038;p=18134"},"modified":"2026-04-07T19:06:08","modified_gmt":"2026-04-07T17:06:08","slug":"blumengewachshaus-gemusegarten-zuteilung-westland-gruskarte","status":"publish","type":"product","link":"https:\/\/popcards.nl\/de\/product\/bloemenkas-moestuin-volkstuin-westland-wenskaart\/","title":{"rendered":"Bloemenkas Gem\u00fcsegarten Zuteilungsgarten Garten Westland Popup-Gru\u00dfkarte"},"content":{"rendered":"<p>Ein Blumengew\u00e4chshaus voller sch\u00f6ner Blumen und Pflanzen. Umgeben von bl\u00fchender Natur und fliegenden Schmetterlingen. Sie werden jedem Gartenliebhaber eine gro\u00dfe Freude machen. Wenn Sie die Karte \u00f6ffnen, erscheint die Kasse. Mit sch\u00f6nen Blumen und Schmetterlingen, um Ihnen zu gratulieren. Ein Geschenk, um Sie sehr gl\u00fccklich zu machen. Sag es mit Blumen! Auch sch\u00f6n f\u00fcr Leute im Gew\u00e4chshausgartenbau, Westland, G\u00e4rtner und G\u00e4rtner. Oder f\u00fcr Menschen, die in Rente gehen und mehr Zeit f\u00fcr die Gartenarbeit haben. <a href=\"https:\/\/popcards.nl\/de\/kategorie\/blumen-gruskarten\/\">Wir haben viele weitere Blumen-Popup-Karten.<\/a><\/p>\n<p>Kartengr\u00f6\u00dfe 30 x 15 cm, gefaltet auf 15 x 15 cm.<\/p>\n<p>Inklusive passendem Blanko-Umschlag, verpackt in Cellophant\u00fcte.<\/p>","protected":false},"excerpt":{"rendered":"<p>Een bloemenkas vol mooie bloemen en planten. Omringd door bloeiende natuur en vliegende vlinders. Daar doe je elke tuinliefhebber een groot plezier mee. Als je de kaart opent springt de kas tevoorschijn. Met mooie bloemen en vlinders om je te feliciteren. Een cadeautje om heel blij van te worden. Zeg het met bloemen! Ook leuk [&hellip;]<\/p>\n","protected":false},"featured_media":48012,"comment_status":"open","ping_status":"closed","template":"","meta":{"_iconic_wsb_product_page_order_bump_ids":[[]],"_sku":["8785253682518"],"_iconic_wsb_product_page_bump_modal_ids":[[]]},"product_brand":[],"product_cat":[47,57],"product_tag":[48,237,137],"class_list":{"0":"post-18134","1":"product","2":"type-product","3":"status-publish","4":"has-post-thumbnail","6":"product_cat-bloemen-bloemenkaarten-wenskaarten","7":"product_cat-uitnodigingen-uitnodigingskaarten-verjaardag-jubileum","8":"product_tag-bloemen","9":"product_tag-pensioen","10":"product_tag-verjaardag","11":"pa_brand-popcards","13":"first","14":"instock","15":"taxable","16":"shipping-taxable","17":"purchasable","18":"product-type-simple"},"gallery_images":[18022,85975],"_links":{"self":[{"href":"https:\/\/popcards.nl\/de\/wp-json\/wp\/v2\/product\/18134","targetHints":{"allow":["GET"]}}],"collection":[{"href":"https:\/\/popcards.nl\/de\/wp-json\/wp\/v2\/product"}],"about":[{"href":"https:\/\/popcards.nl\/de\/wp-json\/wp\/v2\/types\/product"}],"replies":[{"embeddable":true,"href":"https:\/\/popcards.nl\/de\/wp-json\/wp\/v2\/comments?post=18134"}],"wp:featuredmedia":[{"embeddable":true,"href":"https:\/\/popcards.nl\/de\/wp-json\/wp\/v2\/media\/48012"}],"wp:attachment":[{"href":"https:\/\/popcards.nl\/de\/wp-json\/wp\/v2\/media?parent=18134"}],"wp:term":[{"taxonomy":"product_brand","embeddable":true,"href":"https:\/\/popcards.nl\/de\/wp-json\/wp\/v2\/product_brand?post=18134"},{"taxonomy":"product_cat","embeddable":true,"href":"https:\/\/popcards.nl\/de\/wp-json\/wp\/v2\/product_cat?post=18134"},{"taxonomy":"product_tag","embeddable":true,"href":"https:\/\/popcards.nl\/de\/wp-json\/wp\/v2\/product_tag?post=18134"}],"curies":[{"name":"wp","href":"https:\/\/api.w.org\/{rel}","templated":true}]}}