{"id":19697,"date":"2020-11-30T16:20:35","date_gmt":"2020-11-30T15:20:35","guid":{"rendered":"https:\/\/popcards.nl\/?post_type=product&#038;p=19697"},"modified":"2026-04-20T20:20:35","modified_gmt":"2026-04-20T18:20:35","slug":"sakura-kirschblute-gruskarte-valentinstag-hochzeit","status":"publish","type":"product","link":"https:\/\/popcards.nl\/de\/product\/sakura-kersenbloesem-wenskaart-valentijn-trouwen\/","title":{"rendered":"Sakura Kirschbl\u00fcte Rosa Kirschbaum Gru\u00dfkarte | Valentinstag verlobte Hochzeitskarte"},"content":{"rendered":"<p>Sch\u00f6ner rosa Sakura-Kirschbaum. Beeindruckende gro\u00dfe Popup-Karte mit wundersch\u00f6n geschnitztem Kirschbaum voller bl\u00fchender rosa Bl\u00fcten. Unter einem intimen Paar m\u00e4nnlich-weiblich. Verliebt, verlobt, verheiratet? Die Romantik ist im \u00dcberfluss vorhanden.<\/p>\n<p>Die Vorderseite ist romantisch rosa mit silbernem Schimmer und der Baum auf der Vorderseite ist mit silbernem Glitzer besetzt.<\/p>\n<p>Sie erhalten einen dunkelblauen Rahmen, damit die Karte sofort einen sch\u00f6nen Platz bekommt. Auch in einer gro\u00dfen Auflage als Hochzeitseinladung erh\u00e4ltlich. <a href=\"https:\/\/popcards.nl\/de\/karte\/kirschbaum-kirschblute-kirschblute-pop-up-gruskarte\/\">Haben Sie auch unseren anderen Sakura-Kirschbaum gesehen?<\/a> <a href=\"https:\/\/popcards.nl\/de\/karte\/sakura-kirschblute-kirschbaum-pop-up-karte\/\">Und die andere rosa Kirschbl\u00fcte.\u00a0<\/a><\/p>\n<p>Gro\u00dfe Karte im Format 30 \u00d7 20 cm, gefaltet auf 15 \u00d7 20 cm.<br \/>\nInklusive dunkelblauem Rahmen und passendem Umschlag, verpackt in einer Zellophantasche.<\/p>\n<h3>Sakura Kirschbaum<\/h3>\n<p><a href=\"https:\/\/nl.wikipedia.org\/wiki\/Sakura_(bloesem)\" target=\"_blank\" rel=\"noopener noreferrer\">Sakura<\/a>\u00a0oder Kirschbl\u00fcte. Die sch\u00f6ne Kirschbl\u00fcte war in Japan schon immer ein Symbol f\u00fcr Sch\u00f6nheit.<\/p>","protected":false},"excerpt":{"rendered":"<p>Prachtige roze Sakura kersenboom. Imposant grote pop-up kaart met prachtig uitgesneden kersenboom vol bloeiende roze bloesem. Daaronder een intiem koppel man-vrouw. Verliefd, verloofd, getrouwd? De romantiek is volop aanwezig. De voorkant is romantisch roze met zilverglans en de boom op de voorkant is bezaaid met zilveren glitters. U krijgt er een donkerblauw lijstje bij, zodat [&hellip;]<\/p>\n","protected":false},"featured_media":19687,"comment_status":"open","ping_status":"closed","template":"","meta":{"_iconic_wsb_product_page_order_bump_ids":[[]],"_sku":["8785253682631"],"_iconic_wsb_product_page_bump_modal_ids":[[]]},"product_brand":[],"product_cat":[27,28],"product_tag":[240,94,83],"class_list":{"0":"post-19697","1":"product","2":"type-product","3":"status-publish","4":"has-post-thumbnail","6":"product_cat-liefde-liefdeskaarten-valentijnskaarten","7":"product_cat-trouwen-samenwonen-trouwkaarten","8":"product_tag-boom","9":"product_tag-huwelijk","10":"product_tag-valentijn","11":"pa_brand-popcards","13":"first","14":"instock","15":"taxable","16":"shipping-taxable","17":"purchasable","18":"product-type-simple"},"gallery_images":[19686,87766],"_links":{"self":[{"href":"https:\/\/popcards.nl\/de\/wp-json\/wp\/v2\/product\/19697","targetHints":{"allow":["GET"]}}],"collection":[{"href":"https:\/\/popcards.nl\/de\/wp-json\/wp\/v2\/product"}],"about":[{"href":"https:\/\/popcards.nl\/de\/wp-json\/wp\/v2\/types\/product"}],"replies":[{"embeddable":true,"href":"https:\/\/popcards.nl\/de\/wp-json\/wp\/v2\/comments?post=19697"}],"wp:featuredmedia":[{"embeddable":true,"href":"https:\/\/popcards.nl\/de\/wp-json\/wp\/v2\/media\/19687"}],"wp:attachment":[{"href":"https:\/\/popcards.nl\/de\/wp-json\/wp\/v2\/media?parent=19697"}],"wp:term":[{"taxonomy":"product_brand","embeddable":true,"href":"https:\/\/popcards.nl\/de\/wp-json\/wp\/v2\/product_brand?post=19697"},{"taxonomy":"product_cat","embeddable":true,"href":"https:\/\/popcards.nl\/de\/wp-json\/wp\/v2\/product_cat?post=19697"},{"taxonomy":"product_tag","embeddable":true,"href":"https:\/\/popcards.nl\/de\/wp-json\/wp\/v2\/product_tag?post=19697"}],"curies":[{"name":"wp","href":"https:\/\/api.w.org\/{rel}","templated":true}]}}