{"id":19699,"date":"2020-11-30T16:32:28","date_gmt":"2020-11-30T15:32:28","guid":{"rendered":"https:\/\/popcards.nl\/?post_type=product&#038;p=19699"},"modified":"2025-06-06T16:42:40","modified_gmt":"2025-06-06T14:42:40","slug":"sakura-kirschblute-kirschbaum-pop-up-karte","status":"publish","type":"product","link":"https:\/\/popcards.nl\/de\/product\/sakura-kersenbloesem-kersenboom-pop-up-kaart\/","title":{"rendered":"Sakura Kirschbl\u00fcte Rosa Kirschbaum Gru\u00dfkarte Pop Up Karte"},"content":{"rendered":"<p>Sakura Kirschbl\u00fcte. Romantische Pop-up-Karte mit wundersch\u00f6n geschnitztem Kirschbaum voller bl\u00fchender rosa Bl\u00fcten. Mit einer atmosph\u00e4rischen Darstellung einer Landschaft, einem Hirsch und einem \u201eHappy\u201c -Schild unten. Ein rosa Himmel voller schwebender Blumen. Verliebt, verlobt, verheiratet? Die Romantik ist im \u00dcberfluss vorhanden.<\/p>\n<p>Die Vorderseite ist romantisch rosa mit gl\u00e4nzenden silbernen Bl\u00fcten. Zus\u00e4tzlich zum Popup-Sakura-Baum enth\u00e4lt das Innere eine separate Karte an einem geheimen Ort, auf der Sie Ihren Text schreiben k\u00f6nnen. <a href=\"https:\/\/popcards.nl\/de\/karte\/kirschbaum-kirschblute-kirschblute-pop-up-gruskarte\/\">Haben Sie auch unseren anderen Sakura-Kirschbaum gesehen?<\/a> <a href=\"https:\/\/popcards.nl\/de\/karte\/sakura-kirschblute-gruskarte-valentinstag-hochzeit\/\">Und die andere rosa Kirschbl\u00fcte mit romantischem Paar.\u00a0<\/a><\/p>\n<p>Kartengr\u00f6\u00dfe 30 \u00d7 15 cm, gefaltet auf 15 \u00d7 15 cm.<br \/>\nInklusive loser Karte 9 x 12 cm und passendem Umschlag, verpackt in einem Zellophanbeutel.<\/p>\n<h3>Sakura Kirschbaum<\/h3>\n<p><a href=\"https:\/\/nl.wikipedia.org\/wiki\/Sakura_(bloesem)\" target=\"_blank\" rel=\"noopener noreferrer\">Sakura<\/a>\u00a0oder Kirschbl\u00fcte. Die sch\u00f6ne Kirschbl\u00fcte war in Japan schon immer ein Symbol f\u00fcr Sch\u00f6nheit.<\/p>","protected":false},"excerpt":{"rendered":"<p>Sakura Kersenbloesem. Romantische pop-up kaart met prachtig uitgesneden kersenboom vol bloeiende roze bloesem. Met daaronder een sfeervolle illustratie van een landschap, een hert en een \u201cHappy\u201d bordje. Een roze lucht vol zwevende bloemen. Verliefd, verloofd, getrouwd? De romantiek is volop aanwezig. De voorkant is romantisch roze met zilverglanzende bloemen. De binnenkant bevat behalve de pop-up [&hellip;]<\/p>\n","protected":false},"featured_media":19685,"comment_status":"open","ping_status":"closed","template":"","meta":{"_iconic_wsb_product_page_order_bump_ids":[],"_sku":["8785253682648"],"_iconic_wsb_product_page_bump_modal_ids":[]},"product_brand":[],"product_cat":[47,27],"product_tag":[240,83],"class_list":{"0":"post-19699","1":"product","2":"type-product","3":"status-publish","4":"has-post-thumbnail","6":"product_cat-bloemen-bloemenkaarten-wenskaarten","7":"product_cat-liefde-liefdeskaarten-valentijnskaarten","8":"product_tag-boom","9":"product_tag-valentijn","10":"pa_brand-popcards","12":"first","13":"outofstock","14":"taxable","15":"shipping-taxable","16":"purchasable","17":"product-type-simple"},"gallery_images":[19684],"_links":{"self":[{"href":"https:\/\/popcards.nl\/de\/wp-json\/wp\/v2\/product\/19699","targetHints":{"allow":["GET"]}}],"collection":[{"href":"https:\/\/popcards.nl\/de\/wp-json\/wp\/v2\/product"}],"about":[{"href":"https:\/\/popcards.nl\/de\/wp-json\/wp\/v2\/types\/product"}],"replies":[{"embeddable":true,"href":"https:\/\/popcards.nl\/de\/wp-json\/wp\/v2\/comments?post=19699"}],"wp:featuredmedia":[{"embeddable":true,"href":"https:\/\/popcards.nl\/de\/wp-json\/wp\/v2\/media\/19685"}],"wp:attachment":[{"href":"https:\/\/popcards.nl\/de\/wp-json\/wp\/v2\/media?parent=19699"}],"wp:term":[{"taxonomy":"product_brand","embeddable":true,"href":"https:\/\/popcards.nl\/de\/wp-json\/wp\/v2\/product_brand?post=19699"},{"taxonomy":"product_cat","embeddable":true,"href":"https:\/\/popcards.nl\/de\/wp-json\/wp\/v2\/product_cat?post=19699"},{"taxonomy":"product_tag","embeddable":true,"href":"https:\/\/popcards.nl\/de\/wp-json\/wp\/v2\/product_tag?post=19699"}],"curies":[{"name":"wp","href":"https:\/\/api.w.org\/{rel}","templated":true}]}}