{"id":264,"date":"2018-07-12T23:08:10","date_gmt":"2018-07-12T21:08:10","guid":{"rendered":"https:\/\/popcards.nl\/?post_type=product&#038;p=264"},"modified":"2026-03-20T16:50:12","modified_gmt":"2026-03-20T15:50:12","slug":"kanguru-mit-jungen","status":"publish","type":"product","link":"https:\/\/popcards.nl\/de\/product\/kangoeroe-met-jong-geboorte-zwanger-pop-up-kaart\/","title":{"rendered":"K\u00e4nguru mit junger Popup-Karte: Gru\u00dfkarte schwangeres Geburtsbaby"},"content":{"rendered":"<p>K\u00e4nguru mit Jungtier. Das ist sch\u00f6n: eine Mama Kangaroo mit einem kleinen K\u00e4nguru-Baby im Beutel. Eine Originalkarte, um jemandem zu ihrer Schwangerschaft zu gratulieren. Oder als \u00fcberraschende Ank\u00fcndigungskarte f\u00fcr die Geburt eines Kindes. Und nat\u00fcrlich f\u00fcr alle, die sich f\u00fcr Australien interessieren. <a href=\"https:\/\/popcards.nl\/de\/kategorie\/geburt-geburtsanzeige-babykarte\/\">Wir haben noch mehr lustige Geburtsanzeigen!<\/a><\/p>\n<p>Kartengr\u00f6\u00dfe 24 x 17 cm, gefaltet auf 12 x 17 cm.<br \/>\nInklusive passendem Blanko-Umschlag, verpackt in Zellophan.<\/p>","protected":false},"excerpt":{"rendered":"<p>Kangoeroe met jong. Dat is leuk: een mama Kangoeroe met klein kangoeroe kindje in haar buidel. Een originele kaart om iemand met haar zwangerschap te feliciteren. Of als verrassende aankondigingskaart voor de geboorte van een kindje. En natuurlijk voor iedereen die Australi\u00eb een warm hart toedraagt. We hebben nog meer leuke geboortekaarten! Kaartformaat 24 x [&hellip;]<\/p>\n","protected":false},"featured_media":16015,"comment_status":"open","ping_status":"closed","template":"","meta":{"_iconic_wsb_product_page_order_bump_ids":[[]],"_sku":["8945004309105"],"_iconic_wsb_product_page_bump_modal_ids":[[]]},"product_brand":[],"product_cat":[21,22],"product_tag":[24,25],"class_list":{"0":"post-264","1":"product","2":"type-product","3":"status-publish","4":"has-post-thumbnail","6":"product_cat-dieren-dierenkaarten-wenskaarten","7":"product_cat-geboorte-geboortekaarten-baby-babykaart","8":"product_tag-australie","9":"product_tag-geboorte","10":"pa_brand-popcards","12":"first","13":"instock","14":"taxable","15":"shipping-taxable","16":"purchasable","17":"product-type-simple"},"gallery_images":[68952],"_links":{"self":[{"href":"https:\/\/popcards.nl\/de\/wp-json\/wp\/v2\/product\/264","targetHints":{"allow":["GET"]}}],"collection":[{"href":"https:\/\/popcards.nl\/de\/wp-json\/wp\/v2\/product"}],"about":[{"href":"https:\/\/popcards.nl\/de\/wp-json\/wp\/v2\/types\/product"}],"replies":[{"embeddable":true,"href":"https:\/\/popcards.nl\/de\/wp-json\/wp\/v2\/comments?post=264"}],"wp:featuredmedia":[{"embeddable":true,"href":"https:\/\/popcards.nl\/de\/wp-json\/wp\/v2\/media\/16015"}],"wp:attachment":[{"href":"https:\/\/popcards.nl\/de\/wp-json\/wp\/v2\/media?parent=264"}],"wp:term":[{"taxonomy":"product_brand","embeddable":true,"href":"https:\/\/popcards.nl\/de\/wp-json\/wp\/v2\/product_brand?post=264"},{"taxonomy":"product_cat","embeddable":true,"href":"https:\/\/popcards.nl\/de\/wp-json\/wp\/v2\/product_cat?post=264"},{"taxonomy":"product_tag","embeddable":true,"href":"https:\/\/popcards.nl\/de\/wp-json\/wp\/v2\/product_tag?post=264"}],"curies":[{"name":"wp","href":"https:\/\/api.w.org\/{rel}","templated":true}]}}