{"id":275,"date":"2018-07-14T23:23:47","date_gmt":"2018-07-14T21:23:47","guid":{"rendered":"https:\/\/popcards.nl\/?post_type=product&#038;p=275"},"modified":"2025-06-06T16:42:28","modified_gmt":"2025-06-06T14:42:28","slug":"hund-in-hundehutte","status":"publish","type":"product","link":"https:\/\/popcards.nl\/de\/product\/hondje-in-hondenhok-pop-up-kaart-verhuiskaart\/","title":{"rendered":"Kleiner Hund in der Hundehaus-Popup-Gru\u00dfkarte, die Karte bewegt"},"content":{"rendered":"<p>Eine sch\u00f6ne Kinderkarte eines s\u00fc\u00dfen Hundes und f\u00fcr alle, die Hunde und andere Tiere lieben. Auch original als Gl\u00fcckwunsch- oder Umzugskarte f\u00fcr ein neues Zuhause! Mit dieser 3D-Gru\u00dfkarte k\u00f6nnen Sie in alle Richtungen gehen. <a href=\"https:\/\/popcards.nl\/de\/karte\/bewegliche-karte-2\/\">Hast du auch diese andere bewegliche Karte gesehen?<\/a><\/p>\n<p>Kartengr\u00f6\u00dfe 26 \u00d7 15,5 cm, gefaltet auf 13 \u00d7 15,5 cm.<br \/>\nInklusive passendem Blanko-Umschlag, verpackt in Cellophant\u00fcte.<\/p>","protected":false},"excerpt":{"rendered":"<p>Een leuke kinderkaart van een lief hondje en voor iedereen die van honden en andere dieren houdt. Ook origineel als felicitatie of verhuiskaart bij een nieuwe woning! Met deze 3d wenskaart kan je alle kanten op. Heb je ook deze andere verhuiskaart gezien? Kaartformaat 26&#215;15,5 cm, gevouwen tot 13\u00d715,5 cm. Inclusief bijpassende blanco envelop, verpakt [&hellip;]<\/p>\n","protected":false},"featured_media":201,"comment_status":"open","ping_status":"closed","template":"","meta":{"_iconic_wsb_product_page_order_bump_ids":[[]],"_sku":["8945004309150"],"_iconic_wsb_product_page_bump_modal_ids":[[]]},"product_brand":[],"product_cat":[21,32],"product_tag":[132,135],"class_list":{"0":"post-275","1":"product","2":"type-product","3":"status-publish","4":"has-post-thumbnail","6":"product_cat-dieren-dierenkaarten-wenskaarten","7":"product_cat-nieuwe-woning-verhuizing-verhuiskaart","8":"product_tag-dier","9":"product_tag-hond","10":"pa_brand-popcards","12":"first","13":"outofstock","14":"taxable","15":"shipping-taxable","16":"purchasable","17":"product-type-simple"},"gallery_images":[70242],"_links":{"self":[{"href":"https:\/\/popcards.nl\/de\/wp-json\/wp\/v2\/product\/275","targetHints":{"allow":["GET"]}}],"collection":[{"href":"https:\/\/popcards.nl\/de\/wp-json\/wp\/v2\/product"}],"about":[{"href":"https:\/\/popcards.nl\/de\/wp-json\/wp\/v2\/types\/product"}],"replies":[{"embeddable":true,"href":"https:\/\/popcards.nl\/de\/wp-json\/wp\/v2\/comments?post=275"}],"wp:featuredmedia":[{"embeddable":true,"href":"https:\/\/popcards.nl\/de\/wp-json\/wp\/v2\/media\/201"}],"wp:attachment":[{"href":"https:\/\/popcards.nl\/de\/wp-json\/wp\/v2\/media?parent=275"}],"wp:term":[{"taxonomy":"product_brand","embeddable":true,"href":"https:\/\/popcards.nl\/de\/wp-json\/wp\/v2\/product_brand?post=275"},{"taxonomy":"product_cat","embeddable":true,"href":"https:\/\/popcards.nl\/de\/wp-json\/wp\/v2\/product_cat?post=275"},{"taxonomy":"product_tag","embeddable":true,"href":"https:\/\/popcards.nl\/de\/wp-json\/wp\/v2\/product_tag?post=275"}],"curies":[{"name":"wp","href":"https:\/\/api.w.org\/{rel}","templated":true}]}}