{"id":28151,"date":"2021-05-25T11:36:59","date_gmt":"2021-05-25T09:36:59","guid":{"rendered":"https:\/\/popcards.nl\/?post_type=product&#038;p=28151"},"modified":"2025-09-22T11:55:06","modified_gmt":"2025-09-22T09:55:06","slug":"new-york-skyline-statue-of-liberty-3d-pop-up-map","status":"publish","type":"product","link":"https:\/\/popcards.nl\/de\/product\/new-york-skyline-vrijheidsbeeld-3d-pop-up-kaart\/","title":{"rendered":"New York City Skyline mit Freiheitsstatue Pop-up-Karte 3D-Gru\u00dfkarte"},"content":{"rendered":"<p>Der gro\u00dfe Apfel! <a href=\"https:\/\/goo.gl\/maps\/wzxvuatHFtc9xxTs5\" target=\"_blank\" rel=\"noopener\" data-schema-attribute=\"\">Manhattan<\/a>. Wundersch\u00f6ne gro\u00dfe Gru\u00dfkarte voller faltbarer Wolkenkratzer in New York, der Freiheitsstatue, dem Empire State Building, der Brooklyn Bridge und der Wall Street. Geben Sie dem Empf\u00e4nger einen sch\u00f6nen Vorgeschmack oder eine Erinnerung an New York. Die rote Vorderseite mit ausgeschnittener Lady Liberty ist mit Glitzer versehen, was die Karte besonders festlich macht.<\/p>\n<p>Die Farben im Video und auf dem Foto unterscheiden sich leicht. Die Farben, die Sie erhalten, sind wie im Video gezeigt.<\/p>\n<p><a href=\"https:\/\/popcards.nl\/de\/kategorie\/beruhmte-gebaude\/\">Haben Sie unsere anderen ber\u00fchmten Geb\u00e4ude gesehen?<\/a><\/p>\n<p>Gro\u00dfes Kartenformat 34\u00d718 cm, gefaltet auf 17\u00d718 cm.<br \/>\nInklusive passendem leerem Goldumschlag, verpackt in Zellophanbeutel.<\/p>","protected":false},"excerpt":{"rendered":"<p>The Big Apple! Manhattan. Schitterende grote wenskaart vol opklappende wolkenkrabbers in New York, het Vrijheidsbeeld, het Empire State Building, de Brooklyn Bridge en Wall Street. Geef de ontvanger een mooi voorproefje of herinnering aan New York. De rode voorkant met uitgesneden Lady Liberty heeft glinstertjes, wat de kaart extra feestelijk maakt. De kleuren op de [&hellip;]<\/p>\n","protected":false},"featured_media":28149,"comment_status":"open","ping_status":"closed","template":"","meta":{"_iconic_wsb_product_page_order_bump_ids":[[]],"_sku":["8785253683980"],"_iconic_wsb_product_page_bump_modal_ids":[[]]},"product_brand":[],"product_cat":[73],"product_tag":[86,248],"class_list":{"0":"post-28151","1":"product","2":"type-product","3":"status-publish","4":"has-post-thumbnail","6":"product_cat-beroemde-gebouwen","7":"product_tag-stedentrip","8":"product_tag-vakantie","9":"pa_brand-popcards","11":"first","12":"outofstock","13":"taxable","14":"shipping-taxable","15":"purchasable","16":"product-type-simple"},"gallery_images":[28148,83693],"_links":{"self":[{"href":"https:\/\/popcards.nl\/de\/wp-json\/wp\/v2\/product\/28151","targetHints":{"allow":["GET"]}}],"collection":[{"href":"https:\/\/popcards.nl\/de\/wp-json\/wp\/v2\/product"}],"about":[{"href":"https:\/\/popcards.nl\/de\/wp-json\/wp\/v2\/types\/product"}],"replies":[{"embeddable":true,"href":"https:\/\/popcards.nl\/de\/wp-json\/wp\/v2\/comments?post=28151"}],"wp:featuredmedia":[{"embeddable":true,"href":"https:\/\/popcards.nl\/de\/wp-json\/wp\/v2\/media\/28149"}],"wp:attachment":[{"href":"https:\/\/popcards.nl\/de\/wp-json\/wp\/v2\/media?parent=28151"}],"wp:term":[{"taxonomy":"product_brand","embeddable":true,"href":"https:\/\/popcards.nl\/de\/wp-json\/wp\/v2\/product_brand?post=28151"},{"taxonomy":"product_cat","embeddable":true,"href":"https:\/\/popcards.nl\/de\/wp-json\/wp\/v2\/product_cat?post=28151"},{"taxonomy":"product_tag","embeddable":true,"href":"https:\/\/popcards.nl\/de\/wp-json\/wp\/v2\/product_tag?post=28151"}],"curies":[{"name":"wp","href":"https:\/\/api.w.org\/{rel}","templated":true}]}}