{"id":28181,"date":"2021-05-25T15:23:10","date_gmt":"2021-05-25T13:23:10","guid":{"rendered":"https:\/\/popcards.nl\/?post_type=product&#038;p=28181"},"modified":"2026-04-27T16:38:23","modified_gmt":"2026-04-27T14:38:23","slug":"tulpen-in-vase-blumen-pop-up-karte-3d-gruskarte","status":"publish","type":"product","link":"https:\/\/popcards.nl\/de\/product\/tulpen-in-vaas-bloemen-pop-up-kaart-3d-wenskaart\/","title":{"rendered":"Tulpen in Vase Blumen Pop-up-Karte"},"content":{"rendered":"<p><strong>Blumenkarte Tulpen. Neu! <\/strong>Diese besondere Pop-Up-Karte unterscheidet sich von unseren \u00fcblichen Pop-Karten, ist aber sehr lustig und \u00fcberraschend. Die Karte besteht aus 12 vollfarbig bedruckten Tulpen in einer lustigen goldenen Teekanne. Die Tulpen selbst sind aus mehreren Schichten \u00fcbereinander aufgebaut, sodass sie einen sicht- und f\u00fchlbaren 3-dimensionalen Effekt ergeben. Die 12 Tulpen sind in 3 Lagen hintereinander mit Abstand angeordnet, was den 3-dimensionalen Effekt zus\u00e4tzlich verst\u00e4rkt. Aufgeklappt steht die Karte fest und frei im Raum. Die R\u00fcckseite ist ebenfalls sch\u00f6n bedruckt, inklusive Dankeswort und enth\u00e4lt eine ovale Leerstelle, in die Sie Ihre eigene Nachricht schreiben k\u00f6nnen. Eine ganz besondere Karte, die von allen Seiten bewundert werden kann.<\/p>\n<p>Sag es mit Blumen! <a href=\"https:\/\/popcards.nl\/de\/kategorie\/blumen-gruskarten\/\">Wir haben viele weitere Blumen-Popup-Karten.<\/a> Inklusive 2 weiteren dieser freistehenden Karten: einer Nelkenkarte und einer Hortensienkarte.<\/p>\n<p>Kartengr\u00f6\u00dfe 17,5\u00d711 cm. 3 cm tief erweitert.<br \/>\nInklusive passendem goldfarbenem Umschlag. Verpackt in einem Zellophanbeutel.<\/p>","protected":false},"excerpt":{"rendered":"<p>Bloemenkaart Tulpen. Nieuw! Deze bijzondere pop-up kaart is anders uitgevoerd dan onze gebruikelijke Popcards, maar heel erg leuk en verrassend. De kaart bestaat uit 12 in volle kleuren gedrukte Tulpen in grappige gouden theepot. De tulpen zelf zijn opgebouwd uit meerdere lagen op elkaar, zodat ze een zichtbaar en voelbaar 3-dimensionaal effect geven. De 12 [&hellip;]<\/p>\n","protected":false},"featured_media":28140,"comment_status":"open","ping_status":"closed","template":"","meta":{"_iconic_wsb_product_page_order_bump_ids":[[]],"_sku":["8785253683324"],"_iconic_wsb_product_page_bump_modal_ids":[[]]},"product_brand":[],"product_cat":[47],"product_tag":[48],"class_list":{"0":"post-28181","1":"product","2":"type-product","3":"status-publish","4":"has-post-thumbnail","6":"product_cat-bloemen-bloemenkaarten-wenskaarten","7":"product_tag-bloemen","8":"pa_brand-popcards","10":"first","11":"instock","12":"taxable","13":"shipping-taxable","14":"purchasable","15":"product-type-simple"},"gallery_images":[71082],"_links":{"self":[{"href":"https:\/\/popcards.nl\/de\/wp-json\/wp\/v2\/product\/28181","targetHints":{"allow":["GET"]}}],"collection":[{"href":"https:\/\/popcards.nl\/de\/wp-json\/wp\/v2\/product"}],"about":[{"href":"https:\/\/popcards.nl\/de\/wp-json\/wp\/v2\/types\/product"}],"replies":[{"embeddable":true,"href":"https:\/\/popcards.nl\/de\/wp-json\/wp\/v2\/comments?post=28181"}],"wp:featuredmedia":[{"embeddable":true,"href":"https:\/\/popcards.nl\/de\/wp-json\/wp\/v2\/media\/28140"}],"wp:attachment":[{"href":"https:\/\/popcards.nl\/de\/wp-json\/wp\/v2\/media?parent=28181"}],"wp:term":[{"taxonomy":"product_brand","embeddable":true,"href":"https:\/\/popcards.nl\/de\/wp-json\/wp\/v2\/product_brand?post=28181"},{"taxonomy":"product_cat","embeddable":true,"href":"https:\/\/popcards.nl\/de\/wp-json\/wp\/v2\/product_cat?post=28181"},{"taxonomy":"product_tag","embeddable":true,"href":"https:\/\/popcards.nl\/de\/wp-json\/wp\/v2\/product_tag?post=28181"}],"curies":[{"name":"wp","href":"https:\/\/api.w.org\/{rel}","templated":true}]}}