{"id":290,"date":"2018-07-16T17:47:47","date_gmt":"2018-07-16T15:47:47","guid":{"rendered":"https:\/\/popcards.nl\/?post_type=product&#038;p=290"},"modified":"2026-05-06T08:13:41","modified_gmt":"2026-05-06T06:13:41","slug":"zwei-geschenke-in-frohlichen-farben","status":"publish","type":"product","link":"https:\/\/popcards.nl\/de\/product\/cadeautjes-in-vrolijke-kleuren-pop-up-wenskaart\/","title":{"rendered":"Zwei Geschenke in leuchtenden Farben Popup-Gru\u00dfkarte"},"content":{"rendered":"<p>Zwei bunte Geschenke, zum jemand zu begl\u00fcckw\u00fcnschen. Geld als Geschenk zu geben ist immer ein bisschen grundlegend, aber wenn Sie das Geld in diese 3D-Popup-Karte stecken, dann geben Sie wirklich etwas Besonderes!<\/p>\n<p>Kartengr\u00f6\u00dfe 24 \u00d7 12 cm, gefaltet auf 12 \u00d7 12 cm.<br \/>\nInklusive passendem Blanko-Umschlag, verpackt in Cellophant\u00fcte.<\/p>","protected":false},"excerpt":{"rendered":"<p>Zwei bunte Geschenke, zum jemand zu begl\u00fcckw\u00fcnschen. Geld als Geschenk zu geben ist immer ein bisschen grundlegend, aber wenn Sie das Geld in diese 3D-Popup-Karte stecken, dann geben Sie wirklich etwas Besonderes! Kartengr\u00f6\u00dfe 24 \u00d7 12 cm, gefaltet auf 12 \u00d7 12 cm. Inklusive passendem Blanko-Umschlag, verpackt in Cellophant\u00fcte.<\/p>","protected":false},"featured_media":173,"comment_status":"open","ping_status":"closed","template":"","meta":{"_iconic_wsb_product_page_order_bump_ids":[[]],"_sku":["8945004309228"],"_iconic_wsb_product_page_bump_modal_ids":[[]]},"product_brand":[],"product_cat":[34],"product_tag":[53,112,137],"class_list":{"0":"post-290","1":"product","2":"type-product","3":"status-publish","4":"has-post-thumbnail","6":"product_cat-felicitatie-verjaardag-verjaardagskaarten","7":"product_tag-cadeau","8":"product_tag-geslaagd","9":"product_tag-verjaardag","10":"pa_brand-popcards","12":"first","13":"instock","14":"taxable","15":"shipping-taxable","16":"purchasable","17":"product-type-simple"},"gallery_images":[70057],"_links":{"self":[{"href":"https:\/\/popcards.nl\/de\/wp-json\/wp\/v2\/product\/290","targetHints":{"allow":["GET"]}}],"collection":[{"href":"https:\/\/popcards.nl\/de\/wp-json\/wp\/v2\/product"}],"about":[{"href":"https:\/\/popcards.nl\/de\/wp-json\/wp\/v2\/types\/product"}],"replies":[{"embeddable":true,"href":"https:\/\/popcards.nl\/de\/wp-json\/wp\/v2\/comments?post=290"}],"wp:featuredmedia":[{"embeddable":true,"href":"https:\/\/popcards.nl\/de\/wp-json\/wp\/v2\/media\/173"}],"wp:attachment":[{"href":"https:\/\/popcards.nl\/de\/wp-json\/wp\/v2\/media?parent=290"}],"wp:term":[{"taxonomy":"product_brand","embeddable":true,"href":"https:\/\/popcards.nl\/de\/wp-json\/wp\/v2\/product_brand?post=290"},{"taxonomy":"product_cat","embeddable":true,"href":"https:\/\/popcards.nl\/de\/wp-json\/wp\/v2\/product_cat?post=290"},{"taxonomy":"product_tag","embeddable":true,"href":"https:\/\/popcards.nl\/de\/wp-json\/wp\/v2\/product_tag?post=290"}],"curies":[{"name":"wp","href":"https:\/\/api.w.org\/{rel}","templated":true}]}}