{"id":29685,"date":"2021-07-16T22:11:13","date_gmt":"2021-07-16T20:11:13","guid":{"rendered":"https:\/\/popcards.nl\/?post_type=product&#038;p=29685"},"modified":"2026-05-08T13:30:07","modified_gmt":"2026-05-08T11:30:07","slug":"pink-sakura-kirschbluten-pop-up-gruskarte","status":"publish","type":"product","link":"https:\/\/popcards.nl\/de\/product\/roze-sakura-kersenbloesem-pop-up-wenskaart\/","title":{"rendered":"Rosa Sakura-Kirschbl\u00fcten-3D-Pop-Up-Karte"},"content":{"rendered":"<p>Dieser Sakura-Kirschbaum voller bl\u00fchender rosa Bl\u00fcten erscheint, wenn Sie diese Karte \u00f6ffnen. Sie sehen auch eine sch\u00f6ne Illustration eines Bl\u00fctenzweigs, der seine Bl\u00fcte freisetzt. Die Sakura-Blumen symbolisieren Gl\u00fcck, Liebe, Ende und vor allem einen Neuanfang. Weil die Bl\u00fcten so kurz bl\u00fchen, stehen Kirschbl\u00fctenb\u00e4ume auch f\u00fcr den menschlichen Tod. Sie erinnern uns daran, wie kurz und kostbar das Leben ist. Die Vorderseite ist attraktiv rosa mit einem wundersch\u00f6n gef\u00e4rbten Bl\u00fctenzweig.<\/p>\n<p><a href=\"https:\/\/popcards.nl\/de\/product-tag\/baum\/\">Wir haben noch mehr sch\u00f6ne B\u00e4ume in unserem Sortiment.\u00a0<\/a><\/p>\n<p>Kartengr\u00f6\u00dfe 26\u00d718 cm, gefaltet auf 13\u00d718 cm.<br \/>\nInklusive passendem Umschlag, verpackt in einem Zellophanbeutel.<\/p>","protected":false},"excerpt":{"rendered":"<p>Deze Sakura Kersenboom boordevol bloeiende roze bloesem popt op als u deze kaart opent. Ook ziet u een fraaie illustratie van een bloesemtak die haar bloesem loslaat. De Sakura bloemen symboliseren geluk, liefde, einde en vooral een nieuw begin. Omdat de bloesems zo kort bloeien, vertegenwoordigen kersenbloesem bomen ook menselijke overlijden. Ze herinneren ons eraan [&hellip;]<\/p>\n","protected":false},"featured_media":29674,"comment_status":"open","ping_status":"closed","template":"","meta":{"_iconic_wsb_product_page_order_bump_ids":[[]],"_sku":["8785253684406"],"_iconic_wsb_product_page_bump_modal_ids":[[]]},"product_brand":[],"product_cat":[47,78,34],"product_tag":[240,238],"class_list":{"0":"post-29685","1":"product","2":"type-product","3":"status-publish","4":"has-post-thumbnail","6":"product_cat-bloemen-bloemenkaarten-wenskaarten","7":"product_cat-beterschapskaarten-troostkaarten-condoleancekaarten","8":"product_cat-felicitatie-verjaardag-verjaardagskaarten","9":"product_tag-boom","10":"product_tag-sakura","11":"pa_brand-popcards","13":"first","14":"instock","15":"taxable","16":"shipping-taxable","17":"purchasable","18":"product-type-simple"},"gallery_images":[70630,47668],"_links":{"self":[{"href":"https:\/\/popcards.nl\/de\/wp-json\/wp\/v2\/product\/29685","targetHints":{"allow":["GET"]}}],"collection":[{"href":"https:\/\/popcards.nl\/de\/wp-json\/wp\/v2\/product"}],"about":[{"href":"https:\/\/popcards.nl\/de\/wp-json\/wp\/v2\/types\/product"}],"replies":[{"embeddable":true,"href":"https:\/\/popcards.nl\/de\/wp-json\/wp\/v2\/comments?post=29685"}],"wp:featuredmedia":[{"embeddable":true,"href":"https:\/\/popcards.nl\/de\/wp-json\/wp\/v2\/media\/29674"}],"wp:attachment":[{"href":"https:\/\/popcards.nl\/de\/wp-json\/wp\/v2\/media?parent=29685"}],"wp:term":[{"taxonomy":"product_brand","embeddable":true,"href":"https:\/\/popcards.nl\/de\/wp-json\/wp\/v2\/product_brand?post=29685"},{"taxonomy":"product_cat","embeddable":true,"href":"https:\/\/popcards.nl\/de\/wp-json\/wp\/v2\/product_cat?post=29685"},{"taxonomy":"product_tag","embeddable":true,"href":"https:\/\/popcards.nl\/de\/wp-json\/wp\/v2\/product_tag?post=29685"}],"curies":[{"name":"wp","href":"https:\/\/api.w.org\/{rel}","templated":true}]}}