{"id":29691,"date":"2021-07-16T22:27:37","date_gmt":"2021-07-16T20:27:37","guid":{"rendered":"https:\/\/popcards.nl\/?post_type=product&#038;p=29691"},"modified":"2026-04-16T17:50:12","modified_gmt":"2026-04-16T15:50:12","slug":"blumenkarte-umhang-stiefmutterchen-im-weidenkorb","status":"publish","type":"product","link":"https:\/\/popcards.nl\/de\/product\/bloemenkaart-kaaps-viooltje-in-rieten-mand\/","title":{"rendered":"Blumenkarte Cape Violet im Weidenkorb"},"content":{"rendered":"<p>Blumenkarte Cape Violet. Ein Weidenkorb voller bl\u00fchender tiefvioletter Kapveilchen. In der Ecke der Karte befindet sich eine dezente Illustration, die die Karte noch mehr versch\u00f6nert. Rundherum ist ausreichend Platz f\u00fcr Ihren pers\u00f6nlichen Text. Die tiefviolette Vorderseite enth\u00e4lt eine lasergeschnittene Illustration, die f\u00fcr einen besonderen Effekt sorgt.<\/p>\n<p>Veilchen haben etwas Liebenswertes. In der Blumensymbolik stehen sie f\u00fcr Demut, Bescheidenheit. Aber mit ihren herzf\u00f6rmigen \u201eGesichtern\u201c auch f\u00fcr Versuchung. Ihre Bedeutung ist daher nicht ganz unschuldig. Jeder kannte diese Blumensprache. Veilchen wurden daher oft als freiz\u00fcgige Korsagen getragen.<\/p>\n<p>Sag es mit Blumen! <a href=\"https:\/\/popcards.nl\/de\/kategorie\/blumen-gruskarten\/\">Wir haben viele weitere Blumen-Popup-Karten.<\/a><\/p>\n<p>Kartengr\u00f6\u00dfe 30 \u00d7 15 cm, gefaltet auf 15 \u00d7 15 cm.<br \/>\nInklusive passendem Umschlag, verpackt in einem Zellophanbeutel.<\/p>","protected":false},"excerpt":{"rendered":"<p>Bloemenkaart Kaaps Viooltje. Een rieten mandje vol bloeiende dieppaarse Kaapse viooltjes. In de hoek van de kaart een subtiele illustratie die de kaart extra verfraait. Daar omheen voldoende ruimte voor uw persoonlijke tekst. De dieppaarse voorkant bevat een laser uitgesneden illustratie wat een bijzonder effect geeft. Viooltjes hebben iets vertederends. Ze staan in de bloemensymboliek [&hellip;]<\/p>\n","protected":false},"featured_media":59178,"comment_status":"open","ping_status":"closed","template":"","meta":{"_iconic_wsb_product_page_order_bump_ids":[],"_sku":["8785253683201"],"_iconic_wsb_product_page_bump_modal_ids":[]},"product_brand":[],"product_cat":[47,78],"product_tag":[253,48],"class_list":{"0":"post-29691","1":"product","2":"type-product","3":"status-publish","4":"has-post-thumbnail","6":"product_cat-bloemen-bloemenkaarten-wenskaarten","7":"product_cat-beterschapskaarten-troostkaarten-condoleancekaarten","8":"product_tag-beterschap","9":"product_tag-bloemen","10":"pa_brand-popcards","12":"first","13":"instock","14":"taxable","15":"shipping-taxable","16":"purchasable","17":"product-type-simple"},"gallery_images":[],"_links":{"self":[{"href":"https:\/\/popcards.nl\/de\/wp-json\/wp\/v2\/product\/29691","targetHints":{"allow":["GET"]}}],"collection":[{"href":"https:\/\/popcards.nl\/de\/wp-json\/wp\/v2\/product"}],"about":[{"href":"https:\/\/popcards.nl\/de\/wp-json\/wp\/v2\/types\/product"}],"replies":[{"embeddable":true,"href":"https:\/\/popcards.nl\/de\/wp-json\/wp\/v2\/comments?post=29691"}],"wp:featuredmedia":[{"embeddable":true,"href":"https:\/\/popcards.nl\/de\/wp-json\/wp\/v2\/media\/59178"}],"wp:attachment":[{"href":"https:\/\/popcards.nl\/de\/wp-json\/wp\/v2\/media?parent=29691"}],"wp:term":[{"taxonomy":"product_brand","embeddable":true,"href":"https:\/\/popcards.nl\/de\/wp-json\/wp\/v2\/product_brand?post=29691"},{"taxonomy":"product_cat","embeddable":true,"href":"https:\/\/popcards.nl\/de\/wp-json\/wp\/v2\/product_cat?post=29691"},{"taxonomy":"product_tag","embeddable":true,"href":"https:\/\/popcards.nl\/de\/wp-json\/wp\/v2\/product_tag?post=29691"}],"curies":[{"name":"wp","href":"https:\/\/api.w.org\/{rel}","templated":true}]}}