{"id":29698,"date":"2021-07-16T22:42:46","date_gmt":"2021-07-16T20:42:46","guid":{"rendered":"https:\/\/popcards.nl\/?post_type=product&#038;p=29698"},"modified":"2026-04-03T09:28:18","modified_gmt":"2026-04-03T07:28:18","slug":"alpenveilchen-rosa-blumen-pop-up-gruskarte","status":"publish","type":"product","link":"https:\/\/popcards.nl\/de\/product\/cyclamen-roze-bloemen-pop-up-wenskaart\/","title":{"rendered":"Alpenveilchen rosa Blumen Gru\u00dfkarte Pop-up-Karte"},"content":{"rendered":"<p>Blumenkarte Alpenveilchen. Eine wundersch\u00f6ne volle Pflanze voller bl\u00fchender Alpenveilchen in der beliebten lila-rosa Farbe. Die dunkelgr\u00fcnen Bl\u00e4tter kontrastieren wunderbar mit den leuchtenden Farben der Bl\u00fcten. Eine sch\u00f6ne Illustration macht diese Karte zu einem harmonischen Ganzen. Um ihn herum ist genug Platz f\u00fcr Ihren pers\u00f6nlichen Text. Die dunkelrote Front enth\u00e4lt auch eine so sch\u00f6ne Alpenveilchenpflanze. Diese Pflanze wird nicht darauf gedruckt, sondern separat ausgeschnitten und auf die Vorderseite geklebt, was einen besonderen Effekt ergibt.<\/p>\n<p>Sag es mit Blumen! <a href=\"https:\/\/popcards.nl\/de\/kategorie\/blumen-gruskarten\/\">Wir haben viele weitere Blumen-Popup-Karten.<\/a><\/p>\n<p>Kartengr\u00f6\u00dfe 24 x 17 cm, gefaltet auf 12 \u00d7 17 cm.<br \/>\nInklusive passendem Umschlag, verpackt in einem Zellophanbeutel.<\/p>","protected":false},"excerpt":{"rendered":"<p>Bloemenkaart Cyclamen. Een prachtige volle plant vol bloeiende cyclamen in de zo geliefde paars-roze kleur. De donkergroene bladeren staan in fraai contrast met de felle kleuren van de bloemen. Een fraaie illustratie maakt deze kaart tot een harmonieus geheel. Daar omheen voldoende ruimte voor uw persoonlijke tekst. De donkerrode voorkant bevat ook al zo\u2019n fraaie [&hellip;]<\/p>\n","protected":false},"featured_media":29673,"comment_status":"open","ping_status":"closed","template":"","meta":{"_iconic_wsb_product_page_order_bump_ids":[[]],"_sku":["8785253683508"],"_iconic_wsb_product_page_bump_modal_ids":[[]]},"product_brand":[],"product_cat":[47],"product_tag":[48],"class_list":{"0":"post-29698","1":"product","2":"type-product","3":"status-publish","4":"has-post-thumbnail","6":"product_cat-bloemen-bloemenkaarten-wenskaarten","7":"product_tag-bloemen","8":"pa_brand-popcards","10":"first","11":"instock","12":"taxable","13":"shipping-taxable","14":"purchasable","15":"product-type-simple"},"gallery_images":[85997],"_links":{"self":[{"href":"https:\/\/popcards.nl\/de\/wp-json\/wp\/v2\/product\/29698","targetHints":{"allow":["GET"]}}],"collection":[{"href":"https:\/\/popcards.nl\/de\/wp-json\/wp\/v2\/product"}],"about":[{"href":"https:\/\/popcards.nl\/de\/wp-json\/wp\/v2\/types\/product"}],"replies":[{"embeddable":true,"href":"https:\/\/popcards.nl\/de\/wp-json\/wp\/v2\/comments?post=29698"}],"wp:featuredmedia":[{"embeddable":true,"href":"https:\/\/popcards.nl\/de\/wp-json\/wp\/v2\/media\/29673"}],"wp:attachment":[{"href":"https:\/\/popcards.nl\/de\/wp-json\/wp\/v2\/media?parent=29698"}],"wp:term":[{"taxonomy":"product_brand","embeddable":true,"href":"https:\/\/popcards.nl\/de\/wp-json\/wp\/v2\/product_brand?post=29698"},{"taxonomy":"product_cat","embeddable":true,"href":"https:\/\/popcards.nl\/de\/wp-json\/wp\/v2\/product_cat?post=29698"},{"taxonomy":"product_tag","embeddable":true,"href":"https:\/\/popcards.nl\/de\/wp-json\/wp\/v2\/product_tag?post=29698"}],"curies":[{"name":"wp","href":"https:\/\/api.w.org\/{rel}","templated":true}]}}