{"id":297,"date":"2018-07-16T18:15:32","date_gmt":"2018-07-16T16:15:32","guid":{"rendered":"https:\/\/popcards.nl\/?post_type=product&#038;p=297"},"modified":"2026-05-10T21:00:21","modified_gmt":"2026-05-10T19:00:21","slug":"gitarre-schwarz-vorne","status":"publish","type":"product","link":"https:\/\/popcards.nl\/de\/product\/akoestische-gitaar-live-music-pop-up-wenskaart\/","title":{"rendered":"Akustikgitarre Live-Musik 3D Pop-up-Gru\u00dfkarte"},"content":{"rendered":"<p>Diese Akustikgitarre sieht auf dieser Popup-Gru\u00dfkarte gro\u00dfartig aus. Und sehr sch\u00f6n, wenn der Empf\u00e4nger auch Gitarre spielt oder die Gitarre mag.<\/p>\n<p>Kartengr\u00f6\u00dfe 26 \u00d7 15,5 cm, gefaltet auf 13 \u00d7 15,5 cm.<br \/>\nInklusive passendem Blanko-Umschlag, verpackt in Cellophant\u00fcte.<\/p>","protected":false},"excerpt":{"rendered":"<p>Diese Akustikgitarre macht sich auf dieser Pop-up-Gru\u00dfkarte besonders gut. Und noch mehr Freude macht es, wenn der Beschenkte selbst Gitarre spielt oder liebt. Kartengr\u00f6\u00dfe 26\u00d715,5 cm, gefaltet auf 13\u00d715,5 cm. Inklusive passendem Blanko-Umschlag, verpackt in Cellophanbeutel.<\/p>","protected":false},"featured_media":187,"comment_status":"open","ping_status":"closed","template":"","meta":{"_iconic_wsb_product_page_order_bump_ids":[[]],"_sku":["8945004309327"],"_iconic_wsb_product_page_bump_modal_ids":[[]]},"product_brand":[],"product_cat":[58,78,27,57],"product_tag":[134],"class_list":{"0":"post-297","1":"product","2":"type-product","3":"status-publish","4":"has-post-thumbnail","6":"product_cat-muziek-muziekinstrumenten-wenskaarten","7":"product_cat-beterschapskaarten-troostkaarten-condoleancekaarten","8":"product_cat-liefde-liefdeskaarten-valentijnskaarten","9":"product_cat-uitnodigingen-uitnodigingskaarten-verjaardag-jubileum","10":"product_tag-muziek","11":"pa_brand-popcards","13":"first","14":"instock","15":"taxable","16":"shipping-taxable","17":"purchasable","18":"product-type-simple"},"gallery_images":[71080],"_links":{"self":[{"href":"https:\/\/popcards.nl\/de\/wp-json\/wp\/v2\/product\/297","targetHints":{"allow":["GET"]}}],"collection":[{"href":"https:\/\/popcards.nl\/de\/wp-json\/wp\/v2\/product"}],"about":[{"href":"https:\/\/popcards.nl\/de\/wp-json\/wp\/v2\/types\/product"}],"replies":[{"embeddable":true,"href":"https:\/\/popcards.nl\/de\/wp-json\/wp\/v2\/comments?post=297"}],"wp:featuredmedia":[{"embeddable":true,"href":"https:\/\/popcards.nl\/de\/wp-json\/wp\/v2\/media\/187"}],"wp:attachment":[{"href":"https:\/\/popcards.nl\/de\/wp-json\/wp\/v2\/media?parent=297"}],"wp:term":[{"taxonomy":"product_brand","embeddable":true,"href":"https:\/\/popcards.nl\/de\/wp-json\/wp\/v2\/product_brand?post=297"},{"taxonomy":"product_cat","embeddable":true,"href":"https:\/\/popcards.nl\/de\/wp-json\/wp\/v2\/product_cat?post=297"},{"taxonomy":"product_tag","embeddable":true,"href":"https:\/\/popcards.nl\/de\/wp-json\/wp\/v2\/product_tag?post=297"}],"curies":[{"name":"wp","href":"https:\/\/api.w.org\/{rel}","templated":true}]}}