{"id":29704,"date":"2021-07-16T23:13:16","date_gmt":"2021-07-16T21:13:16","guid":{"rendered":"https:\/\/popcards.nl\/?post_type=product&#038;p=29704"},"modified":"2026-03-12T14:58:53","modified_gmt":"2026-03-12T13:58:53","slug":"lustige-banane-gruskarte-go-bananas-card","status":"publish","type":"product","link":"https:\/\/popcards.nl\/de\/product\/grappige-banaan-wenskaart-go-bananas-kaart\/","title":{"rendered":"Lustige Bananen-Gru\u00dfkarte \u2013 Go Bananas! Einladung zum Geburtstag"},"content":{"rendered":"<p>Geh mit dieser Banane! Dieser niederl\u00e4ndische Ausdruck hat eine tiefere Bedeutung: eine Aufforderung zum Handeln. Hop Hop, komm schon! Nach vorne! Beeil dich! Tue es!<\/p>\n<p>Viele Menschen k\u00f6nnen eine so fr\u00f6hliche dynamische halbgesch\u00e4lte Banane zu sch\u00e4tzen wissen. <strong>Geh Bananen! <\/strong>Eine gute Zeit haben. Erfolgreich als Einladung zu einer schwungvollen Party oder einer intimen Party.<\/p>\n<p>Kartengr\u00f6\u00dfe 30 x 15 cm, gefaltet auf 15 x 15 cm.<br \/>\nInklusive passendem Blanko-Umschlag, verpackt in Cellophant\u00fcte.<\/p>","protected":false},"excerpt":{"rendered":"<p>Gaan met die banaan! Deze Nederlandse uitdrukking heeft als diepere betekenis: een aansporing tot actie. Hophop, kom op! Vooruit! Opschieten! Ga er voor! Zo\u2019n vrolijk dynamisch half gepeld banaantje kunnen veel mensen in deze tijd wel waarderen. Go Bananas! Lekker uit je dak gaan. Succes verzekerd als uitnodiging voor een swingende party of intiem feestje. [&hellip;]<\/p>\n","protected":false},"featured_media":76046,"comment_status":"open","ping_status":"closed","template":"","meta":{"_iconic_wsb_product_page_order_bump_ids":[[]],"_sku":["8785253683904"],"_iconic_wsb_product_page_bump_modal_ids":[[]]},"product_brand":[],"product_cat":[34,57],"product_tag":[285,242,137],"class_list":{"0":"post-29704","1":"product","2":"type-product","3":"status-publish","4":"has-post-thumbnail","6":"product_cat-felicitatie-verjaardag-verjaardagskaarten","7":"product_cat-uitnodigingen-uitnodigingskaarten-verjaardag-jubileum","8":"product_tag-humor","9":"product_tag-jubileum","10":"product_tag-verjaardag","11":"pa_brand-popcards","13":"first","14":"outofstock","15":"taxable","16":"shipping-taxable","17":"purchasable","18":"product-type-simple"},"gallery_images":[75998],"_links":{"self":[{"href":"https:\/\/popcards.nl\/de\/wp-json\/wp\/v2\/product\/29704","targetHints":{"allow":["GET"]}}],"collection":[{"href":"https:\/\/popcards.nl\/de\/wp-json\/wp\/v2\/product"}],"about":[{"href":"https:\/\/popcards.nl\/de\/wp-json\/wp\/v2\/types\/product"}],"replies":[{"embeddable":true,"href":"https:\/\/popcards.nl\/de\/wp-json\/wp\/v2\/comments?post=29704"}],"wp:featuredmedia":[{"embeddable":true,"href":"https:\/\/popcards.nl\/de\/wp-json\/wp\/v2\/media\/76046"}],"wp:attachment":[{"href":"https:\/\/popcards.nl\/de\/wp-json\/wp\/v2\/media?parent=29704"}],"wp:term":[{"taxonomy":"product_brand","embeddable":true,"href":"https:\/\/popcards.nl\/de\/wp-json\/wp\/v2\/product_brand?post=29704"},{"taxonomy":"product_cat","embeddable":true,"href":"https:\/\/popcards.nl\/de\/wp-json\/wp\/v2\/product_cat?post=29704"},{"taxonomy":"product_tag","embeddable":true,"href":"https:\/\/popcards.nl\/de\/wp-json\/wp\/v2\/product_tag?post=29704"}],"curies":[{"name":"wp","href":"https:\/\/api.w.org\/{rel}","templated":true}]}}