{"id":29709,"date":"2021-07-16T23:19:39","date_gmt":"2021-07-16T21:19:39","guid":{"rendered":"https:\/\/popcards.nl\/?post_type=product&#038;p=29709"},"modified":"2026-05-05T18:15:26","modified_gmt":"2026-05-05T16:15:26","slug":"gluckliche-affen-im-baum-pop-up-karte","status":"publish","type":"product","link":"https:\/\/popcards.nl\/de\/product\/vrolijke-aapjes-in-een-boom-pop-up-kaart\/","title":{"rendered":"Gl\u00fcckliche Affen in einer Baum-Popup-Karte"},"content":{"rendered":"<p>Diese fr\u00f6hlichen Affen haben Spa\u00df zu dritt. Schau dir an, wie sie im Baum schaukeln. Erfolgsgarantie als Einladung zur Swingparty oder Funparty. Und als Kinderkarte ein Gewinn f\u00fcr jedes Kind, das Tiere liebt. Mit Opa und Oma in den Zoo gehen? <a href=\"https:\/\/popcards.nl\/de\/kategorie\/tiere-gruskarten\/\">Kennen Sie schon unsere anderen Tiergru\u00dfkarten?<\/a><\/p>\n<p>Kartengr\u00f6\u00dfe 30 x 15 cm, gefaltet auf 15 x 15 cm.<br \/>\nInklusive passendem Blanko-Umschlag, verpackt in Cellophant\u00fcte.<\/p>","protected":false},"excerpt":{"rendered":"<p>Deze vrolijke aapjes hebben pret voor drie. Kijk ze eens swingen aan en in de boom. Succes verzekerd als uitnodiging voor een swingende party of gezellig feestje. En als kinderkaart een topper voor elk kindje dat van dieren houdt. Samen met opa en oma naar de dierentuin? Heb je ook onze andere dieren wenskaarten gezien? [&hellip;]<\/p>\n","protected":false},"featured_media":29678,"comment_status":"open","ping_status":"closed","template":"","meta":{"_iconic_wsb_product_page_order_bump_ids":[[]],"_sku":["8785253683003"],"_iconic_wsb_product_page_bump_modal_ids":[[]]},"product_brand":[],"product_cat":[21,34],"product_tag":[132,51],"class_list":{"0":"post-29709","1":"product","2":"type-product","3":"status-publish","4":"has-post-thumbnail","6":"product_cat-dieren-dierenkaarten-wenskaarten","7":"product_cat-felicitatie-verjaardag-verjaardagskaarten","8":"product_tag-dier","9":"product_tag-dierentuin","10":"pa_brand-popcards","12":"first","13":"instock","14":"taxable","15":"shipping-taxable","16":"purchasable","17":"product-type-simple"},"gallery_images":[68941],"_links":{"self":[{"href":"https:\/\/popcards.nl\/de\/wp-json\/wp\/v2\/product\/29709","targetHints":{"allow":["GET"]}}],"collection":[{"href":"https:\/\/popcards.nl\/de\/wp-json\/wp\/v2\/product"}],"about":[{"href":"https:\/\/popcards.nl\/de\/wp-json\/wp\/v2\/types\/product"}],"replies":[{"embeddable":true,"href":"https:\/\/popcards.nl\/de\/wp-json\/wp\/v2\/comments?post=29709"}],"wp:featuredmedia":[{"embeddable":true,"href":"https:\/\/popcards.nl\/de\/wp-json\/wp\/v2\/media\/29678"}],"wp:attachment":[{"href":"https:\/\/popcards.nl\/de\/wp-json\/wp\/v2\/media?parent=29709"}],"wp:term":[{"taxonomy":"product_brand","embeddable":true,"href":"https:\/\/popcards.nl\/de\/wp-json\/wp\/v2\/product_brand?post=29709"},{"taxonomy":"product_cat","embeddable":true,"href":"https:\/\/popcards.nl\/de\/wp-json\/wp\/v2\/product_cat?post=29709"},{"taxonomy":"product_tag","embeddable":true,"href":"https:\/\/popcards.nl\/de\/wp-json\/wp\/v2\/product_tag?post=29709"}],"curies":[{"name":"wp","href":"https:\/\/api.w.org\/{rel}","templated":true}]}}