{"id":299,"date":"2018-07-16T18:48:39","date_gmt":"2018-07-16T16:48:39","guid":{"rendered":"https:\/\/popcards.nl\/?post_type=product&#038;p=299"},"modified":"2026-04-14T09:09:18","modified_gmt":"2026-04-14T07:09:18","slug":"klassisches-flugzeug-mit-propeller","status":"publish","type":"product","link":"https:\/\/popcards.nl\/de\/product\/vliegtuig-met-propellor-dubbeldekker-wenskaart\/","title":{"rendered":"Flugzeug Propeller Doppeldecker Pop-up-Gru\u00dfkarte"},"content":{"rendered":"<p>Dieses klassische Flugzeug ist sehr sch\u00f6n. Mit dieser Popup-Gru\u00dfkarte tun Sie jedem Flugzeugenthusiasten einen gro\u00dfen Gefallen! Neben diesem klassischen Flugzeug haben wir auch <a href=\"https:\/\/popcards.nl\/de\/product\/modernes-flugzeug\/\">ein modernes Flugzeug<\/a> in unserem Sortiment.<\/p>\n<p>Kartengr\u00f6\u00dfe 26 \u00d7 15 cm, gefaltet auf 13 \u00d7 15 cm.<br \/>\nInklusive passendem Blanko-Umschlag, verpackt in Cellophant\u00fcte.<\/p>","protected":false},"excerpt":{"rendered":"<p>Dieses klassische Flugzeug ist sehr sch\u00f6n. Mit dieser Pop-Up-Gru\u00dfkarte machen Sie jedem Flugzeugliebhaber eine gro\u00dfe Freude! Neben diesem klassischen Flugzeug haben wir auch ein modernes Flugzeug in unserem Sortiment. Kartengr\u00f6\u00dfe 26\u00d715 cm, gefaltet auf 13\u00d715 cm. Inklusive passendem Blanko-Umschlag, verpackt in Zellophanbeutel.<\/p>","protected":false},"featured_media":246,"comment_status":"open","ping_status":"closed","template":"","meta":{"_iconic_wsb_product_page_order_bump_ids":[[]],"_sku":["8945004309297"],"_iconic_wsb_product_page_bump_modal_ids":[[]]},"product_brand":[],"product_cat":[17],"product_tag":[133],"class_list":{"0":"post-299","1":"product","2":"type-product","3":"status-publish","4":"has-post-thumbnail","6":"product_cat-voertuigen-schip-trein-vliegtuig-auto-fiets","7":"product_tag-vliegtuig","8":"pa_brand-popcards","10":"first","11":"instock","12":"taxable","13":"shipping-taxable","14":"purchasable","15":"product-type-simple"},"gallery_images":[71099],"_links":{"self":[{"href":"https:\/\/popcards.nl\/de\/wp-json\/wp\/v2\/product\/299","targetHints":{"allow":["GET"]}}],"collection":[{"href":"https:\/\/popcards.nl\/de\/wp-json\/wp\/v2\/product"}],"about":[{"href":"https:\/\/popcards.nl\/de\/wp-json\/wp\/v2\/types\/product"}],"replies":[{"embeddable":true,"href":"https:\/\/popcards.nl\/de\/wp-json\/wp\/v2\/comments?post=299"}],"wp:featuredmedia":[{"embeddable":true,"href":"https:\/\/popcards.nl\/de\/wp-json\/wp\/v2\/media\/246"}],"wp:attachment":[{"href":"https:\/\/popcards.nl\/de\/wp-json\/wp\/v2\/media?parent=299"}],"wp:term":[{"taxonomy":"product_brand","embeddable":true,"href":"https:\/\/popcards.nl\/de\/wp-json\/wp\/v2\/product_brand?post=299"},{"taxonomy":"product_cat","embeddable":true,"href":"https:\/\/popcards.nl\/de\/wp-json\/wp\/v2\/product_cat?post=299"},{"taxonomy":"product_tag","embeddable":true,"href":"https:\/\/popcards.nl\/de\/wp-json\/wp\/v2\/product_tag?post=299"}],"curies":[{"name":"wp","href":"https:\/\/api.w.org\/{rel}","templated":true}]}}