{"id":40039,"date":"2022-03-24T21:11:14","date_gmt":"2022-03-24T20:11:14","guid":{"rendered":"https:\/\/popcards.nl\/?post_type=product&#038;p=40039"},"modified":"2026-04-20T22:52:21","modified_gmt":"2026-04-20T20:52:21","slug":"bluhende-ganseblumchen-blumen-pop-up-karte","status":"publish","type":"product","link":"https:\/\/popcards.nl\/de\/product\/bloeiende-margrieten-bloemen-pop-up-kaart\/","title":{"rendered":"Sch\u00f6ne bl\u00fchende G\u00e4nsebl\u00fcmchen-Blumen Pop-Up-Gru\u00dfkarte"},"content":{"rendered":"<p>Diese Pop-up-Karte ist vollgestopft mit bl\u00fchenden G\u00e4nsebl\u00fcmchen, die mit ihren sonnengelben Herzen und wei\u00dfen Bl\u00fctenbl\u00e4ttern ein fr\u00f6hliches Sommerbild bilden. Der weiche blaue Hintergrund f\u00e4rbt sich sch\u00f6n mit dem Gelb, Wei\u00df und Gr\u00fcn der G\u00e4nsebl\u00fcmchen. Diese Karte enth\u00e4lt die meisten Blumen aller unserer Pop-up-Karten, Sie werden \u00fcberrascht sein, wie viele Blumen in die Karte passen. Eine lose eingelegte Karte f\u00fcr einen netten Text liegt bei. Sag es mit Blumen, ja das kannst du mit dieser sch\u00f6nen Karte sehr gut. Zum Geburtstag, Muttertag oder einfach aus Freundschaft. Die Vorderseite der Karte zeigt eine wundersch\u00f6n gedruckte Illustration von 2 G\u00e4nsebl\u00fcmchen als Vorgeschmack auf den beeindruckenden Inhalt. <a href=\"https:\/\/popcards.nl\/de\/kategorie\/blumen-gruskarten\/\">Popcards hat viele weitere Blumen-Popup-Karten.<\/a><\/p>\n<p>Kartengr\u00f6\u00dfe 25 \u00d7 18 cm, gefaltet auf 12,5 \u00d7 15 cm.<br \/>\nInklusive passendem goldfarbenem Umschlag, verpackt in Zellophantasche.<\/p>","protected":false},"excerpt":{"rendered":"<p>Deze Pop-up kaart zit helemaal vol bloeiende margrieten, die met hun zonnige gele hartjes en witte bloemblaadjes een vrolijk zomers tafereeltje vormen. De zachtblauwe ondergrond kleurt prachtig bij het geel, wit en groen van de margrieten. Deze kaart bevat de meeste bloemen van al onze pop-up kaarten, je bent verbaasd dat zoveel bloemen in de [&hellip;]<\/p>\n","protected":false},"featured_media":39962,"comment_status":"open","ping_status":"closed","template":"","meta":{"_iconic_wsb_product_page_order_bump_ids":[[]],"_sku":["8785253683744"],"_iconic_wsb_product_page_bump_modal_ids":[[]]},"product_brand":[],"product_cat":[47],"product_tag":[48],"class_list":{"0":"post-40039","1":"product","2":"type-product","3":"status-publish","4":"has-post-thumbnail","6":"product_cat-bloemen-bloemenkaarten-wenskaarten","7":"product_tag-bloemen","8":"pa_brand-popcards","10":"first","11":"instock","12":"taxable","13":"shipping-taxable","14":"purchasable","15":"product-type-simple"},"gallery_images":[75495],"_links":{"self":[{"href":"https:\/\/popcards.nl\/de\/wp-json\/wp\/v2\/product\/40039","targetHints":{"allow":["GET"]}}],"collection":[{"href":"https:\/\/popcards.nl\/de\/wp-json\/wp\/v2\/product"}],"about":[{"href":"https:\/\/popcards.nl\/de\/wp-json\/wp\/v2\/types\/product"}],"replies":[{"embeddable":true,"href":"https:\/\/popcards.nl\/de\/wp-json\/wp\/v2\/comments?post=40039"}],"wp:featuredmedia":[{"embeddable":true,"href":"https:\/\/popcards.nl\/de\/wp-json\/wp\/v2\/media\/39962"}],"wp:attachment":[{"href":"https:\/\/popcards.nl\/de\/wp-json\/wp\/v2\/media?parent=40039"}],"wp:term":[{"taxonomy":"product_brand","embeddable":true,"href":"https:\/\/popcards.nl\/de\/wp-json\/wp\/v2\/product_brand?post=40039"},{"taxonomy":"product_cat","embeddable":true,"href":"https:\/\/popcards.nl\/de\/wp-json\/wp\/v2\/product_cat?post=40039"},{"taxonomy":"product_tag","embeddable":true,"href":"https:\/\/popcards.nl\/de\/wp-json\/wp\/v2\/product_tag?post=40039"}],"curies":[{"name":"wp","href":"https:\/\/api.w.org\/{rel}","templated":true}]}}