{"id":40042,"date":"2022-03-24T21:34:32","date_gmt":"2022-03-24T20:34:32","guid":{"rendered":"https:\/\/popcards.nl\/?post_type=product&#038;p=40042"},"modified":"2026-04-14T10:44:03","modified_gmt":"2026-04-14T08:44:03","slug":"muttertag-ich-liebe-mama-anemone-pop-up-karte","status":"publish","type":"product","link":"https:\/\/popcards.nl\/de\/product\/moederdag-i-love-mom-anemonen-pop-up-kaart\/","title":{"rendered":"Muttertag &amp; Geburtstag \u2013 I Love Mom mit Anemonen Pop-up-Karte"},"content":{"rendered":"<p>Muttertag, oder es ist der Geburtstag Ihrer Mutter. Ich liebe dich, Mama. Ich liebe dich, Mama.<\/p>\n<p>Die beste Mutter aller Zeiten! Eine sch\u00f6ne gro\u00dfe und volle Pop-up-Karte mit rosa und rotem 3-D-Text und verziert mit bl\u00fchenden Anemonen. Eingelegt ist eine separate Karte, auf die Sie etwas S\u00fc\u00dfes schreiben k\u00f6nnen. Am Sonntag, 8. Mai, ist Muttertag. Wenn Sie diese Karte also vor Freitag, dem 6. Mai, verschicken, haben Sie gute Chancen, Ihre Mutter damit angenehm zu \u00fcberraschen. Noch mehr Spa\u00df macht es, wenn du diese Karte am 8. Mai pers\u00f6nlich deiner Mutter \u00fcberreichst. Wenn Ihre Mutter Geburtstag hat, wird sie diese Karte ebenfalls lieben. <a href=\"https:\/\/popcards.nl\/de\/product-tag\/muttertag\/\">Wir haben noch mehr Gru\u00dfkarten zum Muttertag.<\/a><\/p>\n<p>Kartengr\u00f6\u00dfe 30 x 20 cm, gefaltet auf 15 x 20 cm.<br \/>\nInklusive passendem goldfarbenem Umschlag, verpackt in Zellophantasche.<\/p>","protected":false},"excerpt":{"rendered":"<p>Moederdag, of je moeder is jarig. I love you, Mom. Ik hou van je, mama. Best Mom Ever! Een lekkere grote en volle pop-up kaart met roze en rode 3-D tekst en versierd met bloeiende anemonen. Ingestoken zit een los kaartje waarop je wat liefs kan schrijven. Zondag 8 mei is het Moederdag. Dus als [&hellip;]<\/p>\n","protected":false},"featured_media":39963,"comment_status":"open","ping_status":"closed","template":"","meta":{"_iconic_wsb_product_page_order_bump_ids":[[]],"_sku":["8785253683553"],"_iconic_wsb_product_page_bump_modal_ids":[[]]},"product_brand":[],"product_cat":[34,47],"product_tag":[127],"class_list":{"0":"post-40042","1":"product","2":"type-product","3":"status-publish","4":"has-post-thumbnail","6":"product_cat-felicitatie-verjaardag-verjaardagskaarten","7":"product_cat-bloemen-bloemenkaarten-wenskaarten","8":"product_tag-moederdag","9":"pa_brand-popcards","11":"first","12":"instock","13":"taxable","14":"shipping-taxable","15":"purchasable","16":"product-type-simple"},"gallery_images":[85962],"_links":{"self":[{"href":"https:\/\/popcards.nl\/de\/wp-json\/wp\/v2\/product\/40042","targetHints":{"allow":["GET"]}}],"collection":[{"href":"https:\/\/popcards.nl\/de\/wp-json\/wp\/v2\/product"}],"about":[{"href":"https:\/\/popcards.nl\/de\/wp-json\/wp\/v2\/types\/product"}],"replies":[{"embeddable":true,"href":"https:\/\/popcards.nl\/de\/wp-json\/wp\/v2\/comments?post=40042"}],"wp:featuredmedia":[{"embeddable":true,"href":"https:\/\/popcards.nl\/de\/wp-json\/wp\/v2\/media\/39963"}],"wp:attachment":[{"href":"https:\/\/popcards.nl\/de\/wp-json\/wp\/v2\/media?parent=40042"}],"wp:term":[{"taxonomy":"product_brand","embeddable":true,"href":"https:\/\/popcards.nl\/de\/wp-json\/wp\/v2\/product_brand?post=40042"},{"taxonomy":"product_cat","embeddable":true,"href":"https:\/\/popcards.nl\/de\/wp-json\/wp\/v2\/product_cat?post=40042"},{"taxonomy":"product_tag","embeddable":true,"href":"https:\/\/popcards.nl\/de\/wp-json\/wp\/v2\/product_tag?post=40042"}],"curies":[{"name":"wp","href":"https:\/\/api.w.org\/{rel}","templated":true}]}}