{"id":41432,"date":"2022-05-02T22:06:38","date_gmt":"2022-05-02T20:06:38","guid":{"rendered":"https:\/\/popcards.nl\/?post_type=product&#038;p=41432"},"modified":"2025-10-08T12:19:30","modified_gmt":"2025-10-08T10:19:30","slug":"hochzeitskarte-hochzeitskarte-pop-up-karte","status":"publish","type":"product","link":"https:\/\/popcards.nl\/de\/product\/trouwkaart-huwelijkskaart-pop-up-kaart\/","title":{"rendered":"Bunte Hochzeitseinladung Pop-Up-Hochzeitskarte"},"content":{"rendered":"<p>Romantische Karte, in der ein Mann und eine Frau ihre Liebe zueinander zeigen. Sie stehen unter einem farbenfrohen \u201eLebensbaum\u201c in Herzform, wobei jede Farbe ein (zuk\u00fcnftiges) Ereignis in ihrem Leben symbolisiert. Das Leben ist voller \u00dcberraschungen, die sie gemeinsam erleben werden. Die Vorderseite ist in schickem Silber gehalten und zeigt eine attraktiv geschnittene cremefarbene Illustration eines Mannes und einer Frau zwischen Lupinenbl\u00fcten. Sie k\u00f6nnen diese Popcard als Ank\u00fcndigungskarte f\u00fcr Ihre Hochzeit oder Ihr Zusammenleben verwenden. Die Hochzeitskarte eignet sich auch als Geschenk f\u00fcr das Paar, das den Bund der Ehe schlie\u00dft oder zusammenzieht. Passend dazu gibt es eine separate Karte, auf die Sie Ihre Ank\u00fcndigung oder Gl\u00fcckw\u00fcnsche schreiben k\u00f6nnen.<\/p>\n<p><strong>Auch in gr\u00f6\u00dferer Auflage als Ank\u00fcndigung Ehe\/Lebensgemeinschaft zu verwenden.<\/strong><\/p>\n<p><a href=\"https:\/\/popcards.nl\/de\/gruskarte-2\/hochzeitskarte-pop-up-hochzeitskarte-silber\/\">Diese Popcard ist auch in einer klassischeren Version erh\u00e4ltlich, mit einem Brautpaar in einem wei\u00dfen Hochzeitskleid\/Kost\u00fcm und einer silbernen Vorderseite.<\/a> <a href=\"https:\/\/popcards.nl\/de\/kategorie\/heiraten-und-hochzeitseinladungen\/\">Wir haben auch mehr Hochzeitskarten.<\/a><\/p>\n<p>Kartengr\u00f6\u00dfe 30\u00d715 cm, gefaltet auf 15\u00d715 cm. Inklusive separater Karte 8 x 10,5 cm und passendem Umschlag, verpackt in Cellophanbeutel.<\/p>","protected":false},"excerpt":{"rendered":"<p>Romantische kaart waarin een man en vrouw hun liefde voor elkaar tonen. Ze staan onder een kleurrijke \u201clevensboom\u201d in hartvorm waarvan elke kleur symbool staat voor een (toekomstige) gebeurtenis in hun leven. Het leven zit vol verrassingen, die ze samen gaan beleven. De voorkant is chique zilver en heeft een sfeervol uitgesneden cr\u00e8mekleurige illustratie van [&hellip;]<\/p>\n","protected":false},"featured_media":72933,"comment_status":"open","ping_status":"closed","template":"","meta":{"_iconic_wsb_product_page_order_bump_ids":[[]],"_sku":["8785253684987"],"_iconic_wsb_product_page_bump_modal_ids":[[]]},"product_brand":[],"product_cat":[28,27],"product_tag":[94],"class_list":{"0":"post-41432","1":"product","2":"type-product","3":"status-publish","4":"has-post-thumbnail","6":"product_cat-trouwen-samenwonen-trouwkaarten","7":"product_cat-liefde-liefdeskaarten-valentijnskaarten","8":"product_tag-huwelijk","9":"pa_brand-popcards","11":"first","12":"outofstock","13":"taxable","14":"shipping-taxable","15":"purchasable","16":"product-type-simple"},"gallery_images":[41437],"_links":{"self":[{"href":"https:\/\/popcards.nl\/de\/wp-json\/wp\/v2\/product\/41432","targetHints":{"allow":["GET"]}}],"collection":[{"href":"https:\/\/popcards.nl\/de\/wp-json\/wp\/v2\/product"}],"about":[{"href":"https:\/\/popcards.nl\/de\/wp-json\/wp\/v2\/types\/product"}],"replies":[{"embeddable":true,"href":"https:\/\/popcards.nl\/de\/wp-json\/wp\/v2\/comments?post=41432"}],"wp:featuredmedia":[{"embeddable":true,"href":"https:\/\/popcards.nl\/de\/wp-json\/wp\/v2\/media\/72933"}],"wp:attachment":[{"href":"https:\/\/popcards.nl\/de\/wp-json\/wp\/v2\/media?parent=41432"}],"wp:term":[{"taxonomy":"product_brand","embeddable":true,"href":"https:\/\/popcards.nl\/de\/wp-json\/wp\/v2\/product_brand?post=41432"},{"taxonomy":"product_cat","embeddable":true,"href":"https:\/\/popcards.nl\/de\/wp-json\/wp\/v2\/product_cat?post=41432"},{"taxonomy":"product_tag","embeddable":true,"href":"https:\/\/popcards.nl\/de\/wp-json\/wp\/v2\/product_tag?post=41432"}],"curies":[{"name":"wp","href":"https:\/\/api.w.org\/{rel}","templated":true}]}}