{"id":41440,"date":"2022-05-02T22:15:13","date_gmt":"2022-05-02T20:15:13","guid":{"rendered":"https:\/\/popcards.nl\/?post_type=product&#038;p=41440"},"modified":"2026-05-14T08:59:59","modified_gmt":"2026-05-14T06:59:59","slug":"hochzeitskarte-pop-up-hochzeitskarte-silber","status":"publish","type":"product","link":"https:\/\/popcards.nl\/de\/product\/trouwkaart-pop-up-huwelijkskaart-zilver\/","title":{"rendered":"Romantische Hochzeitskarte mit sch\u00f6nem silbernen Einband \u2013 Pop-up-Hochzeitskarte"},"content":{"rendered":"<p>Romantische Karte, in der ein Mann und eine Frau ihre Liebe zueinander zeigen. Sie stehen unter einem bunten \u201eLebensbaum\u201c in Form eines Herzens, dessen Farbe jeweils ein (zuk\u00fcnftiges) Ereignis in ihrem Leben symbolisiert. Das Leben steckt voller \u00dcberraschungen, die sie gemeinsam erleben werden. Die Vorderseite ist in sch\u00f6nem Silber und hat eine attraktiv geschnitzte cremefarbene Illustration eines Mannes und einer Frau zwischen Lupinenbl\u00fcten. Sie k\u00f6nnen diese Popcard als Ank\u00fcndigungskarte f\u00fcr Ihre Eheschlie\u00dfung oder Lebensgemeinschaft verwenden. Die Hochzeitskarte eignet sich auch zum Verschenken an das Paar, das ins Hochzeitsboot steigt oder zusammenwohnt. Eine separate passende Karte ist enthalten, auf die Sie Ihre Ank\u00fcndigung oder Gl\u00fcckw\u00fcnsche schreiben k\u00f6nnen.<\/p>\n<p><strong>Auch in gr\u00f6\u00dferer Auflage als Ank\u00fcndigung Ehe\/Lebensgemeinschaft zu verwenden.<\/strong><\/p>\n<p><a href=\"https:\/\/popcards.nl\/de\/gruskarte-2\/hochzeitskarte-hochzeitskarte-pop-up-karte\/\">Diese Popcard ist auch in einer moderneren Version erh\u00e4ltlich, mit einem stilisierten Mann\/Frau in lila-blauen T\u00f6nen.<\/a> <a href=\"https:\/\/popcards.nl\/de\/kategorie\/heiraten-und-hochzeitseinladungen\/\">Wir haben auch mehr Hochzeitskarten.<\/a><\/p>\n<p>Kartengr\u00f6\u00dfe 30\u00d715 cm, gefaltet auf 15\u00d715 cm. Inklusive separater Karte 8 x 10,5 cm und passendem Umschlag, verpackt in Cellophanbeutel.<\/p>","protected":false},"excerpt":{"rendered":"<p>Romantische kaart waarin een man en vrouw hun liefde voor elkaar tonen. Ze staan onder een kleurrijke \u201clevensboom\u201d in hartvorm waarvan elke kleur symbool staat voor een (toekomstige) gebeurtenis in hun leven. Het leven zit vol verrassingen, die ze samen gaan beleven. De voorkant is fraai zilver en heeft een sfeervol uitgesneden cr\u00e8mekleurige illustratie van [&hellip;]<\/p>\n","protected":false},"featured_media":41430,"comment_status":"open","ping_status":"closed","template":"","meta":{"_iconic_wsb_product_page_order_bump_ids":[[]],"_sku":["8785253684970"],"_iconic_wsb_product_page_bump_modal_ids":[[]]},"product_brand":[],"product_cat":[28,27],"product_tag":[94],"class_list":{"0":"post-41440","1":"product","2":"type-product","3":"status-publish","4":"has-post-thumbnail","6":"product_cat-trouwen-samenwonen-trouwkaarten","7":"product_cat-liefde-liefdeskaarten-valentijnskaarten","8":"product_tag-huwelijk","9":"pa_brand-popcards","11":"first","12":"instock","13":"taxable","14":"shipping-taxable","15":"purchasable","16":"product-type-simple"},"gallery_images":[41436,94172],"_links":{"self":[{"href":"https:\/\/popcards.nl\/de\/wp-json\/wp\/v2\/product\/41440","targetHints":{"allow":["GET"]}}],"collection":[{"href":"https:\/\/popcards.nl\/de\/wp-json\/wp\/v2\/product"}],"about":[{"href":"https:\/\/popcards.nl\/de\/wp-json\/wp\/v2\/types\/product"}],"replies":[{"embeddable":true,"href":"https:\/\/popcards.nl\/de\/wp-json\/wp\/v2\/comments?post=41440"}],"wp:featuredmedia":[{"embeddable":true,"href":"https:\/\/popcards.nl\/de\/wp-json\/wp\/v2\/media\/41430"}],"wp:attachment":[{"href":"https:\/\/popcards.nl\/de\/wp-json\/wp\/v2\/media?parent=41440"}],"wp:term":[{"taxonomy":"product_brand","embeddable":true,"href":"https:\/\/popcards.nl\/de\/wp-json\/wp\/v2\/product_brand?post=41440"},{"taxonomy":"product_cat","embeddable":true,"href":"https:\/\/popcards.nl\/de\/wp-json\/wp\/v2\/product_cat?post=41440"},{"taxonomy":"product_tag","embeddable":true,"href":"https:\/\/popcards.nl\/de\/wp-json\/wp\/v2\/product_tag?post=41440"}],"curies":[{"name":"wp","href":"https:\/\/api.w.org\/{rel}","templated":true}]}}