{"id":4356,"date":"2019-09-17T12:57:53","date_gmt":"2019-09-17T10:57:53","guid":{"rendered":"https:\/\/popcards.nl\/?post_type=product&#038;p=4356"},"modified":"2026-04-28T16:05:10","modified_gmt":"2026-04-28T14:05:10","slug":"eiffelturm-paris-frankreich","status":"publish","type":"product","link":"https:\/\/popcards.nl\/de\/product\/eiffeltoren-parijs-frankrijk\/","title":{"rendered":"Wundersch\u00f6ne Pop-up-Karte Eiffelturm mit Karte von Paris"},"content":{"rendered":"<p>Wundersch\u00f6n <a href=\"https:\/\/en.wikipedia.org\/wiki\/Eiffel_Tower\" target=\"_blank\" rel=\"noopener noreferrer\">Eiffelturm<\/a> Pop-up-Karte, um jemanden zum Beispiel mit einem St\u00e4dtetrip nach Paris zu \u00fcberraschen. Die Vorfreude macht meist genauso viel Spa\u00df wie die Reise selbst. Oder als sch\u00f6ne Erinnerung an einen Besuch in dieser wundersch\u00f6nen Stadt.<\/p>\n<p>Der Eiffelturm ist das Wahrzeichen der franz\u00f6sischen Hauptstadt Paris. Der Turm steht am linken Ufer der Seine. Es wurde am 12. M\u00e4rz 1889 fertiggestellt. Der Eiffelturm wurde zwischen 1887 und 1889 erbaut. Dies geschah anl\u00e4sslich der Weltausstellung 1889 und zur Feier des 100. Jahrestages der Franz\u00f6sischen Revolution. Der Eiffelturm wird jedes Jahr von mehr als sechs Millionen Besuchern besucht. Damit ist es das meistbesuchte Denkmal der Welt.<\/p>\n<p>Dieser Eiffelturm ist auf die Vorderseite dieser Popcard gedruckt, gelasert und dann auf einen tiefblauen, matten Hintergrund geklebt. Mit dem Druck allein kann man einen so sch\u00f6nen Farbeffekt nicht erzielen. Im Inneren befindet sich ein Pop-up dieses Turms mit einer spektakul\u00e4ren d\u00fcnnen Spitze. Hinter dem Turm ein weiteres Pop-up mit verschiedenen ber\u00fchmten Pariser Geb\u00e4uden. Vor dem Turm romantische Pariser Details, darunter ein tanzendes franz\u00f6sisches Paar. \u201e<em>Je t&#039;aime mon amour\u201c. <\/em>Der Hintergrund zeigt eine Karte von Paris mit der Lage des Eiffelturms.<\/p>\n<p>Kartengr\u00f6\u00dfe 30 \u00d7 15 cm, gefaltet auf 15 \u00d7 15 cm.<br \/>\nInklusive passendem Umschlag, verpackt in Zellophanbeutel<\/p>","protected":false},"excerpt":{"rendered":"<p>Schitterende Eiffeltoren pop-up kaart om iemand bijvoorbeeld te verrassen met een stedentrip Parijs. De voorpret is meestal net zo leuk als het reisje zelf. Of als mooie herinnering aan een bezoek aan deze prachtige stad. De Eiffeltoren is h\u00e8t monument in de Franse hoofdstad Parijs. De toren staat op de linkeroever van de rivier de [&hellip;]<\/p>\n","protected":false},"featured_media":72390,"comment_status":"open","ping_status":"closed","template":"","meta":{"_iconic_wsb_product_page_order_bump_ids":[[]],"_sku":["8945005027428"],"_iconic_wsb_product_page_bump_modal_ids":[[]]},"product_brand":[],"product_cat":[73,34,27,57],"product_tag":[76,86,83],"class_list":{"0":"post-4356","1":"product","2":"type-product","3":"status-publish","4":"has-post-thumbnail","6":"product_cat-beroemde-gebouwen","7":"product_cat-felicitatie-verjaardag-verjaardagskaarten","8":"product_cat-liefde-liefdeskaarten-valentijnskaarten","9":"product_cat-uitnodigingen-uitnodigingskaarten-verjaardag-jubileum","10":"product_tag-parijs","11":"product_tag-stedentrip","12":"product_tag-valentijn","13":"pa_brand-popcards","15":"first","16":"instock","17":"taxable","18":"shipping-taxable","19":"purchasable","20":"product-type-simple"},"gallery_images":[86392],"_links":{"self":[{"href":"https:\/\/popcards.nl\/de\/wp-json\/wp\/v2\/product\/4356","targetHints":{"allow":["GET"]}}],"collection":[{"href":"https:\/\/popcards.nl\/de\/wp-json\/wp\/v2\/product"}],"about":[{"href":"https:\/\/popcards.nl\/de\/wp-json\/wp\/v2\/types\/product"}],"replies":[{"embeddable":true,"href":"https:\/\/popcards.nl\/de\/wp-json\/wp\/v2\/comments?post=4356"}],"wp:featuredmedia":[{"embeddable":true,"href":"https:\/\/popcards.nl\/de\/wp-json\/wp\/v2\/media\/72390"}],"wp:attachment":[{"href":"https:\/\/popcards.nl\/de\/wp-json\/wp\/v2\/media?parent=4356"}],"wp:term":[{"taxonomy":"product_brand","embeddable":true,"href":"https:\/\/popcards.nl\/de\/wp-json\/wp\/v2\/product_brand?post=4356"},{"taxonomy":"product_cat","embeddable":true,"href":"https:\/\/popcards.nl\/de\/wp-json\/wp\/v2\/product_cat?post=4356"},{"taxonomy":"product_tag","embeddable":true,"href":"https:\/\/popcards.nl\/de\/wp-json\/wp\/v2\/product_tag?post=4356"}],"curies":[{"name":"wp","href":"https:\/\/api.w.org\/{rel}","templated":true}]}}