{"id":44351,"date":"2022-07-27T13:41:19","date_gmt":"2022-07-27T11:41:19","guid":{"rendered":"https:\/\/popcards.nl\/?post_type=product&#038;p=44351"},"modified":"2026-03-18T10:40:52","modified_gmt":"2026-03-18T09:40:52","slug":"21-jahre-happy-birthday-pop-up-geburtstagskarte","status":"publish","type":"product","link":"https:\/\/popcards.nl\/de\/product\/21-jaar-happy-birthday-pop-up-verjaardagskaart\/","title":{"rendered":"Geburtstag 21 Jahre Happy Birthday Gratulation Pop-Up-Gru\u00dfkarte"},"content":{"rendered":"<p><strong>Alles gute zum 21. Geburtstag! 21 Jahre Karte mit gro\u00dfen Zahlen. <\/strong>Hurra, Geburtstag! Dann ist diese sch\u00f6ne bunte Popcard ein besonderes und \u00fcberraschendes Geschenk. Schlie\u00dflich bekommt man keine zweite Chance, 21 Jahre zu feiern. <a href=\"https:\/\/popcards.nl\/de\/product\/geburtstag-jubilaum-40-jahre-pop-up-gruskarte\/\">Wir haben auch eine 40 Jahre Popcard<\/a>. <a href=\"https:\/\/popcards.nl\/de\/product\/geburtstag-jubilaum-50-jahre-pop-up-gruskarte\/\">Wir haben auch eine 50 Jahre Popcard<\/a>.\u00a0<a href=\"https:\/\/popcards.nl\/de\/product\/geburtstag-jubilaum-60-jahre-pop-up-gruskarte\/\">Auch eine 60 Jahre Popcard<\/a>.\u00a0<a href=\"https:\/\/popcards.nl\/de\/kategorie\/gluckwunsch-und-geburtstagskarten\/\">Und viele weitere Gl\u00fcckwunsch- und Geburtstagskarten!<\/a><\/p>\n<p>Kartengr\u00f6\u00dfe 24 x 17 cm, gefaltet auf 12 x 17 cm.<\/p>\n<p>Inklusive passendem Blanko-Umschlag, verpackt in Cellophant\u00fcte.<\/p>","protected":false},"excerpt":{"rendered":"<p>Happy 21th birthday!\u00a0 21 jaar kaart met grote cijfers. Hoera, jarig! Dan is deze mooie kleurrijke Popcard een bijzonder en verrassend cadeautje. Je krijgt tenslotte geen tweede kans om 21 jaar te vieren. We hebben ook een 40 jaar Popcard. We hebben ook een 50 jaar Popcard.\u00a0Tevens een 60 jaar Popcard.\u00a0En nog veel meer felicitatiekaarten [&hellip;]<\/p>\n","protected":false},"featured_media":44260,"comment_status":"open","ping_status":"closed","template":"","meta":{"_iconic_wsb_product_page_order_bump_ids":[[]],"_sku":["8785253683843"],"_iconic_wsb_product_page_bump_modal_ids":[[]]},"product_brand":[],"product_cat":[34],"product_tag":[242,137],"class_list":{"0":"post-44351","1":"product","2":"type-product","3":"status-publish","4":"has-post-thumbnail","6":"product_cat-felicitatie-verjaardag-verjaardagskaarten","7":"product_tag-jubileum","8":"product_tag-verjaardag","9":"pa_brand-popcards","11":"first","12":"outofstock","13":"taxable","14":"shipping-taxable","15":"purchasable","16":"product-type-simple"},"gallery_images":[86378],"_links":{"self":[{"href":"https:\/\/popcards.nl\/de\/wp-json\/wp\/v2\/product\/44351","targetHints":{"allow":["GET"]}}],"collection":[{"href":"https:\/\/popcards.nl\/de\/wp-json\/wp\/v2\/product"}],"about":[{"href":"https:\/\/popcards.nl\/de\/wp-json\/wp\/v2\/types\/product"}],"replies":[{"embeddable":true,"href":"https:\/\/popcards.nl\/de\/wp-json\/wp\/v2\/comments?post=44351"}],"wp:featuredmedia":[{"embeddable":true,"href":"https:\/\/popcards.nl\/de\/wp-json\/wp\/v2\/media\/44260"}],"wp:attachment":[{"href":"https:\/\/popcards.nl\/de\/wp-json\/wp\/v2\/media?parent=44351"}],"wp:term":[{"taxonomy":"product_brand","embeddable":true,"href":"https:\/\/popcards.nl\/de\/wp-json\/wp\/v2\/product_brand?post=44351"},{"taxonomy":"product_cat","embeddable":true,"href":"https:\/\/popcards.nl\/de\/wp-json\/wp\/v2\/product_cat?post=44351"},{"taxonomy":"product_tag","embeddable":true,"href":"https:\/\/popcards.nl\/de\/wp-json\/wp\/v2\/product_tag?post=44351"}],"curies":[{"name":"wp","href":"https:\/\/api.w.org\/{rel}","templated":true}]}}