{"id":45531,"date":"2022-09-04T11:01:32","date_gmt":"2022-09-04T09:01:32","guid":{"rendered":"https:\/\/popcards.nl\/?post_type=product&#038;p=45531"},"modified":"2026-04-20T20:09:58","modified_gmt":"2026-04-20T18:09:58","slug":"schildkrote-geburt-meeresschildkrote-popup-karte","status":"publish","type":"product","link":"https:\/\/popcards.nl\/de\/product\/schildpad-geboorte-zeeschildpad-pop-up-kaart\/","title":{"rendered":"Schildkr\u00f6tenmutter mit 2 Kleinen | Meeresschildkr\u00f6ten-Popup-Karte"},"content":{"rendered":"<p><span style=\"font-weight: 400;\">Wussten Sie, dass Schildkr\u00f6ten eine Ordnung der Reptilien sind? Schildkr\u00f6ten k\u00f6nnen in Gr\u00f6\u00dfe, Farbe und Lebensweise variieren, sind aber durch die \u00e4u\u00dfere Schale leicht von anderen Reptilien zu unterscheiden.\u00a0<\/span><\/p>\n<p><b>Die Meeresschildkr\u00f6te<\/b><b><br \/>\n<\/b><span style=\"font-weight: 400;\">Eine Schildkr\u00f6te mag den Ruf haben, sehr langsam zu sein, aber die Meeresschildkr\u00f6te liefert beeindruckende Leistungen. Um Eier zu legen, schwimmt die Meeresschildkr\u00f6te oft Tausende von Kilometern zur\u00fcck zu dem Strand, an dem sie einst geboren wurde. Sie hat ein starkes Ged\u00e4chtnis und wei\u00df genau, wohin sie gehen muss. Die Meeresschildkr\u00f6te legt 100 bis 200 Eier auf einmal! Das ist ein Kinderspiel f\u00fcr sie. :-)<\/span><\/p>\n<p><span style=\"font-weight: 400;\">Die Temperatur der Eier entscheidet dar\u00fcber, ob aus den jungen Schildkr\u00f6ten Jungen oder M\u00e4dchen werden. Wenn die Eier schl\u00fcpfen, kriechen die Meeresschildkr\u00f6ten selbst in Richtung Meer. Eine Meeresschildkr\u00f6te kann ziemlich alt werden, einige \u00fcber 100 Jahre!\u00a0<\/span><\/p>\n<p><span style=\"font-weight: 400;\">Diese farbenfrohe 3D-Gru\u00dfkarte ist fast genauso beeindruckend. Die Schildkr\u00f6tenmutter hat ein Baby auf dem R\u00fccken, eine andere schwimmt k\u00fchl daneben. <a href=\"https:\/\/popcards.nl\/de\/kategorie\/geburt-geburtsanzeige-babykarte\/\">Auch sch\u00f6n als Geburtstagskarte.<\/a> Oder als nette Karte, wenn jemand ein Schwimmdiplom erworben hat. Mit dieser wundersch\u00f6nen handgefertigten Pop-up-Karte werden Sie sicher beeindrucken!<\/span><\/p>","protected":false},"excerpt":{"rendered":"<p>Wist je dat schildpadden een orde van reptielen zijn? Schildpadden kunnen verschillen in omvang, kleuren en manier van leven, maar zijn eenvoudig te onderscheiden van andere reptielen door het uitwendige schild.\u00a0 De zeeschildpad Een schildpad mag dan de naam hebben heel traag te zijn, maar de zeeschildpad levert indrukwekkende prestaties. Om eieren te leggen, zwemt [&hellip;]<\/p>\n","protected":false},"featured_media":45509,"comment_status":"open","ping_status":"closed","template":"","meta":{"_iconic_wsb_product_page_order_bump_ids":[[]],"_sku":["8785253684109"],"_iconic_wsb_product_page_bump_modal_ids":[[]]},"product_brand":[],"product_cat":[22,21],"product_tag":[132,25,269],"class_list":{"0":"post-45531","1":"product","2":"type-product","3":"status-publish","4":"has-post-thumbnail","6":"product_cat-geboorte-geboortekaarten-baby-babykaart","7":"product_cat-dieren-dierenkaarten-wenskaarten","8":"product_tag-dier","9":"product_tag-geboorte","10":"product_tag-vis","11":"pa_brand-popcards","13":"first","14":"instock","15":"taxable","16":"shipping-taxable","17":"purchasable","18":"product-type-simple"},"gallery_images":[68936],"_links":{"self":[{"href":"https:\/\/popcards.nl\/de\/wp-json\/wp\/v2\/product\/45531","targetHints":{"allow":["GET"]}}],"collection":[{"href":"https:\/\/popcards.nl\/de\/wp-json\/wp\/v2\/product"}],"about":[{"href":"https:\/\/popcards.nl\/de\/wp-json\/wp\/v2\/types\/product"}],"replies":[{"embeddable":true,"href":"https:\/\/popcards.nl\/de\/wp-json\/wp\/v2\/comments?post=45531"}],"wp:featuredmedia":[{"embeddable":true,"href":"https:\/\/popcards.nl\/de\/wp-json\/wp\/v2\/media\/45509"}],"wp:attachment":[{"href":"https:\/\/popcards.nl\/de\/wp-json\/wp\/v2\/media?parent=45531"}],"wp:term":[{"taxonomy":"product_brand","embeddable":true,"href":"https:\/\/popcards.nl\/de\/wp-json\/wp\/v2\/product_brand?post=45531"},{"taxonomy":"product_cat","embeddable":true,"href":"https:\/\/popcards.nl\/de\/wp-json\/wp\/v2\/product_cat?post=45531"},{"taxonomy":"product_tag","embeddable":true,"href":"https:\/\/popcards.nl\/de\/wp-json\/wp\/v2\/product_tag?post=45531"}],"curies":[{"name":"wp","href":"https:\/\/api.w.org\/{rel}","templated":true}]}}