{"id":45538,"date":"2022-09-04T12:09:03","date_gmt":"2022-09-04T10:09:03","guid":{"rendered":"https:\/\/popcards.nl\/?post_type=product&#038;p=45538"},"modified":"2026-05-01T14:21:33","modified_gmt":"2026-05-01T12:21:33","slug":"happy-clown-zirkus-pop-up-geburtstagskarte","status":"publish","type":"product","link":"https:\/\/popcards.nl\/de\/product\/vrolijke-clown-circus-pop-up-verjaardagskaart\/","title":{"rendered":"Fr\u00f6hlicher Clown im Zirkus Pop-Up-Geburtstagskarte"},"content":{"rendered":"<p><span style=\"font-weight: 400;\">Dieser kleine Clown auf seinem Einrad unter der Zirkus\u00fcberdachung wird dem Geburtstagskind bestimmt eine gro\u00dfe Freude bereiten. Die ausgeschnittenen Luftballons auf der Vorderseite verst\u00e4rken das Geburtstagsfeeling. Alles Gute zum Geburtstag! <a href=\"https:\/\/popcards.nl\/de\/kategorie\/gluckwunsch-und-geburtstagskarten\/\">Popcards hat nat\u00fcrlich noch mehr Geburtstagskarten.\u00a0<\/a><\/span><span style=\"font-weight: 400;\"><br \/>\n<\/span><span style=\"font-weight: 400;\"><br \/>\n<\/span><span style=\"font-weight: 400;\">Kartengr\u00f6\u00dfe 29 x 14,5 cm, gefaltet auf 14,5 \u00d7 14,5 cm.<\/span><span style=\"font-weight: 400;\"><br \/>\n<\/span><span style=\"font-weight: 400;\">Inklusive passendem Blanko-Umschlag, verpackt in Cellophant\u00fcte.<\/span><\/p>","protected":false},"excerpt":{"rendered":"<p>Dieser Clown auf seinem Einrad unter dem Zirkusdach wird den Geburtstagsempf\u00e4nger sicherlich sehr fr\u00f6hlich machen. Die ausgeschnittenen Luftballons auf der Vorderseite verst\u00e4rken das Geburtstagsgef\u00fchl. Alles Gute zum Geburtstag! Popcards hat nat\u00fcrlich noch mehr Geburtstagskarten. Kartengr\u00f6\u00dfe 29 \u00d7 14,5 cm, gefaltet auf 14,5 \u00d7 14,5 cm. Inklusive passendem Blanko-Umschlag, verpackt in Zellophanbeutel.<\/p>","protected":false},"featured_media":44255,"comment_status":"open","ping_status":"closed","template":"","meta":{"_iconic_wsb_product_page_order_bump_ids":[[]],"_sku":["8785253682679"],"_iconic_wsb_product_page_bump_modal_ids":[[]]},"product_brand":[],"product_cat":[34],"product_tag":[137],"class_list":{"0":"post-45538","1":"product","2":"type-product","3":"status-publish","4":"has-post-thumbnail","6":"product_cat-felicitatie-verjaardag-verjaardagskaarten","7":"product_tag-verjaardag","8":"pa_brand-popcards","10":"first","11":"outofstock","12":"sale","13":"taxable","14":"shipping-taxable","15":"purchasable","16":"product-type-simple"},"gallery_images":[],"_links":{"self":[{"href":"https:\/\/popcards.nl\/de\/wp-json\/wp\/v2\/product\/45538","targetHints":{"allow":["GET"]}}],"collection":[{"href":"https:\/\/popcards.nl\/de\/wp-json\/wp\/v2\/product"}],"about":[{"href":"https:\/\/popcards.nl\/de\/wp-json\/wp\/v2\/types\/product"}],"replies":[{"embeddable":true,"href":"https:\/\/popcards.nl\/de\/wp-json\/wp\/v2\/comments?post=45538"}],"wp:featuredmedia":[{"embeddable":true,"href":"https:\/\/popcards.nl\/de\/wp-json\/wp\/v2\/media\/44255"}],"wp:attachment":[{"href":"https:\/\/popcards.nl\/de\/wp-json\/wp\/v2\/media?parent=45538"}],"wp:term":[{"taxonomy":"product_brand","embeddable":true,"href":"https:\/\/popcards.nl\/de\/wp-json\/wp\/v2\/product_brand?post=45538"},{"taxonomy":"product_cat","embeddable":true,"href":"https:\/\/popcards.nl\/de\/wp-json\/wp\/v2\/product_cat?post=45538"},{"taxonomy":"product_tag","embeddable":true,"href":"https:\/\/popcards.nl\/de\/wp-json\/wp\/v2\/product_tag?post=45538"}],"curies":[{"name":"wp","href":"https:\/\/api.w.org\/{rel}","templated":true}]}}