{"id":45541,"date":"2022-09-04T12:22:14","date_gmt":"2022-09-04T10:22:14","guid":{"rendered":"https:\/\/popcards.nl\/?post_type=product&#038;p=45541"},"modified":"2026-03-17T08:50:31","modified_gmt":"2026-03-17T07:50:31","slug":"dinosaurier-jurassic-world-pop-up-karte","status":"publish","type":"product","link":"https:\/\/popcards.nl\/de\/product\/dinosaurus-jurassic-world-pop-up-kaart\/","title":{"rendered":"Dinosaurier-Pop-Up-Karte | Jurassic World Pop-up-Box-\u00dcberraschung"},"content":{"rendered":"<p><span style=\"font-weight: 400;\">Jurassic-World-Fan? Wenn Sie diese Kiste mit einer goldenen Schleife \u00f6ffnen, taucht eine ganze pr\u00e4historische Welt auf. Nicht weniger als 5 verschiedene Dinosaurier und ein Lava speiender Vulkan tauchen in einer \u00fcberraschenden Szenerie auf. Die Farbkombination gibt die pr\u00e4historische Atmosph\u00e4re gut wieder. Wirklich eine Karte f\u00fcr den begeisterten Dino-Enthusiasten. <a href=\"https:\/\/popcards.nl\/de\/product-tag\/jurassic-park-2\/\">Wir haben noch viele weitere Dino-Popcards, sch\u00f6n, sie alle zu sammeln.<\/a><\/span><\/p>\n<p><span style=\"font-weight: 400;\">Kartenformat flach 15 x 15 cm. Inklusive passendem Blanko-Umschlag, verpackt in Cellophanbeutel.<\/span><\/p>","protected":false},"excerpt":{"rendered":"<p>Jurassic World liefhebber? Als je dit doosje met gouden strik open klapt popt er een hele prehistorische wereld te voorschijn. Maar liefst 5 verschillende dino\u2019s en een lava spuwende vulkaan ontpoppen zich tot een verrassend tafereeltje. De kleurencombinatie geeft de prehistorische sfeer goed aan. Echt een kaart voor de enthousiaste dino liefhebber. We hebben nog [&hellip;]<\/p>\n","protected":false},"featured_media":44257,"comment_status":"open","ping_status":"closed","template":"","meta":{"_iconic_wsb_product_page_order_bump_ids":[[]],"_sku":["8785253684246"],"_iconic_wsb_product_page_bump_modal_ids":[[]]},"product_brand":[],"product_cat":[21],"product_tag":[115],"class_list":{"0":"post-45541","1":"product","2":"type-product","3":"status-publish","4":"has-post-thumbnail","6":"product_cat-dieren-dierenkaarten-wenskaarten","7":"product_tag-jurassic-park","8":"pa_brand-popcards","10":"first","11":"instock","12":"taxable","13":"shipping-taxable","14":"purchasable","15":"product-type-simple"},"gallery_images":[70068],"_links":{"self":[{"href":"https:\/\/popcards.nl\/de\/wp-json\/wp\/v2\/product\/45541","targetHints":{"allow":["GET"]}}],"collection":[{"href":"https:\/\/popcards.nl\/de\/wp-json\/wp\/v2\/product"}],"about":[{"href":"https:\/\/popcards.nl\/de\/wp-json\/wp\/v2\/types\/product"}],"replies":[{"embeddable":true,"href":"https:\/\/popcards.nl\/de\/wp-json\/wp\/v2\/comments?post=45541"}],"wp:featuredmedia":[{"embeddable":true,"href":"https:\/\/popcards.nl\/de\/wp-json\/wp\/v2\/media\/44257"}],"wp:attachment":[{"href":"https:\/\/popcards.nl\/de\/wp-json\/wp\/v2\/media?parent=45541"}],"wp:term":[{"taxonomy":"product_brand","embeddable":true,"href":"https:\/\/popcards.nl\/de\/wp-json\/wp\/v2\/product_brand?post=45541"},{"taxonomy":"product_cat","embeddable":true,"href":"https:\/\/popcards.nl\/de\/wp-json\/wp\/v2\/product_cat?post=45541"},{"taxonomy":"product_tag","embeddable":true,"href":"https:\/\/popcards.nl\/de\/wp-json\/wp\/v2\/product_tag?post=45541"}],"curies":[{"name":"wp","href":"https:\/\/api.w.org\/{rel}","templated":true}]}}