{"id":45565,"date":"2022-09-04T14:52:57","date_gmt":"2022-09-04T12:52:57","guid":{"rendered":"https:\/\/popcards.nl\/?post_type=product&#038;p=45565"},"modified":"2026-03-24T09:19:03","modified_gmt":"2026-03-24T08:19:03","slug":"west-highland-terrier-dog-pop-up-karte","status":"publish","type":"product","link":"https:\/\/popcards.nl\/de\/product\/west-highland-terrier-hond-pop-up-kaart\/","title":{"rendered":"West Highland Terrier Dog \u2013 Pop-up-Karte f\u00fcr vierbeinige Freunde und Kinderfreunde"},"content":{"rendered":"<p><span style=\"font-weight: 400;\">Dieser lustige kleine Hund bellt nicht, frisst nicht und muss nicht ausgef\u00fchrt werden. Es macht Kindern und Tierfreunden Freude, wenn sie diese Popcard \u00f6ffnen. Dieser West Highland Terrier ist ein kleiner, aber mutiger Hund. Schicke Pop-Up-Karte mit goldfarbener Vorderseite. Stolz steht der treue Vierbeiner im gr\u00fcnen Gras.\u00a0<\/span><\/p>\n<p><span style=\"font-weight: 400;\">Kartengr\u00f6\u00dfe 30 \u00d7 15 cm, gefaltet auf 15 \u00d7 15 cm.<\/span><span style=\"font-weight: 400;\"><br \/>\n<\/span><span style=\"font-weight: 400;\">Inklusive passendem Blanko-Umschlag, verpackt in Cellophant\u00fcte.<\/span><\/p>","protected":false},"excerpt":{"rendered":"<p>Dit grappige hondje blaft niet, eet niet en hoeft niet uitgelaten te worden. Wel maakt het kinderen en dierenliefhebbers blij als ze deze Popcard open doen. Deze West Highland Terrier is een kleine, maar dappere hond. Chique pop-up kaart met goudkleurige voorzijde. De trouwe viervoeter staat fier in het groene gras.\u00a0 Kaartformaat 30 \u00d7 15 [&hellip;]<\/p>\n","protected":false},"featured_media":54945,"comment_status":"open","ping_status":"closed","template":"","meta":{"_iconic_wsb_product_page_order_bump_ids":[[]],"_sku":["8785253684116"],"_iconic_wsb_product_page_bump_modal_ids":[[]]},"product_brand":[],"product_cat":[21],"product_tag":[135],"class_list":{"0":"post-45565","1":"product","2":"type-product","3":"status-publish","4":"has-post-thumbnail","6":"product_cat-dieren-dierenkaarten-wenskaarten","7":"product_tag-hond","8":"pa_brand-popcards","10":"first","11":"instock","12":"sale","13":"taxable","14":"shipping-taxable","15":"purchasable","16":"product-type-simple"},"gallery_images":[68671],"_links":{"self":[{"href":"https:\/\/popcards.nl\/de\/wp-json\/wp\/v2\/product\/45565","targetHints":{"allow":["GET"]}}],"collection":[{"href":"https:\/\/popcards.nl\/de\/wp-json\/wp\/v2\/product"}],"about":[{"href":"https:\/\/popcards.nl\/de\/wp-json\/wp\/v2\/types\/product"}],"replies":[{"embeddable":true,"href":"https:\/\/popcards.nl\/de\/wp-json\/wp\/v2\/comments?post=45565"}],"wp:featuredmedia":[{"embeddable":true,"href":"https:\/\/popcards.nl\/de\/wp-json\/wp\/v2\/media\/54945"}],"wp:attachment":[{"href":"https:\/\/popcards.nl\/de\/wp-json\/wp\/v2\/media?parent=45565"}],"wp:term":[{"taxonomy":"product_brand","embeddable":true,"href":"https:\/\/popcards.nl\/de\/wp-json\/wp\/v2\/product_brand?post=45565"},{"taxonomy":"product_cat","embeddable":true,"href":"https:\/\/popcards.nl\/de\/wp-json\/wp\/v2\/product_cat?post=45565"},{"taxonomy":"product_tag","embeddable":true,"href":"https:\/\/popcards.nl\/de\/wp-json\/wp\/v2\/product_tag?post=45565"}],"curies":[{"name":"wp","href":"https:\/\/api.w.org\/{rel}","templated":true}]}}