{"id":45590,"date":"2022-09-04T17:59:49","date_gmt":"2022-09-04T15:59:49","guid":{"rendered":"https:\/\/popcards.nl\/?post_type=product&#038;p=45590"},"modified":"2026-03-18T18:06:18","modified_gmt":"2026-03-18T17:06:18","slug":"big-crocodile-africa-animal-map-pop-up-card","status":"publish","type":"product","link":"https:\/\/popcards.nl\/de\/product\/grote-krokodil-afrika-dierenkaart-pop-up-kaart\/","title":{"rendered":"Gro\u00dfe Krokodil-Pop-Up-Karte | Afrika-Gru\u00dfkarte"},"content":{"rendered":"<p><span style=\"font-weight: 400;\">Brrr, was f\u00fcr ein Widerling, mit seinem gro\u00dfen Maul voller scharfer Z\u00e4hne und seiner hinterh\u00e4ltigen Art, seine Beute aus dem Wasser zu pirschen und zu packen. Dies ist ein afrikanisches Krokodil, andere Arten kommen in mehreren warmen Regionen vor. Dieses Krokodil kann bis zu 6 Meter lang und bis zu 1.000 kg schwer werden. Sie leben bis zu 100 Jahre und wachsen all die Jahre weiter.<\/span><\/p>\n<p><span style=\"font-weight: 400;\">Ein Krokodil ist ein Reptil. Sie sind kaltbl\u00fctig. Sie k\u00f6nnen also nicht alleine warm bleiben, daf\u00fcr brauchen sie Sonne. Die Weibchen legen Eier und vergraben sie am Ufer im warmen Sand. Sie bebr\u00fcten die Eier nicht selbst, sondern bleiben in der N\u00e4he, um sie vor Tieren zu sch\u00fctzen, die sie sonst fressen k\u00f6nnten. Sie legt ungef\u00e4hr vierzig Eier.\u00a0<\/span><span style=\"font-weight: 400;\">Ihre Schnelligkeit und ihre starken Kiefer erm\u00f6glichen es Krokodilen, gro\u00dfe Tiere zu fangen. Sie k\u00f6nnen sehr gut schwimmen und nutzen dazu ihren kr\u00e4ftigen Schwanz. Sie halten das Gleichgewicht mit ihren Beinen und k\u00f6nnen die Richtung \u00e4ndern oder langsamer werden. An Land k\u00f6nnen sie auf den Beinen stehen und kurze Strecken sehr schnell laufen. <\/span><span style=\"font-weight: 400;\">Krokodile k\u00f6nnen bis zu 2 Meter hoch springen, um ihre Beute zu fangen. Sie essen alles Fleisch, einschlie\u00dflich gro\u00dfer Tiere wie Antilopen und Zebras. Diese werden unter Wasser gezogen und in St\u00fccke gerissen.<\/span><\/p>\n<p><span style=\"font-weight: 400;\"><a href=\"https:\/\/popcards.nl\/de\/product-tag\/zoo\/\">Wir haben noch mehr Popcards mit afrikanischen Tieren.<\/a> Wie ein L\u00f6we, ein Nashorn, ein Gorilla und ein Zebra.\u00a0\u00a0<\/span><\/p>\n<p><span style=\"font-weight: 400;\">Kartengr\u00f6\u00dfe 30 x 15 cm, gefaltet auf 15 x 15 cm. Sch\u00f6ne goldfarbene Front.\u00a0<\/span><span style=\"font-weight: 400;\"><br \/>\n<\/span><span style=\"font-weight: 400;\">Inklusive passendem Blanko-Umschlag, verpackt in Cellophant\u00fcte.<\/span><\/p>","protected":false},"excerpt":{"rendered":"<p>Brrr, wat een engerd, met zijn grote bek vol scherpe tanden en zijn stiekeme manier om vanuit het water zijn prooi te besluipen en te grijpen. Dit is een Afrikaanse krokodil, andere soorten komen in meerdere warme streken voor. Deze krokodil kan 6 meter lang worden en kan wel 1.000 kg wegen. Ze worden tot [&hellip;]<\/p>\n","protected":false},"featured_media":44568,"comment_status":"open","ping_status":"closed","template":"","meta":{"_iconic_wsb_product_page_order_bump_ids":[[]],"_sku":["8785253684840"],"_iconic_wsb_product_page_bump_modal_ids":[[]]},"product_brand":[],"product_cat":[21],"product_tag":[51],"class_list":{"0":"post-45590","1":"product","2":"type-product","3":"status-publish","4":"has-post-thumbnail","6":"product_cat-dieren-dierenkaarten-wenskaarten","7":"product_tag-dierentuin","8":"pa_brand-popcards","10":"first","11":"instock","12":"sale","13":"taxable","14":"shipping-taxable","15":"purchasable","16":"product-type-simple"},"gallery_images":[44567,86428],"_links":{"self":[{"href":"https:\/\/popcards.nl\/de\/wp-json\/wp\/v2\/product\/45590","targetHints":{"allow":["GET"]}}],"collection":[{"href":"https:\/\/popcards.nl\/de\/wp-json\/wp\/v2\/product"}],"about":[{"href":"https:\/\/popcards.nl\/de\/wp-json\/wp\/v2\/types\/product"}],"replies":[{"embeddable":true,"href":"https:\/\/popcards.nl\/de\/wp-json\/wp\/v2\/comments?post=45590"}],"wp:featuredmedia":[{"embeddable":true,"href":"https:\/\/popcards.nl\/de\/wp-json\/wp\/v2\/media\/44568"}],"wp:attachment":[{"href":"https:\/\/popcards.nl\/de\/wp-json\/wp\/v2\/media?parent=45590"}],"wp:term":[{"taxonomy":"product_brand","embeddable":true,"href":"https:\/\/popcards.nl\/de\/wp-json\/wp\/v2\/product_brand?post=45590"},{"taxonomy":"product_cat","embeddable":true,"href":"https:\/\/popcards.nl\/de\/wp-json\/wp\/v2\/product_cat?post=45590"},{"taxonomy":"product_tag","embeddable":true,"href":"https:\/\/popcards.nl\/de\/wp-json\/wp\/v2\/product_tag?post=45590"}],"curies":[{"name":"wp","href":"https:\/\/api.w.org\/{rel}","templated":true}]}}