{"id":46029,"date":"2022-09-17T14:33:45","date_gmt":"2022-09-17T12:33:45","guid":{"rendered":"https:\/\/popcards.nl\/?post_type=product&#038;p=46029"},"modified":"2026-05-11T17:37:43","modified_gmt":"2026-05-11T15:37:43","slug":"pink-sakura-kirschbluten-blumen-pop-up-karte","status":"publish","type":"product","link":"https:\/\/popcards.nl\/de\/product\/roze-sakura-kersenbloesem-bloemen-pop-up-kaart\/","title":{"rendered":"Gro\u00dfe rosa Sakura-Kirschbl\u00fcten-Pop-Up-Karte"},"content":{"rendered":"<p><span style=\"font-weight: 400;\">Diese traumhaft sch\u00f6ne und beeindruckende Sakura-Kirschbl\u00fcten-Popcard ist neu in unserem Sortiment. Die Vorderseite zeigt eine romantische Illustration in sanften Rosat\u00f6nen. Und wenn Sie die Karte \u00f6ffnen, werden Sie von einem wundersch\u00f6nen Bl\u00fctenzweig voller bl\u00fchender Kirschbl\u00fcten \u00fcberrascht. Ganz besonders, dass eine so flache Karte so viel Bl\u00fcte enthalten kann. <\/span><span style=\"font-weight: 400;\">An dieser Karte ist eine separate Karte befestigt, auf der Sie Ihre Nachricht f\u00fcr den gl\u00fccklichen Empf\u00e4nger schreiben k\u00f6nnen. <\/span><span style=\"font-weight: 400;\">Die Sakura-Bl\u00fcten symbolisieren Gl\u00fcck, Liebe, Ende und vor allem einen Neuanfang. Da die Bl\u00fcten so kurz bl\u00fchen, stehen Kirschbl\u00fcten auch f\u00fcr den menschlichen Tod. Sie erinnern uns daran, wie kurz und kostbar das Leben ist.<\/span><\/p>\n<p><span style=\"font-weight: 400;\">Gro\u00dfes Kartenformat 30 \u00d7 20 cm, gefaltet auf 15 \u00d7 20 cm.<br \/>\n<\/span><span style=\"font-weight: 400;\">Inklusive passendem Umschlag. Verpackt in Zellophanbeutel.<\/span><\/p>","protected":false},"excerpt":{"rendered":"<p>Deze fantastisch mooie en indrukwekkende Sakura kersenbloesem Popcard is nieuw in ons assortiment. De voorkant toont een romantische illustratie in zacht-roze kleuren. En als je de kaart opent word je verrast door een prachtige bloesemtak boordevol bloeiende kersenbloesem. Heel bijzonder dat zo\u2019n platte kaart zoveel bloesem kan bevatten. Bijgevoegd bij deze kaart is een apart [&hellip;]<\/p>\n","protected":false},"featured_media":46028,"comment_status":"open","ping_status":"closed","template":"","meta":{"_iconic_wsb_product_page_order_bump_ids":[[]],"_sku":["8785253685038"],"_iconic_wsb_product_page_bump_modal_ids":[[]]},"product_brand":[],"product_cat":[47],"product_tag":[48],"class_list":{"0":"post-46029","1":"product","2":"type-product","3":"status-publish","4":"has-post-thumbnail","6":"product_cat-bloemen-bloemenkaarten-wenskaarten","7":"product_tag-bloemen","8":"pa_brand-popcards","10":"first","11":"instock","12":"taxable","13":"shipping-taxable","14":"purchasable","15":"product-type-simple"},"gallery_images":[69019],"_links":{"self":[{"href":"https:\/\/popcards.nl\/de\/wp-json\/wp\/v2\/product\/46029","targetHints":{"allow":["GET"]}}],"collection":[{"href":"https:\/\/popcards.nl\/de\/wp-json\/wp\/v2\/product"}],"about":[{"href":"https:\/\/popcards.nl\/de\/wp-json\/wp\/v2\/types\/product"}],"replies":[{"embeddable":true,"href":"https:\/\/popcards.nl\/de\/wp-json\/wp\/v2\/comments?post=46029"}],"wp:featuredmedia":[{"embeddable":true,"href":"https:\/\/popcards.nl\/de\/wp-json\/wp\/v2\/media\/46028"}],"wp:attachment":[{"href":"https:\/\/popcards.nl\/de\/wp-json\/wp\/v2\/media?parent=46029"}],"wp:term":[{"taxonomy":"product_brand","embeddable":true,"href":"https:\/\/popcards.nl\/de\/wp-json\/wp\/v2\/product_brand?post=46029"},{"taxonomy":"product_cat","embeddable":true,"href":"https:\/\/popcards.nl\/de\/wp-json\/wp\/v2\/product_cat?post=46029"},{"taxonomy":"product_tag","embeddable":true,"href":"https:\/\/popcards.nl\/de\/wp-json\/wp\/v2\/product_tag?post=46029"}],"curies":[{"name":"wp","href":"https:\/\/api.w.org\/{rel}","templated":true}]}}