{"id":47373,"date":"2022-10-28T14:38:19","date_gmt":"2022-10-28T12:38:19","guid":{"rendered":"https:\/\/popcards.nl\/?post_type=product&#038;p=47373"},"modified":"2026-04-10T13:08:27","modified_gmt":"2026-04-10T11:08:27","slug":"white-arum-flower-card-flowers-pop-up-card","status":"publish","type":"product","link":"https:\/\/popcards.nl\/de\/product\/witte-aronskelk-bloemenkaart-bloemen-pop-up-kaart\/","title":{"rendered":"Wei\u00dfe Arum-Blumen-Karte | Calla Zantedeschia Forest Flowers Pop-up-Karte"},"content":{"rendered":"<p><span style=\"font-weight: 400;\">Der Wei\u00dfe Aronstab (<\/span><span style=\"font-weight: 400;\">Zantedeschia aethiopica<\/span><span style=\"font-weight: 400;\">), die ihre Bl\u00fcte zum Himmel zeigt, ist ein mittelalterliches Mariensymbol der Fr\u00f6mmigkeit. Der Name erinnert an den biblischen Namen Aaron, den Hohepriester, der einen bl\u00fchenden Stab trug. <\/span>Die wei\u00dfen Blumen<span style=\"font-weight: 400;\"> des Arum stehen f\u00fcr Reinheit und Reinheit. Deshalb werden die Blumen in unserem Land oft als Trostblumen bei einer Beerdigung verwendet. Aber auch f\u00fcr Unschuld, Liebe, Perfektion und Treue. In anderen L\u00e4ndern ist der Arum ein Symbol f\u00fcr das Herz der Ehe und reine Sch\u00f6nheit. Deshalb stellen sie den Aronstab oft in die Mitte des Brautstrau\u00dfes.<\/span><\/p>\n<p><b>Blumenkarte Wei\u00dfe Arums. <\/b><span style=\"font-weight: 400;\">Eine Vase mit mehr als 50 strahlend wei\u00dfen Aronst\u00e4ben entfaltet sich beim \u00d6ffnen dieser wundersch\u00f6nen Blumenkarte. Auf einem sch\u00f6n und attraktiv illustrierten Hintergrund. Auch auf der Vorderseite ist so ein sch\u00f6ner Blumenstrau\u00df. Dieser Strau\u00df wird separat gedruckt, lose per Laser geschnitten und auf die dunkelgr\u00fcne Vorderseite geklebt, was einen besonderen Samteffekt ergibt. Sag es mit Blumen! <a href=\"https:\/\/popcards.nl\/de\/kategorie\/blumen-gruskarten\/\">Popcards hat viele weitere Blumen-Popup-Karten.<\/a><\/span><\/p>\n<p><span style=\"font-weight: 400;\">Kartengr\u00f6\u00dfe 15 \u00d7 15 cm, gefaltet auf 15 \u00d7 15 cm.<br \/>\n<\/span><span style=\"font-weight: 400;\">Inklusive passendem Umschlag, verpackt in einem Zellophanbeutel.<\/span><\/p>","protected":false},"excerpt":{"rendered":"<p>De witte Aronskelk (Zantedeschia aethiopica), die zijn bloem omhoog naar de hemel richt, is een middeleeuws Maria symbool voor vroomheid. De naam doet denken aan de bijbelse naam A\u00e4ron, de hogepriester die een bloeiende staf droeg. De witte bloemen van de Aronskelk staan voor puurheid en zuiverheid. Daarom worden de bloemen in ons land vaak [&hellip;]<\/p>\n","protected":false},"featured_media":47367,"comment_status":"open","ping_status":"closed","template":"","meta":{"_iconic_wsb_product_page_order_bump_ids":[[]],"_sku":["8785253683966"],"_iconic_wsb_product_page_bump_modal_ids":[[]]},"product_brand":[],"product_cat":[47,78],"product_tag":[48,252],"class_list":{"0":"post-47373","1":"product","2":"type-product","3":"status-publish","4":"has-post-thumbnail","6":"product_cat-bloemen-bloemenkaarten-wenskaarten","7":"product_cat-beterschapskaarten-troostkaarten-condoleancekaarten","8":"product_tag-bloemen","9":"product_tag-troost","10":"pa_brand-popcards","12":"first","13":"instock","14":"taxable","15":"shipping-taxable","16":"purchasable","17":"product-type-simple"},"gallery_images":[77187],"_links":{"self":[{"href":"https:\/\/popcards.nl\/de\/wp-json\/wp\/v2\/product\/47373","targetHints":{"allow":["GET"]}}],"collection":[{"href":"https:\/\/popcards.nl\/de\/wp-json\/wp\/v2\/product"}],"about":[{"href":"https:\/\/popcards.nl\/de\/wp-json\/wp\/v2\/types\/product"}],"replies":[{"embeddable":true,"href":"https:\/\/popcards.nl\/de\/wp-json\/wp\/v2\/comments?post=47373"}],"wp:featuredmedia":[{"embeddable":true,"href":"https:\/\/popcards.nl\/de\/wp-json\/wp\/v2\/media\/47367"}],"wp:attachment":[{"href":"https:\/\/popcards.nl\/de\/wp-json\/wp\/v2\/media?parent=47373"}],"wp:term":[{"taxonomy":"product_brand","embeddable":true,"href":"https:\/\/popcards.nl\/de\/wp-json\/wp\/v2\/product_brand?post=47373"},{"taxonomy":"product_cat","embeddable":true,"href":"https:\/\/popcards.nl\/de\/wp-json\/wp\/v2\/product_cat?post=47373"},{"taxonomy":"product_tag","embeddable":true,"href":"https:\/\/popcards.nl\/de\/wp-json\/wp\/v2\/product_tag?post=47373"}],"curies":[{"name":"wp","href":"https:\/\/api.w.org\/{rel}","templated":true}]}}