{"id":53814,"date":"2023-03-19T12:39:40","date_gmt":"2023-03-19T11:39:40","guid":{"rendered":"https:\/\/popcards.nl\/?post_type=product&#038;p=53814"},"modified":"2026-04-08T22:16:59","modified_gmt":"2026-04-08T20:16:59","slug":"frohliche-ostern-osterhase-ostereier-pop-up-karte","status":"publish","type":"product","link":"https:\/\/popcards.nl\/de\/product\/vrolijk-pasen-paashaas-paaseieren-pop-up-kaart\/","title":{"rendered":"Frohe Ostern! S\u00fc\u00dfer Osterhase mit Korb-Ostereier-Popup-Karte"},"content":{"rendered":"<p>Frohe Ostern! Was f\u00fcr eine fr\u00f6hliche Osterkarte. Dieser schelmische Osterhase hat sein K\u00f6rbchen mit Blumen und nat\u00fcrlich mit sch\u00f6n verzierten Ostereiern gef\u00fcllt. Bereit, die Eier sp\u00e4ter sch\u00f6n zu verstecken. ;-)<\/p>\n<p>Beim \u00d6ffnen dieser raffiniert gemachten 3D-Karte springen der Osterhase und das K\u00f6rbchen automatisch auf. Sehr sch\u00f6n, diese Karte kurz vor den Feiertagen zu verschicken. Diese sch\u00f6ne Pop-up-Karte wird mit einer separaten Karte geliefert, auf der Sie Ihre Nachricht an den Empf\u00e4nger schreiben k\u00f6nnen.<\/p>\n<p><a href=\"https:\/\/popcards.nl\/de\/product\/vogelnest-ziervogel-popup-karte\/\">Wir haben noch eine sehr sch\u00f6ne Osterkarte, ein sch\u00f6nes Vogelnest mit Mutter und Jungtier.<\/a><\/p>\n<p>Kartengr\u00f6\u00dfe 30 \u00d7 20 cm, gefaltet auf 15 \u00d7 20 cm. Mit separater Karte f\u00fcr Ihren Text.<br \/>\nInklusive goldfarbenem Umschlag, verpackt in Cellophanbeutel.<\/p>","protected":false},"excerpt":{"rendered":"<p>Vrolijk Pasen! Wat een vrolijke Paaskaart. Deze guitige paashaas heeft z&#8217;n mandje gevuld met bloemen en natuurlijk met fraaie versierde paaseieren. Klaar om de eieren straks lekker goed te verstoppen. ;-) Bij het openen van deze knap gemaakte 3D-kaart springt de paashaas en het mandje vanzelf omhoog. Heel leuk om deze kaart te versturen vlak [&hellip;]<\/p>\n","protected":false},"featured_media":53812,"comment_status":"open","ping_status":"closed","template":"","meta":{"_iconic_wsb_product_page_order_bump_ids":[[]],"_sku":["8785253684383"],"_iconic_wsb_product_page_bump_modal_ids":[[]]},"product_brand":[],"product_cat":[21],"product_tag":[292],"class_list":{"0":"post-53814","1":"product","2":"type-product","3":"status-publish","4":"has-post-thumbnail","6":"product_cat-dieren-dierenkaarten-wenskaarten","7":"product_tag-pasen","9":"first","10":"instock","11":"taxable","12":"shipping-taxable","13":"purchasable","14":"product-type-simple"},"gallery_images":[70886],"_links":{"self":[{"href":"https:\/\/popcards.nl\/de\/wp-json\/wp\/v2\/product\/53814","targetHints":{"allow":["GET"]}}],"collection":[{"href":"https:\/\/popcards.nl\/de\/wp-json\/wp\/v2\/product"}],"about":[{"href":"https:\/\/popcards.nl\/de\/wp-json\/wp\/v2\/types\/product"}],"replies":[{"embeddable":true,"href":"https:\/\/popcards.nl\/de\/wp-json\/wp\/v2\/comments?post=53814"}],"wp:featuredmedia":[{"embeddable":true,"href":"https:\/\/popcards.nl\/de\/wp-json\/wp\/v2\/media\/53812"}],"wp:attachment":[{"href":"https:\/\/popcards.nl\/de\/wp-json\/wp\/v2\/media?parent=53814"}],"wp:term":[{"taxonomy":"product_brand","embeddable":true,"href":"https:\/\/popcards.nl\/de\/wp-json\/wp\/v2\/product_brand?post=53814"},{"taxonomy":"product_cat","embeddable":true,"href":"https:\/\/popcards.nl\/de\/wp-json\/wp\/v2\/product_cat?post=53814"},{"taxonomy":"product_tag","embeddable":true,"href":"https:\/\/popcards.nl\/de\/wp-json\/wp\/v2\/product_tag?post=53814"}],"curies":[{"name":"wp","href":"https:\/\/api.w.org\/{rel}","templated":true}]}}