{"id":54135,"date":"2023-03-26T22:58:30","date_gmt":"2023-03-26T20:58:30","guid":{"rendered":"https:\/\/popcards.nl\/?post_type=product&#038;p=54135"},"modified":"2026-04-26T08:35:20","modified_gmt":"2026-04-26T06:35:20","slug":"pinke-auto-herzen-luftballons-liebe-pop-up-karte","status":"publish","type":"product","link":"https:\/\/popcards.nl\/de\/product\/roze-auto-hartjes-ballonnen-love-pop-up-kaart\/","title":{"rendered":"Fr\u00f6hliches rosa Auto voller Herzen, Luftballons und Geschenke | Liebe Pop-up-Karte"},"content":{"rendered":"<p>Steigen Sie ein und lassen Sie sich von dieser fantastischen Pop-up-Karte mit einem rosa Auto voller Herzen, Luftballons und Geschenken \u00fcberraschen! Mit ihrem auff\u00e4lligen Nummernschild mit der Aufschrift \u201eLOVE\u201c ist diese gro\u00dfe Gru\u00dfkarte perfekt, um sie jemandem zu schenken, den Sie lieben.<\/p>\n<p>Diese Popup-Karte ist mehr als nur eine einfache Begr\u00fc\u00dfung; es ist ein Geschenk an sich. Wenn Sie die Karte \u00f6ffnen, erwacht das freundliche Auto mit einer Explosion aus bunten Luftballons und Geschenken zum Leben. Es ist eine festliche und fr\u00f6hliche Art, jemandem zu einem Geburtstag, Jubil\u00e4um, einer Hochzeit, Verlobung oder einem anderen besonderen Anlass zu gratulieren. Oder um Ihre eigene Heirat anzuk\u00fcndigen.<\/p>\n<p>Die Gru\u00dfkarte wird mit einer separaten Schreibkarte geliefert, auf der Sie Ihren pers\u00f6nlichen Text schreiben k\u00f6nnen. <a href=\"https:\/\/popcards.nl\/de\/kategorie\/liebeskarten-valentinstag\/\">Wir haben noch mehr liebevolle Pop-up-Karten.<\/a><\/p>\n<p>Kartengr\u00f6\u00dfe 30 \u00d7 20 cm, gefaltet auf 15 \u00d7 20 cm. Mit separater Karte f\u00fcr Ihren Text.<br \/>\nInklusive goldfarbenem Umschlag, verpackt in Cellophanbeutel.<\/p>","protected":false},"excerpt":{"rendered":"<p>Stap in en laat je verrassen door deze fantastische pop-up kaart met een roze auto vol hartjes, ballonnen en cadeaus! Met zijn opvallende nummerbord met daarop &#8220;LOVE&#8221; is deze grote wenskaart perfect om te geven aan iemand die je liefhebt. Deze pop-up kaart is meer dan alleen een simpele groet; het is een cadeau op [&hellip;]<\/p>\n","protected":false},"featured_media":53808,"comment_status":"open","ping_status":"closed","template":"","meta":{"_iconic_wsb_product_page_order_bump_ids":[[]],"_sku":["8785253684468"],"_iconic_wsb_product_page_bump_modal_ids":[[]]},"product_brand":[],"product_cat":[27,17],"product_tag":[110,56],"class_list":{"0":"post-54135","1":"product","2":"type-product","3":"status-publish","4":"has-post-thumbnail","6":"product_cat-liefde-liefdeskaarten-valentijnskaarten","7":"product_cat-voertuigen-schip-trein-vliegtuig-auto-fiets","8":"product_tag-auto","9":"product_tag-love","10":"pa_brand-popcards","12":"first","13":"instock","14":"taxable","15":"shipping-taxable","16":"purchasable","17":"product-type-simple"},"gallery_images":[53809,85954],"_links":{"self":[{"href":"https:\/\/popcards.nl\/de\/wp-json\/wp\/v2\/product\/54135","targetHints":{"allow":["GET"]}}],"collection":[{"href":"https:\/\/popcards.nl\/de\/wp-json\/wp\/v2\/product"}],"about":[{"href":"https:\/\/popcards.nl\/de\/wp-json\/wp\/v2\/types\/product"}],"replies":[{"embeddable":true,"href":"https:\/\/popcards.nl\/de\/wp-json\/wp\/v2\/comments?post=54135"}],"wp:featuredmedia":[{"embeddable":true,"href":"https:\/\/popcards.nl\/de\/wp-json\/wp\/v2\/media\/53808"}],"wp:attachment":[{"href":"https:\/\/popcards.nl\/de\/wp-json\/wp\/v2\/media?parent=54135"}],"wp:term":[{"taxonomy":"product_brand","embeddable":true,"href":"https:\/\/popcards.nl\/de\/wp-json\/wp\/v2\/product_brand?post=54135"},{"taxonomy":"product_cat","embeddable":true,"href":"https:\/\/popcards.nl\/de\/wp-json\/wp\/v2\/product_cat?post=54135"},{"taxonomy":"product_tag","embeddable":true,"href":"https:\/\/popcards.nl\/de\/wp-json\/wp\/v2\/product_tag?post=54135"}],"curies":[{"name":"wp","href":"https:\/\/api.w.org\/{rel}","templated":true}]}}