{"id":55087,"date":"2023-04-19T10:58:53","date_gmt":"2023-04-19T08:58:53","guid":{"rendered":"https:\/\/popcards.nl\/?post_type=product&#038;p=55087"},"modified":"2026-04-02T12:41:13","modified_gmt":"2026-04-02T10:41:13","slug":"reise-um-die-welt-urlaubs-pop-up-karte","status":"publish","type":"product","link":"https:\/\/popcards.nl\/de\/product\/reis-de-wereld-rond-vakantie-pop-up-kaart\/","title":{"rendered":"Die Welt bereisen | World Traveller Vacation Pop-up-Karte"},"content":{"rendered":"<p>Suchen Sie nach der perfekten Karte f\u00fcr einen reisenden Freund oder ein Familienmitglied? Wer freut sich nicht immer auf einen wundersch\u00f6nen n\u00e4chsten Urlaub? Vielleicht sind Sie selbst der gr\u00f6\u00dfte Weltreisende? Diese Weihnachts-Pop-up-Karte ist die ideale Gru\u00dfkarte f\u00fcr Reisebegeisterte, echte Weltenbummler. Mit einem einzigartigen Design, das ein Flugzeug, einen Koffer, einen Globus und eine Kamera kombiniert, ist diese Karte perfekt f\u00fcr diejenigen, die immer auf der Suche nach dem n\u00e4chsten Abenteuer sind.<\/p>\n<p>Diese handgefertigte Karte ist nicht nur sch\u00f6n anzusehen, sondern auch hochwertig und edel verarbeitet. Eine sch\u00f6ne bleibende Erinnerung an Ihre Reiseabenteuer oder die eines anderen. Kommst du in den Urlaub?!<\/p>\n<p>Diese Karte eignet sich f\u00fcr jeden Anlass. Ob Geburtstagswunsch, Dankesch\u00f6n oder Gl\u00fcckw\u00fcnsche, diese Karte zaubert dem Beschenkten garantiert ein L\u00e4cheln ins Gesicht. Schicken Sie Ihren Liebsten ein St\u00fcck Abenteuer!<\/p>\n<p>Kartengr\u00f6\u00dfe 30 \u00d7 15 cm, gefaltet auf 15 \u00d7 15 cm.<br \/>\nInklusive passendem Umschlag, verpackt in einem Zellophanbeutel.<\/p>","protected":false},"excerpt":{"rendered":"<p>Op zoek naar de perfecte kaart voor een reislustige vriend of familielid? Wie kijkt er niet altijd uit naar een heerlijke volgende vakantie? Misschien ben jij zelf wel de grootste wereldreiziger? Deze vakantie pop-up kaart is de ideale wenskaart voor reisliefhebbers, echte globetrotters. Met een uniek ontwerp dat een vliegtuig, koffer, wereldbol en camera combineert, [&hellip;]<\/p>\n","protected":false},"featured_media":54674,"comment_status":"open","ping_status":"closed","template":"","meta":{"_iconic_wsb_product_page_order_bump_ids":[[]],"_sku":["8945004309303"],"_iconic_wsb_product_page_bump_modal_ids":[[]]},"product_brand":[],"product_cat":[17,57],"product_tag":[257,133],"class_list":{"0":"post-55087","1":"product","2":"type-product","3":"status-publish","4":"has-post-thumbnail","6":"product_cat-voertuigen-schip-trein-vliegtuig-auto-fiets","7":"product_cat-uitnodigingen-uitnodigingskaarten-verjaardag-jubileum","8":"product_tag-verhuiskaart","9":"product_tag-vliegtuig","11":"first","12":"instock","13":"taxable","14":"shipping-taxable","15":"purchasable","16":"product-type-simple"},"gallery_images":[54673,71096],"_links":{"self":[{"href":"https:\/\/popcards.nl\/de\/wp-json\/wp\/v2\/product\/55087","targetHints":{"allow":["GET"]}}],"collection":[{"href":"https:\/\/popcards.nl\/de\/wp-json\/wp\/v2\/product"}],"about":[{"href":"https:\/\/popcards.nl\/de\/wp-json\/wp\/v2\/types\/product"}],"replies":[{"embeddable":true,"href":"https:\/\/popcards.nl\/de\/wp-json\/wp\/v2\/comments?post=55087"}],"wp:featuredmedia":[{"embeddable":true,"href":"https:\/\/popcards.nl\/de\/wp-json\/wp\/v2\/media\/54674"}],"wp:attachment":[{"href":"https:\/\/popcards.nl\/de\/wp-json\/wp\/v2\/media?parent=55087"}],"wp:term":[{"taxonomy":"product_brand","embeddable":true,"href":"https:\/\/popcards.nl\/de\/wp-json\/wp\/v2\/product_brand?post=55087"},{"taxonomy":"product_cat","embeddable":true,"href":"https:\/\/popcards.nl\/de\/wp-json\/wp\/v2\/product_cat?post=55087"},{"taxonomy":"product_tag","embeddable":true,"href":"https:\/\/popcards.nl\/de\/wp-json\/wp\/v2\/product_tag?post=55087"}],"curies":[{"name":"wp","href":"https:\/\/api.w.org\/{rel}","templated":true}]}}