{"id":55153,"date":"2023-04-20T15:03:24","date_gmt":"2023-04-20T13:03:24","guid":{"rendered":"https:\/\/popcards.nl\/?post_type=product&#038;p=55153"},"modified":"2025-10-13T10:10:36","modified_gmt":"2025-10-13T08:10:36","slug":"rote-lilien-in-korb-blumen-popup-karte","status":"publish","type":"product","link":"https:\/\/popcards.nl\/de\/product\/rode-lelies-in-mandje-bloemen-pop-up-kaart\/","title":{"rendered":"Rote Lilien im Blumenkorb Pop-up-Gru\u00dfkarte"},"content":{"rendered":"<p>Eine nette Art, jemanden zu \u00fcberraschen! Diese sch\u00f6ne Pop-up-Karte mit einem gro\u00dfen Strau\u00df roter Lilien in einem Korb ist das Geschenk, das Sie suchen.<\/p>\n<p>Beim \u00d6ffnen der Gru\u00dfkarte springen die Lilien sofort in voller Pracht auf. Es ist wirklich ein wundersch\u00f6ner Anblick, diese wundersch\u00f6nen Blumen in voller Bl\u00fcte zu sehen. Auch das K\u00f6rbchen, in dem die Blumen platziert sind, wurde detailliert ausgearbeitet, sodass es aussieht, als k\u00f6nnte man die Blumen anfassen.<\/p>\n<p>Es ist der perfekte Weg, um jemanden zu \u00fcberraschen und seine Gef\u00fchle auszudr\u00fccken. Ob zum Geburtstag, zur Hochzeit, zum Muttertag oder einfach so, diese Karte wird mit gro\u00dfer Freude empfangen. Ein \u00fcberraschtes L\u00e4cheln beim Beschenkten ist garantiert!<\/p>\n<p>Auf der Innenseite k\u00f6nnen Sie eine pers\u00f6nliche Nachricht schreiben. Schreiben Sie Ihr Herz heraus und machen Sie diese Karte f\u00fcr den Empf\u00e4nger noch spezieller. Es ist der perfekte Weg, um jemanden zu \u00fcberraschen und ihn wissen zu lassen, wie sehr Sie sich interessieren.<\/p>\n<p><a href=\"https:\/\/popcards.nl\/de\/kategorie\/blumen-gruskarten\/\">Popcards hat noch mehr Blumen-Popup-Karten.<\/a><\/p>\n<p>Kartengr\u00f6\u00dfe 30 x 15 cm, gefaltet auf 15 x 15 cm.<br \/>\nInklusive passendem Umschlag, verpackt in einem Zellophanbeutel.<\/p>","protected":false},"excerpt":{"rendered":"<p>Een leuke manier om iemand te verrassen! Deze prachtige pop-up kaart met daarop een grote bos rode lelies in een mandje is h\u00e9t cadeau dat je zoekt. Wanneer je de wenskaart opent, springen de lelies direct omhoog in volle glorie. Het is werkelijk een schitterend gezicht om te zien hoe deze prachtige bloemen in volle [&hellip;]<\/p>\n","protected":false},"featured_media":54943,"comment_status":"open","ping_status":"closed","template":"","meta":{"_iconic_wsb_product_page_order_bump_ids":[[]],"_sku":["8785253685137"],"_iconic_wsb_product_page_bump_modal_ids":[[]]},"product_brand":[],"product_cat":[47,78],"product_tag":[48],"class_list":{"0":"post-55153","1":"product","2":"type-product","3":"status-publish","4":"has-post-thumbnail","6":"product_cat-bloemen-bloemenkaarten-wenskaarten","7":"product_cat-beterschapskaarten-troostkaarten-condoleancekaarten","8":"product_tag-bloemen","9":"pa_brand-popcards","11":"first","12":"outofstock","13":"taxable","14":"shipping-taxable","15":"purchasable","16":"product-type-simple"},"gallery_images":[70223],"_links":{"self":[{"href":"https:\/\/popcards.nl\/de\/wp-json\/wp\/v2\/product\/55153","targetHints":{"allow":["GET"]}}],"collection":[{"href":"https:\/\/popcards.nl\/de\/wp-json\/wp\/v2\/product"}],"about":[{"href":"https:\/\/popcards.nl\/de\/wp-json\/wp\/v2\/types\/product"}],"replies":[{"embeddable":true,"href":"https:\/\/popcards.nl\/de\/wp-json\/wp\/v2\/comments?post=55153"}],"wp:featuredmedia":[{"embeddable":true,"href":"https:\/\/popcards.nl\/de\/wp-json\/wp\/v2\/media\/54943"}],"wp:attachment":[{"href":"https:\/\/popcards.nl\/de\/wp-json\/wp\/v2\/media?parent=55153"}],"wp:term":[{"taxonomy":"product_brand","embeddable":true,"href":"https:\/\/popcards.nl\/de\/wp-json\/wp\/v2\/product_brand?post=55153"},{"taxonomy":"product_cat","embeddable":true,"href":"https:\/\/popcards.nl\/de\/wp-json\/wp\/v2\/product_cat?post=55153"},{"taxonomy":"product_tag","embeddable":true,"href":"https:\/\/popcards.nl\/de\/wp-json\/wp\/v2\/product_tag?post=55153"}],"curies":[{"name":"wp","href":"https:\/\/api.w.org\/{rel}","templated":true}]}}