{"id":55155,"date":"2023-04-20T15:20:23","date_gmt":"2023-04-20T13:20:23","guid":{"rendered":"https:\/\/popcards.nl\/?post_type=product&#038;p=55155"},"modified":"2026-01-22T20:22:04","modified_gmt":"2026-01-22T19:22:04","slug":"grose-schicke-weihnachtskarte-weihnachtsbaum-pop-up-karte","status":"publish","type":"product","link":"https:\/\/popcards.nl\/de\/product\/grote-chique-kerstkaart-kerstboom-pop-up-kaart\/","title":{"rendered":"Gro\u00dfe schicke goldfarbene Weihnachtskarte mit Pop-up-Weihnachtsbaum in einer Winterlandschaft"},"content":{"rendered":"<p>Machen Sie Ihre Weihnachtsw\u00fcnsche dieses Jahr mit dieser wundersch\u00f6nen Pop-up-Weihnachtskarte zu etwas ganz Besonderem! Diese Gru\u00dfkarte hat eine sch\u00f6ne gl\u00e4nzende goldfarbene Vorderseite. Wenn der Empf\u00e4nger die Karte \u00f6ffnet, erwacht der Weihnachtsbaum in einem wundersch\u00f6nen 3D-Pop-up zum Leben. Es ist ein magischer Moment, der Sie beeindrucken wird. Der blau geschm\u00fcckte Weihnachtsbaum und gem\u00fctlich beleuchtete H\u00e4user im Hintergrund sorgen f\u00fcr eine stimmungsvolle Winterstimmung.<\/p>\n<p>Diese Pop-Up-Weihnachtskarte ist nicht nur sch\u00f6n anzusehen, sondern auch hochwertig. Jede Karte wird von Hand zusammengesetzt, um sicherzustellen, dass jedes Detail perfekt ist. Es ist der ideale Weg, um Ihre Freunde, Familie und Lieben wissen zu lassen, dass Sie w\u00e4hrend der Weihnachtszeit an sie denken.<\/p>\n<p><a href=\"https:\/\/popcards.nl\/de\/kategorie\/die-10-schonsten-weihnachtskarten\/\">Popcards.nl hat noch viele weitere sch\u00f6ne Weihnachtskarten.<\/a><\/p>\n<p>Kartengr\u00f6\u00dfe 30 \u00d7 20 cm, gefaltet auf 15 \u00d7 20 cm.<br \/>\nInklusive goldfarbenem Umschlag, verpackt in Cellophanbeutel.<\/p>","protected":false},"excerpt":{"rendered":"<p>Maak je kerstwensen dit jaar extra bijzonder met deze schitterende pop-up kerstkaart! Deze wenskaart heeft een prachtige glanzende goudkleurige voorzijde. Wanneer de ontvanger de kaart opent, komt de kerstboom tot leven in een prachtige 3D pop-up. Het is een magisch moment dat zeker indruk zal maken. De blauwe versierde kerstboom en gezellig verlichte huisjes op [&hellip;]<\/p>\n","protected":false},"featured_media":54939,"comment_status":"open","ping_status":"closed","template":"","meta":{"_iconic_wsb_product_page_order_bump_ids":[[]],"_sku":["8785253683188"],"_iconic_wsb_product_page_bump_modal_ids":[[]]},"product_brand":[],"product_cat":[79],"product_tag":[131],"class_list":{"0":"post-55155","1":"product","2":"type-product","3":"status-publish","4":"has-post-thumbnail","6":"product_cat-de-top-10-mooiste-kerstkaarten","7":"product_tag-kerst","9":"first","10":"instock","11":"taxable","12":"shipping-taxable","13":"purchasable","14":"product-type-simple"},"gallery_images":[76187],"_links":{"self":[{"href":"https:\/\/popcards.nl\/de\/wp-json\/wp\/v2\/product\/55155","targetHints":{"allow":["GET"]}}],"collection":[{"href":"https:\/\/popcards.nl\/de\/wp-json\/wp\/v2\/product"}],"about":[{"href":"https:\/\/popcards.nl\/de\/wp-json\/wp\/v2\/types\/product"}],"replies":[{"embeddable":true,"href":"https:\/\/popcards.nl\/de\/wp-json\/wp\/v2\/comments?post=55155"}],"wp:featuredmedia":[{"embeddable":true,"href":"https:\/\/popcards.nl\/de\/wp-json\/wp\/v2\/media\/54939"}],"wp:attachment":[{"href":"https:\/\/popcards.nl\/de\/wp-json\/wp\/v2\/media?parent=55155"}],"wp:term":[{"taxonomy":"product_brand","embeddable":true,"href":"https:\/\/popcards.nl\/de\/wp-json\/wp\/v2\/product_brand?post=55155"},{"taxonomy":"product_cat","embeddable":true,"href":"https:\/\/popcards.nl\/de\/wp-json\/wp\/v2\/product_cat?post=55155"},{"taxonomy":"product_tag","embeddable":true,"href":"https:\/\/popcards.nl\/de\/wp-json\/wp\/v2\/product_tag?post=55155"}],"curies":[{"name":"wp","href":"https:\/\/api.w.org\/{rel}","templated":true}]}}