{"id":57529,"date":"2023-06-12T17:57:43","date_gmt":"2023-06-12T15:57:43","guid":{"rendered":"https:\/\/popcards.nl\/?post_type=product&#038;p=57529"},"modified":"2025-12-24T18:27:25","modified_gmt":"2025-12-24T17:27:25","slug":"frohe-3d-weihnachtskarte-frohe-weihnachtsgeschenke","status":"publish","type":"product","link":"https:\/\/popcards.nl\/de\/product\/vrolijke-3d-kerstkaart-merry-christmas-cadeautjes\/","title":{"rendered":"Frohe Weihnachten 3D-Karte Frohe Weihnachten mit Geschenken"},"content":{"rendered":"<p>Was f\u00fcr eine \u00dcberraschung, diese gro\u00dfe bunte Pop-up-Karte mit einem guten Weihnachtswunsch. Wenn Sie die Karte \u00f6ffnen, erscheint der Text \u201eFrohe Weihnachten\u201c in sch\u00f6nen Buchstaben, umgeben von Geschenken, einem Rentier und dem Weihnachtsmann. Auch der Hintergrund sorgt mit wundersch\u00f6nen Illustrationen f\u00fcr eine stimmungsvolle Weihnachtsstimmung. Zu der Popcard geh\u00f6rt eine separate passende Karte, auf die Sie Ihre pers\u00f6nliche Weihnachtsbotschaft schreiben k\u00f6nnen. Au\u00dferdem steht auf der Vorderseite der Wunsch \u201eFrohe Weihnachten\u201c auf gr\u00fcnem Hintergrund.<\/p>\n<p><a href=\"https:\/\/popcards.nl\/de\/kategorie\/die-10-schonsten-weihnachtskarten\/\">Popcards hat viele weitere sch\u00f6ne und lustige Pop-up-Weihnachtskarten.<\/a><\/p>\n<p>Gro\u00dfes Kartenformat 30 x 20 cm, gefaltet auf 15 x 20 cm.<br \/>\nInklusive passendem Umschlag, verpackt in einem Zellophanbeutel.<\/p>","protected":false},"excerpt":{"rendered":"<p>Wat een verrassing, deze grote kleurrijke pop-up kaart met goede kerstwens. Als je de kaart opent komt er in prachtige letters de tekst &#8220;Merry Christmas&#8221; omhoog, omringd door cadeautjes, een rendier en kerstman. Ook de ondergrond is in sfeervolle kerstsfeer met mooie illustraties. De Popcard heeft een los bijpassend kaartje waarop je je persoonlijke kerstboodschap [&hellip;]<\/p>\n","protected":false},"featured_media":57392,"comment_status":"open","ping_status":"closed","template":"","meta":{"_iconic_wsb_product_page_order_bump_ids":[[]],"_sku":["8785253683782"],"_iconic_wsb_product_page_bump_modal_ids":[[]]},"product_brand":[],"product_cat":[79],"product_tag":[131],"class_list":{"0":"post-57529","1":"product","2":"type-product","3":"status-publish","4":"has-post-thumbnail","6":"product_cat-de-top-10-mooiste-kerstkaarten","7":"product_tag-kerst","9":"first","10":"instock","11":"taxable","12":"shipping-taxable","13":"purchasable","14":"product-type-simple"},"gallery_images":[76012],"_links":{"self":[{"href":"https:\/\/popcards.nl\/de\/wp-json\/wp\/v2\/product\/57529","targetHints":{"allow":["GET"]}}],"collection":[{"href":"https:\/\/popcards.nl\/de\/wp-json\/wp\/v2\/product"}],"about":[{"href":"https:\/\/popcards.nl\/de\/wp-json\/wp\/v2\/types\/product"}],"replies":[{"embeddable":true,"href":"https:\/\/popcards.nl\/de\/wp-json\/wp\/v2\/comments?post=57529"}],"wp:featuredmedia":[{"embeddable":true,"href":"https:\/\/popcards.nl\/de\/wp-json\/wp\/v2\/media\/57392"}],"wp:attachment":[{"href":"https:\/\/popcards.nl\/de\/wp-json\/wp\/v2\/media?parent=57529"}],"wp:term":[{"taxonomy":"product_brand","embeddable":true,"href":"https:\/\/popcards.nl\/de\/wp-json\/wp\/v2\/product_brand?post=57529"},{"taxonomy":"product_cat","embeddable":true,"href":"https:\/\/popcards.nl\/de\/wp-json\/wp\/v2\/product_cat?post=57529"},{"taxonomy":"product_tag","embeddable":true,"href":"https:\/\/popcards.nl\/de\/wp-json\/wp\/v2\/product_tag?post=57529"}],"curies":[{"name":"wp","href":"https:\/\/api.w.org\/{rel}","templated":true}]}}