{"id":57556,"date":"2023-06-12T21:02:10","date_gmt":"2023-06-12T19:02:10","guid":{"rendered":"https:\/\/popcards.nl\/?post_type=product&#038;p=57556"},"modified":"2026-03-31T07:33:41","modified_gmt":"2026-03-31T05:33:41","slug":"weihnachtskarte-volkswagen-bus-frohliche-feiertage","status":"publish","type":"product","link":"https:\/\/popcards.nl\/de\/product\/kerstkaart-volkswagen-bus-vrolijke-feestdagen\/","title":{"rendered":"3D-Pop-Up-Weihnachtskarte Volkswagen Bus mit \u201eFrohe Feiertage\u201c"},"content":{"rendered":"<p>Ja, auch der Weihnachtsmann geht mit der Zeit. Dieser Weihnachtsmann hat seinen Pferdeschlitten gegen einen komfortablen Transporter eingetauscht. Ein klassischer Volkswagen-Bus! Damit ist es schwierig, den Schornstein zu erreichen, also klingelt er einfach an der Haust\u00fcr. Diese Weihnachtskarte hat einen niederl\u00e4ndischen Gru\u00dftext: \u201eFrohe Feiertage\u201c. Die Vorderseite ist in einem stimmungsvollen, matten Dunkelgr\u00fcn gehalten, mit einem locker ausgeschnittenen, gl\u00e4nzenden Volkswagen-Weihnachtsbus. Das gibt einen sch\u00f6nen Effekt.<\/p>\n<p><a href=\"https:\/\/popcards.nl\/de\/kategorie\/die-10-schonsten-weihnachtskarten\/\">Popcards hat viele weitere sch\u00f6ne und lustige Pop-up-Weihnachtskarten.<\/a><\/p>\n<p>Kartengr\u00f6\u00dfe 24 \u00d7 17 cm, gefaltet auf 12 \u00d7 17 cm.<br \/>\nInklusive passendem Umschlag, verpackt in einem Zellophanbeutel.<\/p>","protected":false},"excerpt":{"rendered":"<p>Ja, ook de Kerstman gaat met zijn tijd mee. Deze kerstman heeft zijn arrenslee ingeruild voor een comfortabele bestelbus. Een klassieke Volkswagen bus! Wel lastig om daarmee de schoorsteen te bereiken, dus belt hij gewoon aan bij de voordeur. Deze kerstkaart heeft een Nederlandse wenstekst: \u201dVrolijke Feestdagen\u201d. De voorkant is stemmig mat donkergroen met opgeplakt [&hellip;]<\/p>\n","protected":false},"featured_media":57389,"comment_status":"open","ping_status":"closed","template":"","meta":{"_iconic_wsb_product_page_order_bump_ids":[[]],"_sku":["8785253683775"],"_iconic_wsb_product_page_bump_modal_ids":[[]]},"product_brand":[],"product_cat":[79],"product_tag":[131],"class_list":{"0":"post-57556","1":"product","2":"type-product","3":"status-publish","4":"has-post-thumbnail","6":"product_cat-de-top-10-mooiste-kerstkaarten","7":"product_tag-kerst","9":"first","10":"instock","11":"taxable","12":"shipping-taxable","13":"purchasable","14":"product-type-simple"},"gallery_images":[57390,75995],"_links":{"self":[{"href":"https:\/\/popcards.nl\/de\/wp-json\/wp\/v2\/product\/57556","targetHints":{"allow":["GET"]}}],"collection":[{"href":"https:\/\/popcards.nl\/de\/wp-json\/wp\/v2\/product"}],"about":[{"href":"https:\/\/popcards.nl\/de\/wp-json\/wp\/v2\/types\/product"}],"replies":[{"embeddable":true,"href":"https:\/\/popcards.nl\/de\/wp-json\/wp\/v2\/comments?post=57556"}],"wp:featuredmedia":[{"embeddable":true,"href":"https:\/\/popcards.nl\/de\/wp-json\/wp\/v2\/media\/57389"}],"wp:attachment":[{"href":"https:\/\/popcards.nl\/de\/wp-json\/wp\/v2\/media?parent=57556"}],"wp:term":[{"taxonomy":"product_brand","embeddable":true,"href":"https:\/\/popcards.nl\/de\/wp-json\/wp\/v2\/product_brand?post=57556"},{"taxonomy":"product_cat","embeddable":true,"href":"https:\/\/popcards.nl\/de\/wp-json\/wp\/v2\/product_cat?post=57556"},{"taxonomy":"product_tag","embeddable":true,"href":"https:\/\/popcards.nl\/de\/wp-json\/wp\/v2\/product_tag?post=57556"}],"curies":[{"name":"wp","href":"https:\/\/api.w.org\/{rel}","templated":true}]}}